{"id":44,"date":"2025-10-27T19:09:37","date_gmt":"2025-10-27T18:09:37","guid":{"rendered":"https:\/\/relaunch.norbert.de\/?page_id=44"},"modified":"2025-10-28T14:33:37","modified_gmt":"2025-10-28T13:33:37","slug":"videos","status":"publish","type":"page","link":"https:\/\/www.norbert.de\/index.php\/videos\/","title":{"rendered":"Videos"},"content":{"rendered":"\n<div class=\"wp-block-columns is-layout-flex wp-container-core-columns-is-layout-9d6595d7 wp-block-columns-is-layout-flex\">\n<div class=\"wp-block-column is-layout-flow wp-block-column-is-layout-flow\" style=\"flex-basis:66.66%\">\n<h2 class=\"wp-block-heading\">Obama spricht Karlsruher Dialekt<\/h2>\n\n\n\n<p>Obama spricht einwandfrei Deutsch. Echt. Un schw\u00e4tzt voll Karlsruher Dialekt!<\/p>\n\n\n\n<figure class=\"wp-block-embed is-provider-youtube wp-block-embed-youtube\"><div class=\"wp-block-embed__wrapper\">\n<iframe loading=\"lazy\" title=\"Obama Rede auf badisch\" width=\"720\" height=\"405\" src=\"https:\/\/www.youtube.com\/embed\/JKoFRRjLOEU?feature=oembed\" frameborder=\"0\" allow=\"accelerometer; autoplay; clipboard-write; encrypted-media; gyroscope; picture-in-picture; web-share\" referrerpolicy=\"strict-origin-when-cross-origin\" allowfullscreen><\/iframe>\n<\/div><figcaption class=\"wp-element-caption\">Obama schw\u00e4tzt karlsruher Dialekt!<\/figcaption><\/figure>\n\n\n\n<h2 class=\"wp-block-heading\">Kokosnuss \u00f6ffnen<\/h2>\n\n\n\n<p>Was passiert, wenn ein Kollege im Fernsehen sieht, wie jemand eine Kokosnuss mit der Faust zerschl\u00e4gt \u2013 und dann behauptet, das sei unm\u00f6glich?<br>Na klar: Wir gehen raus und machen\u2019s einfach.<\/p>\n\n\n\n<p>Ehrlich gesagt wusste ich, dass es geht \u2013 ich hatte das schon ein paar Wochen vorher ausprobiert.<br>Das erste Video zeigt diesen Versuch, die beiden anderen sind Wiederholungen, gefilmt bei der Arbeit.<\/p>\n\n\n\n<figure class=\"wp-block-embed is-type-video is-provider-youtube wp-block-embed-youtube wp-embed-aspect-4-3 wp-has-aspect-ratio\"><div class=\"wp-block-embed__wrapper\">\n<iframe loading=\"lazy\" title=\"Wie bekommt man eine Kokosnuss auf\" width=\"720\" height=\"540\" src=\"https:\/\/www.youtube.com\/embed\/ezHb6o2GANk?feature=oembed\" frameborder=\"0\" allow=\"accelerometer; autoplay; clipboard-write; encrypted-media; gyroscope; picture-in-picture; web-share\" referrerpolicy=\"strict-origin-when-cross-origin\" allowfullscreen><\/iframe>\n<\/div><figcaption class=\"wp-element-caption\">Der erste Versuch. Miese Qualit\u00e4t: mit einer 2008er Handykamera gefilmt<\/figcaption><\/figure>\n\n\n\n<p>Diesmal haben wir das Ganze mit einer echten HD-Kamera gefilmt.<br>Nachdem beim ersten Video Kommentare kamen wie <em>\u201eFake! Die Nuss war vorher kaputt! Da war gar keine Milch drin!\u201c<\/em>, habe ich sie diesmal nat\u00fcrlich <strong>drin gelassen<\/strong>.<\/p>\n\n\n\n<p>Keine gute Idee \u2013 das war eine Riesensauerei! \ud83d\ude04<\/p>\n\n\n\n<figure class=\"wp-block-embed is-type-video is-provider-youtube wp-block-embed-youtube wp-embed-aspect-16-9 wp-has-aspect-ratio\"><div class=\"wp-block-embed__wrapper\">\n<iframe loading=\"lazy\" title=\"Wie bekommt man eine Kokosnuss auf (2)\" width=\"720\" height=\"405\" src=\"https:\/\/www.youtube.com\/embed\/07swtC-xNXQ?feature=oembed\" frameborder=\"0\" allow=\"accelerometer; autoplay; clipboard-write; encrypted-media; gyroscope; picture-in-picture; web-share\" referrerpolicy=\"strict-origin-when-cross-origin\" allowfullscreen><\/iframe>\n<\/div><figcaption class=\"wp-element-caption\">Der 2. Versuch: Diesmal mit guter HD Kamera<\/figcaption><\/figure>\n\n\n\n<p>Zum Schluss kam ein Kollege und meinte, er habe geh\u00f6rt, was ich angeblich gemacht h\u00e4tte.<br>Er glaubt das aber nicht \u2013 es sei denn, er sieht es mit eigenen Augen.<\/p>\n\n\n\n<p>Also: nochmal raus, nochmal machen.<br>Diesmal habe ich aber <strong>vorher die Milch entfernt<\/strong> \u2026 \ud83d\ude04<\/p>\n\n\n\n<figure class=\"wp-block-embed is-type-video is-provider-youtube wp-block-embed-youtube wp-embed-aspect-16-9 wp-has-aspect-ratio\"><div class=\"wp-block-embed__wrapper\">\n<iframe loading=\"lazy\" title=\"Wie bekommt man eine Kokosnuss auf (3)\" width=\"720\" height=\"405\" src=\"https:\/\/www.youtube.com\/embed\/F3LSyg1VNsI?feature=oembed\" frameborder=\"0\" allow=\"accelerometer; autoplay; clipboard-write; encrypted-media; gyroscope; picture-in-picture; web-share\" referrerpolicy=\"strict-origin-when-cross-origin\" allowfullscreen><\/iframe>\n<\/div><figcaption class=\"wp-element-caption\">Der 3. Versuch &#8211; ohne Milch<\/figcaption><\/figure>\n<\/div>\n\n\n\n<div class=\"wp-block-column is-layout-flow wp-block-column-is-layout-flow\" style=\"flex-basis:33.33%\">\n<h2 class=\"wp-block-heading\">Mehr so Quatsch<\/h2>\n\n\n\n<p>Mittlerweile gibt\u2019s auf meinem <a href=\"https:\/\/www.youtube.com\/user\/nschlia\">YouTube-Kanal<\/a> noch eine ganze Menge mehr von diesem Unsinn \u2013 schaut\u2019s euch ruhig mal an.<\/p>\n\n\n\n<p>Zum Beispiel zeige ich dort, <strong>wie man eine Kokosnuss vorschriftsm\u00e4\u00dfig aufbekommt.<\/strong><br>Ja, wirklich mit der Faust.<\/p>\n\n\n\n<p><strong>Wichtiger Hinweis:<\/strong><br><em>Kinder, bitte nicht nachmachen!<br>Der Schwager eines Kollegen meiner Frau hat\u2019s versucht \u2013 mit dem Ergebnis: gebrochene Hand.<br>Ein anderer, sogar mit Karate-G\u00fcrtel, hat sich immerhin noch die Hand verstaucht.<br>Sieht leicht aus, ist aber ohne \u00dcbung wirklich keine gute Idee.<br>Nicht, dass nachher jemand sagt, ich h\u00e4tte nicht gewarnt!<\/em><\/p>\n\n\n\n<p>Eines meiner Highlights ist au\u00dferdem <strong>die Abschiedsrede von Pr\u00e4sident Obama<\/strong>, von mir liebevoll (und etwas respektlos) auf Karlsruher Dialekt synchronisiert.<\/p>\n\n\n\n<p>Und nat\u00fcrlich gibt\u2019s noch ein <strong>Tribute f\u00fcr Lemmy Kilmister<\/strong> \u2013 oder ein Death-Metal-Cover \u00e0 la Six Feet Under von AC\/DCs \u201eTNT\u201c.<\/p>\n\n\n\n<p>Auf <a href=\"https:\/\/www.youtube.com\/user\/nschlia\">meinem Kanal<\/a> gibt\u2019s noch mehr solcher Experimente, teilweise auch ohne Video, aber mit Musik \u2013 zum Beispiel Songs von Madonna oder Helene Fischer, einmal kr\u00e4ftig durch den Death-Metal-Wurster gedreht.<\/p>\n\n\n\n<p>Viel Spa\u00df beim Anh\u00f6ren, Zuschauen \u2013 und Kopfsch\u00fctteln.\ud83d\ude09<\/p>\n<\/div>\n<\/div>\n\n\n\n<p><\/p>\n","protected":false},"excerpt":{"rendered":"<p>Obama spricht Karlsruher Dialekt Obama spricht einwandfrei Deutsch. Echt. Un schw\u00e4tzt voll Karlsruher Dialekt! Kokosnuss \u00f6ffnen Was passiert, wenn ein Kollege im Fernsehen sieht, wie jemand eine Kokosnuss mit der Faust zerschl\u00e4gt \u2013 und dann behauptet, das sei unm\u00f6glich?Na klar: Wir gehen raus und machen\u2019s einfach. Ehrlich gesagt wusste ich, dass es geht \u2013 ich&#8230;<\/p>\n","protected":false},"author":1,"featured_media":0,"parent":0,"menu_order":20,"comment_status":"closed","ping_status":"closed","template":"","meta":{"_kad_post_transparent":"","_kad_post_title":"","_kad_post_layout":"","_kad_post_sidebar_id":"","_kad_post_content_style":"","_kad_post_vertical_padding":"","_kad_post_feature":"","_kad_post_feature_position":"","_kad_post_header":false,"_kad_post_footer":false,"_kad_post_classname":"","footnotes":""},"class_list":["post-44","page","type-page","status-publish","hentry"],"yoast_head":"<!-- This site is optimized with the Yoast SEO plugin v26.4 - https:\/\/yoast.com\/wordpress\/plugins\/seo\/ -->\n<title>Mehr so Quatsch \u2013 Videos und Musik auf Norberts YouTube-Kanal<\/title>\n<meta name=\"description\" content=\"Auf Norberts YouTube-Kanal gibt\u2019s jede Menge schr\u00e4gen Humor: Kokosnuss-Zerschlagung, Obama im Karlsruher Dialekt, Lemmy-Tribute und Death-Metal-Covers. Einfach reinklicken und lachen!\" \/>\n<meta name=\"robots\" content=\"index, follow, max-snippet:-1, max-image-preview:large, max-video-preview:-1\" \/>\n<link rel=\"canonical\" href=\"https:\/\/www.norbert.de\/index.php\/videos\/\" \/>\n<meta property=\"og:locale\" content=\"de_DE\" \/>\n<meta property=\"og:type\" content=\"article\" \/>\n<meta property=\"og:title\" content=\"Mehr so Quatsch \u2013 Videos und Musik auf Norberts YouTube-Kanal\" \/>\n<meta property=\"og:description\" content=\"Auf Norberts YouTube-Kanal gibt\u2019s jede Menge schr\u00e4gen Humor: Kokosnuss-Zerschlagung, Obama im Karlsruher Dialekt, Lemmy-Tribute und Death-Metal-Covers. Einfach reinklicken und lachen!\" \/>\n<meta property=\"og:url\" content=\"https:\/\/www.norbert.de\/index.php\/videos\/\" \/>\n<meta property=\"og:site_name\" content=\"Norberts Heimat-Bl\u00e4tter\" \/>\n<meta property=\"article:publisher\" content=\"https:\/\/www.facebook.com\/norbert.schlia\" \/>\n<meta property=\"article:modified_time\" content=\"2025-10-28T13:33:37+00:00\" \/>\n<meta name=\"twitter:card\" content=\"summary_large_image\" \/>\n<meta name=\"twitter:label1\" content=\"Gesch\u00e4tzte Lesezeit\" \/>\n\t<meta name=\"twitter:data1\" content=\"3\u00a0Minuten\" \/>\n<script type=\"application\/ld+json\" class=\"yoast-schema-graph\">{\"@context\":\"https:\/\/schema.org\",\"@graph\":[{\"@type\":\"WebPage\",\"@id\":\"https:\/\/www.norbert.de\/index.php\/videos\/\",\"url\":\"https:\/\/www.norbert.de\/index.php\/videos\/\",\"name\":\"Mehr so Quatsch \u2013 Videos und Musik auf Norberts YouTube-Kanal\",\"isPartOf\":{\"@id\":\"https:\/\/www.norbert.de\/#website\"},\"datePublished\":\"2025-10-27T18:09:37+00:00\",\"dateModified\":\"2025-10-28T13:33:37+00:00\",\"description\":\"Auf Norberts YouTube-Kanal gibt\u2019s jede Menge schr\u00e4gen Humor: Kokosnuss-Zerschlagung, Obama im Karlsruher Dialekt, Lemmy-Tribute und Death-Metal-Covers. Einfach reinklicken und lachen!\",\"breadcrumb\":{\"@id\":\"https:\/\/www.norbert.de\/index.php\/videos\/#breadcrumb\"},\"inLanguage\":\"de\",\"potentialAction\":[{\"@type\":\"ReadAction\",\"target\":[\"https:\/\/www.norbert.de\/index.php\/videos\/\"]}]},{\"@type\":\"BreadcrumbList\",\"@id\":\"https:\/\/www.norbert.de\/index.php\/videos\/#breadcrumb\",\"itemListElement\":[{\"@type\":\"ListItem\",\"position\":1,\"name\":\"Startseite\",\"item\":\"https:\/\/www.norbert.de\/\"},{\"@type\":\"ListItem\",\"position\":2,\"name\":\"Videos\"}]},{\"@type\":\"WebSite\",\"@id\":\"https:\/\/www.norbert.de\/#website\",\"url\":\"https:\/\/www.norbert.de\/\",\"name\":\"Norbert's Heimat-Bl\u00e4tter\",\"description\":\"Das Relaunch meiner Homepages\",\"publisher\":{\"@id\":\"https:\/\/www.norbert.de\/#\/schema\/person\/3b432252d8fc5c17e6b449df5a355023\"},\"potentialAction\":[{\"@type\":\"SearchAction\",\"target\":{\"@type\":\"EntryPoint\",\"urlTemplate\":\"https:\/\/www.norbert.de\/?s={search_term_string}\"},\"query-input\":{\"@type\":\"PropertyValueSpecification\",\"valueRequired\":true,\"valueName\":\"search_term_string\"}}],\"inLanguage\":\"de\"},{\"@type\":[\"Person\",\"Organization\"],\"@id\":\"https:\/\/www.norbert.de\/#\/schema\/person\/3b432252d8fc5c17e6b449df5a355023\",\"name\":\"norbert\",\"image\":{\"@type\":\"ImageObject\",\"inLanguage\":\"de\",\"@id\":\"https:\/\/www.norbert.de\/#\/schema\/person\/image\/\",\"url\":\"https:\/\/www.norbert.de\/wp-content\/uploads\/2025\/10\/Selfie-scaled.jpg\",\"contentUrl\":\"https:\/\/www.norbert.de\/wp-content\/uploads\/2025\/10\/Selfie-scaled.jpg\",\"width\":2560,\"height\":2072,\"caption\":\"norbert\"},\"logo\":{\"@id\":\"https:\/\/www.norbert.de\/#\/schema\/person\/image\/\"},\"sameAs\":[\"https:\/\/www.norbert.de\",\"https:\/\/www.facebook.com\/norbert.schlia\",\"https:\/\/www.instagram.com\/norbertschlia\/\",\"https:\/\/www.linkedin.com\/in\/norbertschlia\/\",\"https:\/\/www.youtube.com\/nschlia\"]}]}<\/script>\n<!-- \/ Yoast SEO plugin. -->","yoast_head_json":{"title":"Mehr so Quatsch \u2013 Videos und Musik auf Norberts YouTube-Kanal","description":"Auf Norberts YouTube-Kanal gibt\u2019s jede Menge schr\u00e4gen Humor: Kokosnuss-Zerschlagung, Obama im Karlsruher Dialekt, Lemmy-Tribute und Death-Metal-Covers. Einfach reinklicken und lachen!","robots":{"index":"index","follow":"follow","max-snippet":"max-snippet:-1","max-image-preview":"max-image-preview:large","max-video-preview":"max-video-preview:-1"},"canonical":"https:\/\/www.norbert.de\/index.php\/videos\/","og_locale":"de_DE","og_type":"article","og_title":"Mehr so Quatsch \u2013 Videos und Musik auf Norberts YouTube-Kanal","og_description":"Auf Norberts YouTube-Kanal gibt\u2019s jede Menge schr\u00e4gen Humor: Kokosnuss-Zerschlagung, Obama im Karlsruher Dialekt, Lemmy-Tribute und Death-Metal-Covers. Einfach reinklicken und lachen!","og_url":"https:\/\/www.norbert.de\/index.php\/videos\/","og_site_name":"Norberts Heimat-Bl\u00e4tter","article_publisher":"https:\/\/www.facebook.com\/norbert.schlia","article_modified_time":"2025-10-28T13:33:37+00:00","twitter_card":"summary_large_image","twitter_misc":{"Gesch\u00e4tzte Lesezeit":"3\u00a0Minuten"},"schema":{"@context":"https:\/\/schema.org","@graph":[{"@type":"WebPage","@id":"https:\/\/www.norbert.de\/index.php\/videos\/","url":"https:\/\/www.norbert.de\/index.php\/videos\/","name":"Mehr so Quatsch \u2013 Videos und Musik auf Norberts YouTube-Kanal","isPartOf":{"@id":"https:\/\/www.norbert.de\/#website"},"datePublished":"2025-10-27T18:09:37+00:00","dateModified":"2025-10-28T13:33:37+00:00","description":"Auf Norberts YouTube-Kanal gibt\u2019s jede Menge schr\u00e4gen Humor: Kokosnuss-Zerschlagung, Obama im Karlsruher Dialekt, Lemmy-Tribute und Death-Metal-Covers. Einfach reinklicken und lachen!","breadcrumb":{"@id":"https:\/\/www.norbert.de\/index.php\/videos\/#breadcrumb"},"inLanguage":"de","potentialAction":[{"@type":"ReadAction","target":["https:\/\/www.norbert.de\/index.php\/videos\/"]}]},{"@type":"BreadcrumbList","@id":"https:\/\/www.norbert.de\/index.php\/videos\/#breadcrumb","itemListElement":[{"@type":"ListItem","position":1,"name":"Startseite","item":"https:\/\/www.norbert.de\/"},{"@type":"ListItem","position":2,"name":"Videos"}]},{"@type":"WebSite","@id":"https:\/\/www.norbert.de\/#website","url":"https:\/\/www.norbert.de\/","name":"Norbert's Heimat-Bl\u00e4tter","description":"Das Relaunch meiner Homepages","publisher":{"@id":"https:\/\/www.norbert.de\/#\/schema\/person\/3b432252d8fc5c17e6b449df5a355023"},"potentialAction":[{"@type":"SearchAction","target":{"@type":"EntryPoint","urlTemplate":"https:\/\/www.norbert.de\/?s={search_term_string}"},"query-input":{"@type":"PropertyValueSpecification","valueRequired":true,"valueName":"search_term_string"}}],"inLanguage":"de"},{"@type":["Person","Organization"],"@id":"https:\/\/www.norbert.de\/#\/schema\/person\/3b432252d8fc5c17e6b449df5a355023","name":"norbert","image":{"@type":"ImageObject","inLanguage":"de","@id":"https:\/\/www.norbert.de\/#\/schema\/person\/image\/","url":"https:\/\/www.norbert.de\/wp-content\/uploads\/2025\/10\/Selfie-scaled.jpg","contentUrl":"https:\/\/www.norbert.de\/wp-content\/uploads\/2025\/10\/Selfie-scaled.jpg","width":2560,"height":2072,"caption":"norbert"},"logo":{"@id":"https:\/\/www.norbert.de\/#\/schema\/person\/image\/"},"sameAs":["https:\/\/www.norbert.de","https:\/\/www.facebook.com\/norbert.schlia","https:\/\/www.instagram.com\/norbertschlia\/","https:\/\/www.linkedin.com\/in\/norbertschlia\/","https:\/\/www.youtube.com\/nschlia"]}]}},"_links":{"self":[{"href":"https:\/\/www.norbert.de\/index.php\/wp-json\/wp\/v2\/pages\/44","targetHints":{"allow":["GET"]}}],"collection":[{"href":"https:\/\/www.norbert.de\/index.php\/wp-json\/wp\/v2\/pages"}],"about":[{"href":"https:\/\/www.norbert.de\/index.php\/wp-json\/wp\/v2\/types\/page"}],"author":[{"embeddable":true,"href":"https:\/\/www.norbert.de\/index.php\/wp-json\/wp\/v2\/users\/1"}],"replies":[{"embeddable":true,"href":"https:\/\/www.norbert.de\/index.php\/wp-json\/wp\/v2\/comments?post=44"}],"version-history":[{"count":8,"href":"https:\/\/www.norbert.de\/index.php\/wp-json\/wp\/v2\/pages\/44\/revisions"}],"predecessor-version":[{"id":10061,"href":"https:\/\/www.norbert.de\/index.php\/wp-json\/wp\/v2\/pages\/44\/revisions\/10061"}],"wp:attachment":[{"href":"https:\/\/www.norbert.de\/index.php\/wp-json\/wp\/v2\/media?parent=44"}],"curies":[{"name":"wp","href":"https:\/\/api.w.org\/{rel}","templated":true}]}}