{"id":35,"date":"2025-10-27T18:31:06","date_gmt":"2025-10-27T17:31:06","guid":{"rendered":"https:\/\/relaunch.norbert.de\/?page_id=35"},"modified":"2025-10-28T11:47:55","modified_gmt":"2025-10-28T10:47:55","slug":"stories","status":"publish","type":"page","link":"https:\/\/www.norbert.de\/index.php\/stories\/","title":{"rendered":"Geschichten aus dem echten Leben"},"content":{"rendered":"\n<div class=\"wp-block-columns is-layout-flex wp-container-core-columns-is-layout-9d6595d7 wp-block-columns-is-layout-flex\">\n<div class=\"wp-block-column is-layout-flow wp-block-column-is-layout-flow\" style=\"flex-basis:66.66%\">\n<p>Im Laufe der Jahre haben sich so einige kleine <strong>Geschichtchen und Anekdoten<\/strong> angesammelt \u2013 Begebenheiten, die ich immer wieder gerne zum Besten gegeben habe.<br>Manchem vielleicht schon zu oft, der sie inzwischen beinahe mitsprechen kann.<\/p>\n\n\n\n<p>Trotzdem wurde ich immer wieder gefragt, warum ich sie nicht einfach mal <strong>aufschreibe<\/strong>.<br>Gute Frage \u2013 warum eigentlich nicht?<\/p>\n\n\n\n<p>Also gibt es sie jetzt hier: eine kleine <strong>Sammlung kurzer Geschichten<\/strong>, manchmal lustig, manchmal nachdenklich, oft einfach nur skurril \u2013 aber alle mit einem wahren Kern.<br>Zumindest <em>meistens<\/em>.<\/p>\n\n\n\n<p>Denn ganz ehrlich: Vielleicht habe ich hier und da ein bisschen \u00fcbertrieben.<br>Oder etwas dazu erfunden.<br>Oder\u2026 vielleicht auch die ganze Geschichte.<br>Wer wei\u00df das schon so genau?<\/p>\n\n\n\n<p>In jedem Fall w\u00fcnsche ich dir <strong>viel Spa\u00df beim Lesen, Schmunzeln und Kopfsch\u00fctteln<\/strong> \u2013 und vielleicht erkennst du dich ja in der einen oder anderen Situation sogar ein bisschen wieder.<\/p>\n\n\n\n<p>Viele Gr\u00fc\u00dfe<br><strong>Norbert<\/strong><\/p>\n<\/div>\n\n\n\n<div class=\"wp-block-column is-layout-flow wp-block-column-is-layout-flow\" style=\"flex-basis:33.33%\"><ul class=\"childpages-list\"><li><a href=\"https:\/\/www.norbert.de\/index.php\/stories\/die-spargelschaelmaschine\/\">Die Spargelsch\u00e4lmaschine<\/a><\/li><li><a href=\"https:\/\/www.norbert.de\/index.php\/stories\/eine-weihnachtsgeschichte\/\">Eine Weihnachtsgeschichte<\/a><\/li><li><a href=\"https:\/\/www.norbert.de\/index.php\/stories\/der-motorradausflug\/\">Der Motorradausflug<\/a><\/li><li><a href=\"https:\/\/www.norbert.de\/index.php\/stories\/das-tamagotchi\/\">Das Tamagotchi<\/a><\/li><li><a href=\"https:\/\/www.norbert.de\/index.php\/stories\/datenschlamperei\/\">Datenschlamperei<\/a><\/li><li><a href=\"https:\/\/www.norbert.de\/index.php\/stories\/bei-hausbesetzern\/\">Bei Hausbesetzern<\/a><\/li><li><a href=\"https:\/\/www.norbert.de\/index.php\/stories\/die-nicht-party\/\">Die Nicht-Party<\/a><\/li><li><a href=\"https:\/\/www.norbert.de\/index.php\/stories\/wie-ich-in-einer-punkband-auftrat\/\">Wie ich in einer Punkband auftrat<\/a><\/li><li><a href=\"https:\/\/www.norbert.de\/index.php\/stories\/meine-abenteuer-auf-dem-kfz-amt\/\">Meine Abenteuer auf dem KFZ Amt<\/a><\/li><li><a href=\"https:\/\/www.norbert.de\/index.php\/stories\/wie-ein-arzt-einen-rorschachtest-mit-mir-machte\/\">Wie ein Arzt einen Rorschach-Test mit mir machte<\/a><\/li><li><a href=\"https:\/\/www.norbert.de\/index.php\/stories\/wie-ich-telefonterror-ausgesetzt-war\/\">Wie ich Telefonterror ausgesetzt war<\/a><\/li><li><a href=\"https:\/\/www.norbert.de\/index.php\/stories\/tolle-ideen-zu-solarbeleuchtung\/\">Tolle Ideen zu Solarbeleuchtung<\/a><\/li><li><a href=\"https:\/\/www.norbert.de\/index.php\/stories\/die-falsche-party\/\">Die falsche Party<\/a><\/li><li><a href=\"https:\/\/www.norbert.de\/index.php\/stories\/die-invasion\/\">Die Invasion<\/a><\/li><li><a href=\"https:\/\/www.norbert.de\/index.php\/stories\/der-muerrische-partygast\/\">Der m\u00fcrrische Partygast<\/a><\/li><li><a href=\"https:\/\/www.norbert.de\/index.php\/stories\/ich-habe-einen-trojaner\/\">Ich habe einen Trojaner!<\/a><\/li><\/ul>\n<\/div>\n<\/div>\n\n\n\n<p><\/p>\n","protected":false},"excerpt":{"rendered":"<p>Im Laufe der Jahre haben sich so einige kleine Geschichtchen und Anekdoten angesammelt \u2013 Begebenheiten, die ich immer wieder gerne zum Besten gegeben habe.Manchem vielleicht schon zu oft, der sie inzwischen beinahe mitsprechen kann. Trotzdem wurde ich immer wieder gefragt, warum ich sie nicht einfach mal aufschreibe.Gute Frage \u2013 warum eigentlich nicht? Also gibt es&#8230;<\/p>\n","protected":false},"author":1,"featured_media":0,"parent":0,"menu_order":1,"comment_status":"closed","ping_status":"closed","template":"","meta":{"_kad_post_transparent":"","_kad_post_title":"","_kad_post_layout":"","_kad_post_sidebar_id":"","_kad_post_content_style":"","_kad_post_vertical_padding":"","_kad_post_feature":"","_kad_post_feature_position":"","_kad_post_header":false,"_kad_post_footer":false,"_kad_post_classname":"","footnotes":""},"class_list":["post-35","page","type-page","status-publish","hentry"],"yoast_head":"<!-- This site is optimized with the Yoast SEO plugin v26.4 - https:\/\/yoast.com\/wordpress\/plugins\/seo\/ -->\n<title>Geschichten aus dem echten Leben - Norberts Heimat-Bl\u00e4tter<\/title>\n<meta name=\"robots\" content=\"index, follow, max-snippet:-1, max-image-preview:large, max-video-preview:-1\" \/>\n<link rel=\"canonical\" href=\"https:\/\/www.norbert.de\/index.php\/stories\/\" \/>\n<meta property=\"og:locale\" content=\"de_DE\" \/>\n<meta property=\"og:type\" content=\"article\" \/>\n<meta property=\"og:title\" content=\"Geschichten aus dem echten Leben - Norberts Heimat-Bl\u00e4tter\" \/>\n<meta property=\"og:description\" content=\"Im Laufe der Jahre haben sich so einige kleine Geschichtchen und Anekdoten angesammelt \u2013 Begebenheiten, die ich immer wieder gerne zum Besten gegeben habe.Manchem vielleicht schon zu oft, der sie inzwischen beinahe mitsprechen kann. Trotzdem wurde ich immer wieder gefragt, warum ich sie nicht einfach mal aufschreibe.Gute Frage \u2013 warum eigentlich nicht? Also gibt es...\" \/>\n<meta property=\"og:url\" content=\"https:\/\/www.norbert.de\/index.php\/stories\/\" \/>\n<meta property=\"og:site_name\" content=\"Norberts Heimat-Bl\u00e4tter\" \/>\n<meta property=\"article:publisher\" content=\"https:\/\/www.facebook.com\/norbert.schlia\" \/>\n<meta property=\"article:modified_time\" content=\"2025-10-28T10:47:55+00:00\" \/>\n<meta name=\"twitter:card\" content=\"summary_large_image\" \/>\n<meta name=\"twitter:label1\" content=\"Gesch\u00e4tzte Lesezeit\" \/>\n\t<meta name=\"twitter:data1\" content=\"1\u00a0Minute\" \/>\n<script type=\"application\/ld+json\" class=\"yoast-schema-graph\">{\"@context\":\"https:\/\/schema.org\",\"@graph\":[{\"@type\":\"WebPage\",\"@id\":\"https:\/\/www.norbert.de\/index.php\/stories\/\",\"url\":\"https:\/\/www.norbert.de\/index.php\/stories\/\",\"name\":\"Geschichten aus dem echten Leben - Norberts Heimat-Bl\u00e4tter\",\"isPartOf\":{\"@id\":\"https:\/\/www.norbert.de\/#website\"},\"datePublished\":\"2025-10-27T17:31:06+00:00\",\"dateModified\":\"2025-10-28T10:47:55+00:00\",\"breadcrumb\":{\"@id\":\"https:\/\/www.norbert.de\/index.php\/stories\/#breadcrumb\"},\"inLanguage\":\"de\",\"potentialAction\":[{\"@type\":\"ReadAction\",\"target\":[\"https:\/\/www.norbert.de\/index.php\/stories\/\"]}]},{\"@type\":\"BreadcrumbList\",\"@id\":\"https:\/\/www.norbert.de\/index.php\/stories\/#breadcrumb\",\"itemListElement\":[{\"@type\":\"ListItem\",\"position\":1,\"name\":\"Startseite\",\"item\":\"https:\/\/www.norbert.de\/\"},{\"@type\":\"ListItem\",\"position\":2,\"name\":\"Geschichten aus dem echten Leben\"}]},{\"@type\":\"WebSite\",\"@id\":\"https:\/\/www.norbert.de\/#website\",\"url\":\"https:\/\/www.norbert.de\/\",\"name\":\"Norbert's Heimat-Bl\u00e4tter\",\"description\":\"Das Relaunch meiner Homepages\",\"publisher\":{\"@id\":\"https:\/\/www.norbert.de\/#\/schema\/person\/3b432252d8fc5c17e6b449df5a355023\"},\"potentialAction\":[{\"@type\":\"SearchAction\",\"target\":{\"@type\":\"EntryPoint\",\"urlTemplate\":\"https:\/\/www.norbert.de\/?s={search_term_string}\"},\"query-input\":{\"@type\":\"PropertyValueSpecification\",\"valueRequired\":true,\"valueName\":\"search_term_string\"}}],\"inLanguage\":\"de\"},{\"@type\":[\"Person\",\"Organization\"],\"@id\":\"https:\/\/www.norbert.de\/#\/schema\/person\/3b432252d8fc5c17e6b449df5a355023\",\"name\":\"norbert\",\"image\":{\"@type\":\"ImageObject\",\"inLanguage\":\"de\",\"@id\":\"https:\/\/www.norbert.de\/#\/schema\/person\/image\/\",\"url\":\"https:\/\/www.norbert.de\/wp-content\/uploads\/2025\/10\/Selfie-scaled.jpg\",\"contentUrl\":\"https:\/\/www.norbert.de\/wp-content\/uploads\/2025\/10\/Selfie-scaled.jpg\",\"width\":2560,\"height\":2072,\"caption\":\"norbert\"},\"logo\":{\"@id\":\"https:\/\/www.norbert.de\/#\/schema\/person\/image\/\"},\"sameAs\":[\"https:\/\/www.norbert.de\",\"https:\/\/www.facebook.com\/norbert.schlia\",\"https:\/\/www.instagram.com\/norbertschlia\/\",\"https:\/\/www.linkedin.com\/in\/norbertschlia\/\",\"https:\/\/www.youtube.com\/nschlia\"]}]}<\/script>\n<!-- \/ Yoast SEO plugin. -->","yoast_head_json":{"title":"Geschichten aus dem echten Leben - Norberts Heimat-Bl\u00e4tter","robots":{"index":"index","follow":"follow","max-snippet":"max-snippet:-1","max-image-preview":"max-image-preview:large","max-video-preview":"max-video-preview:-1"},"canonical":"https:\/\/www.norbert.de\/index.php\/stories\/","og_locale":"de_DE","og_type":"article","og_title":"Geschichten aus dem echten Leben - Norberts Heimat-Bl\u00e4tter","og_description":"Im Laufe der Jahre haben sich so einige kleine Geschichtchen und Anekdoten angesammelt \u2013 Begebenheiten, die ich immer wieder gerne zum Besten gegeben habe.Manchem vielleicht schon zu oft, der sie inzwischen beinahe mitsprechen kann. Trotzdem wurde ich immer wieder gefragt, warum ich sie nicht einfach mal aufschreibe.Gute Frage \u2013 warum eigentlich nicht? Also gibt es...","og_url":"https:\/\/www.norbert.de\/index.php\/stories\/","og_site_name":"Norberts Heimat-Bl\u00e4tter","article_publisher":"https:\/\/www.facebook.com\/norbert.schlia","article_modified_time":"2025-10-28T10:47:55+00:00","twitter_card":"summary_large_image","twitter_misc":{"Gesch\u00e4tzte Lesezeit":"1\u00a0Minute"},"schema":{"@context":"https:\/\/schema.org","@graph":[{"@type":"WebPage","@id":"https:\/\/www.norbert.de\/index.php\/stories\/","url":"https:\/\/www.norbert.de\/index.php\/stories\/","name":"Geschichten aus dem echten Leben - Norberts Heimat-Bl\u00e4tter","isPartOf":{"@id":"https:\/\/www.norbert.de\/#website"},"datePublished":"2025-10-27T17:31:06+00:00","dateModified":"2025-10-28T10:47:55+00:00","breadcrumb":{"@id":"https:\/\/www.norbert.de\/index.php\/stories\/#breadcrumb"},"inLanguage":"de","potentialAction":[{"@type":"ReadAction","target":["https:\/\/www.norbert.de\/index.php\/stories\/"]}]},{"@type":"BreadcrumbList","@id":"https:\/\/www.norbert.de\/index.php\/stories\/#breadcrumb","itemListElement":[{"@type":"ListItem","position":1,"name":"Startseite","item":"https:\/\/www.norbert.de\/"},{"@type":"ListItem","position":2,"name":"Geschichten aus dem echten Leben"}]},{"@type":"WebSite","@id":"https:\/\/www.norbert.de\/#website","url":"https:\/\/www.norbert.de\/","name":"Norbert's Heimat-Bl\u00e4tter","description":"Das Relaunch meiner Homepages","publisher":{"@id":"https:\/\/www.norbert.de\/#\/schema\/person\/3b432252d8fc5c17e6b449df5a355023"},"potentialAction":[{"@type":"SearchAction","target":{"@type":"EntryPoint","urlTemplate":"https:\/\/www.norbert.de\/?s={search_term_string}"},"query-input":{"@type":"PropertyValueSpecification","valueRequired":true,"valueName":"search_term_string"}}],"inLanguage":"de"},{"@type":["Person","Organization"],"@id":"https:\/\/www.norbert.de\/#\/schema\/person\/3b432252d8fc5c17e6b449df5a355023","name":"norbert","image":{"@type":"ImageObject","inLanguage":"de","@id":"https:\/\/www.norbert.de\/#\/schema\/person\/image\/","url":"https:\/\/www.norbert.de\/wp-content\/uploads\/2025\/10\/Selfie-scaled.jpg","contentUrl":"https:\/\/www.norbert.de\/wp-content\/uploads\/2025\/10\/Selfie-scaled.jpg","width":2560,"height":2072,"caption":"norbert"},"logo":{"@id":"https:\/\/www.norbert.de\/#\/schema\/person\/image\/"},"sameAs":["https:\/\/www.norbert.de","https:\/\/www.facebook.com\/norbert.schlia","https:\/\/www.instagram.com\/norbertschlia\/","https:\/\/www.linkedin.com\/in\/norbertschlia\/","https:\/\/www.youtube.com\/nschlia"]}]}},"_links":{"self":[{"href":"https:\/\/www.norbert.de\/index.php\/wp-json\/wp\/v2\/pages\/35","targetHints":{"allow":["GET"]}}],"collection":[{"href":"https:\/\/www.norbert.de\/index.php\/wp-json\/wp\/v2\/pages"}],"about":[{"href":"https:\/\/www.norbert.de\/index.php\/wp-json\/wp\/v2\/types\/page"}],"author":[{"embeddable":true,"href":"https:\/\/www.norbert.de\/index.php\/wp-json\/wp\/v2\/users\/1"}],"replies":[{"embeddable":true,"href":"https:\/\/www.norbert.de\/index.php\/wp-json\/wp\/v2\/comments?post=35"}],"version-history":[{"count":8,"href":"https:\/\/www.norbert.de\/index.php\/wp-json\/wp\/v2\/pages\/35\/revisions"}],"predecessor-version":[{"id":10012,"href":"https:\/\/www.norbert.de\/index.php\/wp-json\/wp\/v2\/pages\/35\/revisions\/10012"}],"wp:attachment":[{"href":"https:\/\/www.norbert.de\/index.php\/wp-json\/wp\/v2\/media?parent=35"}],"curies":[{"name":"wp","href":"https:\/\/api.w.org\/{rel}","templated":true}]}}