{"id":3,"date":"2025-10-26T12:13:18","date_gmt":"2025-10-26T12:13:18","guid":{"rendered":"https:\/\/relaunch.norbert.de\/?page_id=3"},"modified":"2025-10-28T23:21:39","modified_gmt":"2025-10-28T22:21:39","slug":"privacy-policy","status":"publish","type":"page","link":"https:\/\/www.norbert.de\/index.php\/privacy-policy\/","title":{"rendered":"Impressum"},"content":{"rendered":"\n<h2 class=\"wp-block-heading\">Impressum \/ Legal Notice<\/h2>\n\n\n\n<p><strong>Angaben gem\u00e4\u00df \u00a7 5 TMG \/ Information according to \u00a7 5 German Telemedia Act<\/strong><\/p>\n\n\n\n<p>Norbert Schlia<br>Hans-Thoma-Str. 24<br>76327 Pfinztal<br>Deutschland \/ Germany<\/p>\n\n\n\n<p><strong>Kontakt \/ Contact<\/strong><br>E-Mail: <a href=\"mailto:norbert@norbert.de\">norbert@norbert.de<\/a><br>Website: <a href=\"https:\/\/www.norbert.de\" target=\"_blank\" rel=\"noreferrer noopener\">https:\/\/www.norbert.de<\/a><\/p>\n\n\n\n<hr class=\"wp-block-separator has-alpha-channel-opacity\"\/>\n\n\n\n<h3 class=\"wp-block-heading\">Haftungsausschluss \/ Disclaimer<\/h3>\n\n\n\n<p>Trotz sorgf\u00e4ltiger Kontrolle \u00fcbernehme ich keine Haftung f\u00fcr Inhalte externer Links. F\u00fcr den Inhalt der verlinkten Seiten sind ausschlie\u00dflich deren Betreiber verantwortlich.<br>Although every effort is made to monitor external links, I assume no responsibility for their content. Responsibility for linked pages lies solely with their operators.<\/p>\n\n\n\n<h3 class=\"wp-block-heading\">Urheberrecht \/ Copyright<\/h3>\n\n\n\n<p>Die durch den Seitenbetreiber erstellten Inhalte und Werke unterliegen dem deutschen Urheberrecht. Beitr\u00e4ge Dritter sind entsprechend gekennzeichnet. Jegliche Vervielf\u00e4ltigung oder Verwertung au\u00dferhalb der Grenzen des Urheberrechts bedarf der schriftlichen Zustimmung des Autors.<br>All content and works created by the site owner are subject to German copyright law. Any reproduction or use beyond the limits of copyright requires written permission from the author.<\/p>\n\n\n\n<h3 class=\"wp-block-heading\">Datenschutz \/ Privacy Policy<\/h3>\n\n\n\n<p>Personenbezogene Daten (z.&nbsp;B. Name, E-Mail-Adresse) werden nur im notwendigen Umfang erhoben und nicht ohne Zustimmung an Dritte weitergegeben. Details siehe <a href=\"file:\/\/\/datenschutz\/\">Datenschutzerkl\u00e4rung<\/a>.<br>Personal data (e.g. name, email address) are collected only as necessary and not shared with third parties without consent. See <a href=\"file:\/\/\/datenschutz\/\">privacy policy<\/a> for details.<\/p>\n\n\n\n<hr class=\"wp-block-separator has-alpha-channel-opacity\"\/>\n\n\n\n<p>\u00a9 2025 Norbert Schlia \u2013 Alle Rechte vorbehalten \/ All rights reserved.<\/p>\n\n\n\n<p>Emoji graphics \u00a9 <a href=\"https:\/\/twemoji.twitter.com\/\" target=\"_blank\" rel=\"noreferrer noopener\">Twitter Twemoji<\/a>, licensed under <a href=\"https:\/\/creativecommons.org\/licenses\/by\/4.0\/\" target=\"_blank\" rel=\"noreferrer noopener\">CC-BY 4.0<\/a>. Served via <a href=\"https:\/\/s.w.org\/\" target=\"_blank\" rel=\"noreferrer noopener\">WordPress CDN<\/a>.<\/p>\n","protected":false},"excerpt":{"rendered":"<p>Impressum \/ Legal Notice Angaben gem\u00e4\u00df \u00a7 5 TMG \/ Information according to \u00a7 5 German Telemedia Act Norbert SchliaHans-Thoma-Str. 2476327 PfinztalDeutschland \/ Germany Kontakt \/ ContactE-Mail: norbert@norbert.deWebsite: https:\/\/www.norbert.de Haftungsausschluss \/ Disclaimer Trotz sorgf\u00e4ltiger Kontrolle \u00fcbernehme ich keine Haftung f\u00fcr Inhalte externer Links. F\u00fcr den Inhalt der verlinkten Seiten sind ausschlie\u00dflich deren Betreiber verantwortlich.Although every&#8230;<\/p>\n","protected":false},"author":1,"featured_media":0,"parent":0,"menu_order":999,"comment_status":"closed","ping_status":"closed","template":"","meta":{"_kad_post_transparent":"","_kad_post_title":"","_kad_post_layout":"","_kad_post_sidebar_id":"","_kad_post_content_style":"","_kad_post_vertical_padding":"","_kad_post_feature":"","_kad_post_feature_position":"","_kad_post_header":false,"_kad_post_footer":false,"_kad_post_classname":"","footnotes":""},"class_list":["post-3","page","type-page","status-publish","hentry"],"yoast_head":"<!-- This site is optimized with the Yoast SEO plugin v26.4 - https:\/\/yoast.com\/wordpress\/plugins\/seo\/ -->\n<title>Impressum - Norberts Heimat-Bl\u00e4tter<\/title>\n<meta name=\"robots\" content=\"index, follow, max-snippet:-1, max-image-preview:large, max-video-preview:-1\" \/>\n<link rel=\"canonical\" href=\"https:\/\/www.norbert.de\/index.php\/privacy-policy\/\" \/>\n<meta property=\"og:locale\" content=\"de_DE\" \/>\n<meta property=\"og:type\" content=\"article\" \/>\n<meta property=\"og:title\" content=\"Impressum - Norberts Heimat-Bl\u00e4tter\" \/>\n<meta property=\"og:description\" content=\"Impressum \/ Legal Notice Angaben gem\u00e4\u00df \u00a7 5 TMG \/ Information according to \u00a7 5 German Telemedia Act Norbert SchliaHans-Thoma-Str. 2476327 PfinztalDeutschland \/ Germany Kontakt \/ ContactE-Mail: norbert@norbert.deWebsite: https:\/\/www.norbert.de Haftungsausschluss \/ Disclaimer Trotz sorgf\u00e4ltiger Kontrolle \u00fcbernehme ich keine Haftung f\u00fcr Inhalte externer Links. F\u00fcr den Inhalt der verlinkten Seiten sind ausschlie\u00dflich deren Betreiber verantwortlich.Although every...\" \/>\n<meta property=\"og:url\" content=\"https:\/\/www.norbert.de\/index.php\/privacy-policy\/\" \/>\n<meta property=\"og:site_name\" content=\"Norberts Heimat-Bl\u00e4tter\" \/>\n<meta property=\"article:publisher\" content=\"https:\/\/www.facebook.com\/norbert.schlia\" \/>\n<meta property=\"article:modified_time\" content=\"2025-10-28T22:21:39+00:00\" \/>\n<meta name=\"twitter:card\" content=\"summary_large_image\" \/>\n<meta name=\"twitter:label1\" content=\"Gesch\u00e4tzte Lesezeit\" \/>\n\t<meta name=\"twitter:data1\" content=\"2\u00a0Minuten\" \/>\n<script type=\"application\/ld+json\" class=\"yoast-schema-graph\">{\"@context\":\"https:\/\/schema.org\",\"@graph\":[{\"@type\":\"WebPage\",\"@id\":\"https:\/\/www.norbert.de\/index.php\/privacy-policy\/\",\"url\":\"https:\/\/www.norbert.de\/index.php\/privacy-policy\/\",\"name\":\"Impressum - Norberts Heimat-Bl\u00e4tter\",\"isPartOf\":{\"@id\":\"https:\/\/www.norbert.de\/#website\"},\"datePublished\":\"2025-10-26T12:13:18+00:00\",\"dateModified\":\"2025-10-28T22:21:39+00:00\",\"breadcrumb\":{\"@id\":\"https:\/\/www.norbert.de\/index.php\/privacy-policy\/#breadcrumb\"},\"inLanguage\":\"de\",\"potentialAction\":[{\"@type\":\"ReadAction\",\"target\":[\"https:\/\/www.norbert.de\/index.php\/privacy-policy\/\"]}]},{\"@type\":\"BreadcrumbList\",\"@id\":\"https:\/\/www.norbert.de\/index.php\/privacy-policy\/#breadcrumb\",\"itemListElement\":[{\"@type\":\"ListItem\",\"position\":1,\"name\":\"Startseite\",\"item\":\"https:\/\/www.norbert.de\/\"},{\"@type\":\"ListItem\",\"position\":2,\"name\":\"Impressum\"}]},{\"@type\":\"WebSite\",\"@id\":\"https:\/\/www.norbert.de\/#website\",\"url\":\"https:\/\/www.norbert.de\/\",\"name\":\"Norbert's Heimat-Bl\u00e4tter\",\"description\":\"Das Relaunch meiner Homepages\",\"publisher\":{\"@id\":\"https:\/\/www.norbert.de\/#\/schema\/person\/3b432252d8fc5c17e6b449df5a355023\"},\"potentialAction\":[{\"@type\":\"SearchAction\",\"target\":{\"@type\":\"EntryPoint\",\"urlTemplate\":\"https:\/\/www.norbert.de\/?s={search_term_string}\"},\"query-input\":{\"@type\":\"PropertyValueSpecification\",\"valueRequired\":true,\"valueName\":\"search_term_string\"}}],\"inLanguage\":\"de\"},{\"@type\":[\"Person\",\"Organization\"],\"@id\":\"https:\/\/www.norbert.de\/#\/schema\/person\/3b432252d8fc5c17e6b449df5a355023\",\"name\":\"norbert\",\"image\":{\"@type\":\"ImageObject\",\"inLanguage\":\"de\",\"@id\":\"https:\/\/www.norbert.de\/#\/schema\/person\/image\/\",\"url\":\"https:\/\/www.norbert.de\/wp-content\/uploads\/2025\/10\/Selfie-scaled.jpg\",\"contentUrl\":\"https:\/\/www.norbert.de\/wp-content\/uploads\/2025\/10\/Selfie-scaled.jpg\",\"width\":2560,\"height\":2072,\"caption\":\"norbert\"},\"logo\":{\"@id\":\"https:\/\/www.norbert.de\/#\/schema\/person\/image\/\"},\"sameAs\":[\"https:\/\/www.norbert.de\",\"https:\/\/www.facebook.com\/norbert.schlia\",\"https:\/\/www.instagram.com\/norbertschlia\/\",\"https:\/\/www.linkedin.com\/in\/norbertschlia\/\",\"https:\/\/www.youtube.com\/nschlia\"]}]}<\/script>\n<!-- \/ Yoast SEO plugin. -->","yoast_head_json":{"title":"Impressum - Norberts Heimat-Bl\u00e4tter","robots":{"index":"index","follow":"follow","max-snippet":"max-snippet:-1","max-image-preview":"max-image-preview:large","max-video-preview":"max-video-preview:-1"},"canonical":"https:\/\/www.norbert.de\/index.php\/privacy-policy\/","og_locale":"de_DE","og_type":"article","og_title":"Impressum - Norberts Heimat-Bl\u00e4tter","og_description":"Impressum \/ Legal Notice Angaben gem\u00e4\u00df \u00a7 5 TMG \/ Information according to \u00a7 5 German Telemedia Act Norbert SchliaHans-Thoma-Str. 2476327 PfinztalDeutschland \/ Germany Kontakt \/ ContactE-Mail: norbert@norbert.deWebsite: https:\/\/www.norbert.de Haftungsausschluss \/ Disclaimer Trotz sorgf\u00e4ltiger Kontrolle \u00fcbernehme ich keine Haftung f\u00fcr Inhalte externer Links. F\u00fcr den Inhalt der verlinkten Seiten sind ausschlie\u00dflich deren Betreiber verantwortlich.Although every...","og_url":"https:\/\/www.norbert.de\/index.php\/privacy-policy\/","og_site_name":"Norberts Heimat-Bl\u00e4tter","article_publisher":"https:\/\/www.facebook.com\/norbert.schlia","article_modified_time":"2025-10-28T22:21:39+00:00","twitter_card":"summary_large_image","twitter_misc":{"Gesch\u00e4tzte Lesezeit":"2\u00a0Minuten"},"schema":{"@context":"https:\/\/schema.org","@graph":[{"@type":"WebPage","@id":"https:\/\/www.norbert.de\/index.php\/privacy-policy\/","url":"https:\/\/www.norbert.de\/index.php\/privacy-policy\/","name":"Impressum - Norberts Heimat-Bl\u00e4tter","isPartOf":{"@id":"https:\/\/www.norbert.de\/#website"},"datePublished":"2025-10-26T12:13:18+00:00","dateModified":"2025-10-28T22:21:39+00:00","breadcrumb":{"@id":"https:\/\/www.norbert.de\/index.php\/privacy-policy\/#breadcrumb"},"inLanguage":"de","potentialAction":[{"@type":"ReadAction","target":["https:\/\/www.norbert.de\/index.php\/privacy-policy\/"]}]},{"@type":"BreadcrumbList","@id":"https:\/\/www.norbert.de\/index.php\/privacy-policy\/#breadcrumb","itemListElement":[{"@type":"ListItem","position":1,"name":"Startseite","item":"https:\/\/www.norbert.de\/"},{"@type":"ListItem","position":2,"name":"Impressum"}]},{"@type":"WebSite","@id":"https:\/\/www.norbert.de\/#website","url":"https:\/\/www.norbert.de\/","name":"Norbert's Heimat-Bl\u00e4tter","description":"Das Relaunch meiner Homepages","publisher":{"@id":"https:\/\/www.norbert.de\/#\/schema\/person\/3b432252d8fc5c17e6b449df5a355023"},"potentialAction":[{"@type":"SearchAction","target":{"@type":"EntryPoint","urlTemplate":"https:\/\/www.norbert.de\/?s={search_term_string}"},"query-input":{"@type":"PropertyValueSpecification","valueRequired":true,"valueName":"search_term_string"}}],"inLanguage":"de"},{"@type":["Person","Organization"],"@id":"https:\/\/www.norbert.de\/#\/schema\/person\/3b432252d8fc5c17e6b449df5a355023","name":"norbert","image":{"@type":"ImageObject","inLanguage":"de","@id":"https:\/\/www.norbert.de\/#\/schema\/person\/image\/","url":"https:\/\/www.norbert.de\/wp-content\/uploads\/2025\/10\/Selfie-scaled.jpg","contentUrl":"https:\/\/www.norbert.de\/wp-content\/uploads\/2025\/10\/Selfie-scaled.jpg","width":2560,"height":2072,"caption":"norbert"},"logo":{"@id":"https:\/\/www.norbert.de\/#\/schema\/person\/image\/"},"sameAs":["https:\/\/www.norbert.de","https:\/\/www.facebook.com\/norbert.schlia","https:\/\/www.instagram.com\/norbertschlia\/","https:\/\/www.linkedin.com\/in\/norbertschlia\/","https:\/\/www.youtube.com\/nschlia"]}]}},"_links":{"self":[{"href":"https:\/\/www.norbert.de\/index.php\/wp-json\/wp\/v2\/pages\/3","targetHints":{"allow":["GET"]}}],"collection":[{"href":"https:\/\/www.norbert.de\/index.php\/wp-json\/wp\/v2\/pages"}],"about":[{"href":"https:\/\/www.norbert.de\/index.php\/wp-json\/wp\/v2\/types\/page"}],"author":[{"embeddable":true,"href":"https:\/\/www.norbert.de\/index.php\/wp-json\/wp\/v2\/users\/1"}],"replies":[{"embeddable":true,"href":"https:\/\/www.norbert.de\/index.php\/wp-json\/wp\/v2\/comments?post=3"}],"version-history":[{"count":4,"href":"https:\/\/www.norbert.de\/index.php\/wp-json\/wp\/v2\/pages\/3\/revisions"}],"predecessor-version":[{"id":10118,"href":"https:\/\/www.norbert.de\/index.php\/wp-json\/wp\/v2\/pages\/3\/revisions\/10118"}],"wp:attachment":[{"href":"https:\/\/www.norbert.de\/index.php\/wp-json\/wp\/v2\/media?parent=3"}],"curies":[{"name":"wp","href":"https:\/\/api.w.org\/{rel}","templated":true}]}}