{"id":21,"date":"2025-10-27T13:59:11","date_gmt":"2025-10-27T12:59:11","guid":{"rendered":"https:\/\/relaunch.norbert.de\/?page_id=21"},"modified":"2025-11-02T13:12:56","modified_gmt":"2025-11-02T12:12:56","slug":"des-isch-der-titel","status":"publish","type":"page","link":"https:\/\/www.norbert.de\/","title":{"rendered":"Willkommen auf norbert.de!"},"content":{"rendered":"\n<figure class=\"wp-block-image size-full\"><img loading=\"lazy\" decoding=\"async\" width=\"1536\" height=\"615\" src=\"https:\/\/www.norbert.de\/wp-content\/uploads\/2025\/11\/norbert.de-small-1.png\" alt=\"\" class=\"wp-image-10210\" srcset=\"https:\/\/www.norbert.de\/wp-content\/uploads\/2025\/11\/norbert.de-small-1.png 1536w, https:\/\/www.norbert.de\/wp-content\/uploads\/2025\/11\/norbert.de-small-1-300x120.png 300w, https:\/\/www.norbert.de\/wp-content\/uploads\/2025\/11\/norbert.de-small-1-1024x410.png 1024w, https:\/\/www.norbert.de\/wp-content\/uploads\/2025\/11\/norbert.de-small-1-768x308.png 768w\" sizes=\"auto, (max-width: 1536px) 100vw, 1536px\" \/><\/figure>\n\n\n<div class=\"wp-block-image\">\n<figure class=\"alignright size-full is-resized\"><img loading=\"lazy\" decoding=\"async\" width=\"2560\" height=\"2072\" src=\"https:\/\/www.norbert.de\/wp-content\/uploads\/2025\/10\/Selfie-scaled.jpg\" alt=\"\" class=\"wp-image-31\" style=\"width:649px;height:auto\" srcset=\"https:\/\/www.norbert.de\/wp-content\/uploads\/2025\/10\/Selfie-scaled.jpg 2560w, https:\/\/www.norbert.de\/wp-content\/uploads\/2025\/10\/Selfie-300x243.jpg 300w, https:\/\/www.norbert.de\/wp-content\/uploads\/2025\/10\/Selfie-1024x829.jpg 1024w, https:\/\/www.norbert.de\/wp-content\/uploads\/2025\/10\/Selfie-768x622.jpg 768w, https:\/\/www.norbert.de\/wp-content\/uploads\/2025\/10\/Selfie-1536x1243.jpg 1536w, https:\/\/www.norbert.de\/wp-content\/uploads\/2025\/10\/Selfie-2048x1658.jpg 2048w\" sizes=\"auto, (max-width: 2560px) 100vw, 2560px\" \/><\/figure>\n<\/div>\n\n\n<h2 class=\"wp-block-heading\">Willkommen auf norbert.de!<\/h2>\n\n\n\n<p>Schon wieder ist einige Zeit vergangen \u2013 meine alte <strong>Typo3-Installation<\/strong> stammte tats\u00e4chlich noch aus dem Jahr 2018.<\/p>\n\n\n\n<p>Es war also h\u00f6chste Zeit f\u00fcr einen Neuanfang \u2013 moderner, sicherer und leichter zu pflegen.<\/p>\n\n\n\n<p>F\u00fcr diese Neuauflage habe ich mich bewusst f\u00fcr <strong><a href=\"https:\/\/wordpress.com\/\">WordPress<\/a><\/strong> entschieden. Das System ist zukunftssicher, flexibel und l\u00e4sst sich ohne gro\u00dfes Theater aktuell halten. Damit hoffe ich, dass die Seite auch in den kommenden Jahren stabil l\u00e4uft und regelm\u00e4\u00dfig neue Inhalte dazukommen.<\/p>\n\n\n\n<p>Die alten Texte und den ganzen anderen groben Unfug habe ich gr\u00f6\u00dftenteils \u00fcbernommen \u2013 Nostalgie muss sein. Und nat\u00fcrlich gibt es auch weiterhin den beliebten <strong><a href=\"\/index.php\/frank-zappa\/\">Frank-Zappa-Stream<\/a><\/strong>, der schon viele Besucher hierhergef\u00fchrt hat. Musik bleibt schlie\u00dflich das Herzst\u00fcck dieser Seite.<\/p>\n\n\n\n<p>Auch meine <strong>Links zu <a href=\"https:\/\/www.youtube.com\/nschlia\">YouTube<\/a> und <a href=\"https:\/\/www.facebook.com\/norbert.schlia\">Facebook<\/a><\/strong> sind noch da \u2013 wer mag, darf gerne vorbeischauen, kommentieren oder einfach nur zuh\u00f6ren.<\/p>\n\n\n\n<p>Vielleicht kommen demn\u00e4chst noch neue Projekte, Musikempfehlungen oder kleine technische Experimente dazu \u2013 ganz wie es die Zeit erlaubt.<\/p>\n\n\n\n<p>Also:<br>Mach\u2019s dir gem\u00fctlich, klick dich durch, und <strong>viel Spa\u00df beim St\u00f6bern!<\/strong><\/p>\n\n\n\n<p>Viele Gr\u00fc\u00dfe<br><strong>Norbert<\/strong><\/p>\n","protected":false},"excerpt":{"rendered":"<p>Willkommen auf norbert.de! Schon wieder ist einige Zeit vergangen \u2013 meine alte Typo3-Installation stammte tats\u00e4chlich noch aus dem Jahr 2018. Es war also h\u00f6chste Zeit f\u00fcr einen Neuanfang \u2013 moderner, sicherer und leichter zu pflegen. F\u00fcr diese Neuauflage habe ich mich bewusst f\u00fcr WordPress entschieden. Das System ist zukunftssicher, flexibel und l\u00e4sst sich ohne gro\u00dfes&#8230;<\/p>\n","protected":false},"author":1,"featured_media":0,"parent":0,"menu_order":10,"comment_status":"closed","ping_status":"closed","template":"","meta":{"_kad_post_transparent":"","_kad_post_title":"hide","_kad_post_layout":"","_kad_post_sidebar_id":"","_kad_post_content_style":"","_kad_post_vertical_padding":"","_kad_post_feature":"","_kad_post_feature_position":"","_kad_post_header":false,"_kad_post_footer":false,"_kad_post_classname":"","footnotes":""},"class_list":["post-21","page","type-page","status-publish","hentry"],"yoast_head":"<!-- This site is optimized with the Yoast SEO plugin v26.4 - https:\/\/yoast.com\/wordpress\/plugins\/seo\/ -->\n<title>Norbert Schlia | Geschichten, Technik &amp; Zappa 24\/7 Stream<\/title>\n<meta name=\"description\" content=\"Anekdoten, Experimente, Humor und der legend\u00e4re Frank Zappa Stream. Meine Welt in Bits und Beats \u2013 viel Spa\u00df beim St\u00f6bern!\" \/>\n<meta name=\"robots\" content=\"index, follow, max-snippet:-1, max-image-preview:large, max-video-preview:-1\" \/>\n<link rel=\"canonical\" href=\"https:\/\/www.norbert.de\/\" \/>\n<meta property=\"og:locale\" content=\"de_DE\" \/>\n<meta property=\"og:type\" content=\"article\" \/>\n<meta property=\"og:title\" content=\"Norbert Schlia | Geschichten, Technik &amp; Zappa 24\/7 Stream\" \/>\n<meta property=\"og:description\" content=\"Anekdoten, Experimente, Humor und der legend\u00e4re Frank Zappa Stream. Meine Welt in Bits und Beats \u2013 viel Spa\u00df beim St\u00f6bern!\" \/>\n<meta property=\"og:url\" content=\"https:\/\/www.norbert.de\/\" \/>\n<meta property=\"og:site_name\" content=\"Norberts Heimat-Bl\u00e4tter\" \/>\n<meta property=\"article:publisher\" content=\"https:\/\/www.facebook.com\/norbert.schlia\" \/>\n<meta property=\"article:modified_time\" content=\"2025-11-02T12:12:56+00:00\" \/>\n<meta property=\"og:image\" content=\"https:\/\/www.norbert.de\/wp-content\/uploads\/2025\/11\/norbert.de-small-1.png\" \/>\n\t<meta property=\"og:image:width\" content=\"1536\" \/>\n\t<meta property=\"og:image:height\" content=\"615\" \/>\n\t<meta property=\"og:image:type\" content=\"image\/png\" \/>\n<meta name=\"twitter:card\" content=\"summary_large_image\" \/>\n<meta name=\"twitter:label1\" content=\"Gesch\u00e4tzte Lesezeit\" \/>\n\t<meta name=\"twitter:data1\" content=\"2\u00a0Minuten\" \/>\n<script type=\"application\/ld+json\" class=\"yoast-schema-graph\">{\"@context\":\"https:\/\/schema.org\",\"@graph\":[{\"@type\":\"WebPage\",\"@id\":\"https:\/\/www.norbert.de\/\",\"url\":\"https:\/\/www.norbert.de\/\",\"name\":\"Norbert Schlia | Geschichten, Technik & Zappa 24\/7 Stream\",\"isPartOf\":{\"@id\":\"https:\/\/www.norbert.de\/#website\"},\"primaryImageOfPage\":{\"@id\":\"https:\/\/www.norbert.de\/#primaryimage\"},\"image\":{\"@id\":\"https:\/\/www.norbert.de\/#primaryimage\"},\"thumbnailUrl\":\"https:\/\/www.norbert.de\/wp-content\/uploads\/2025\/11\/norbert.de-small-1.png\",\"datePublished\":\"2025-10-27T12:59:11+00:00\",\"dateModified\":\"2025-11-02T12:12:56+00:00\",\"description\":\"Anekdoten, Experimente, Humor und der legend\u00e4re Frank Zappa Stream. Meine Welt in Bits und Beats \u2013 viel Spa\u00df beim St\u00f6bern!\",\"breadcrumb\":{\"@id\":\"https:\/\/www.norbert.de\/#breadcrumb\"},\"inLanguage\":\"de\",\"potentialAction\":[{\"@type\":\"ReadAction\",\"target\":[\"https:\/\/www.norbert.de\/\"]}]},{\"@type\":\"ImageObject\",\"inLanguage\":\"de\",\"@id\":\"https:\/\/www.norbert.de\/#primaryimage\",\"url\":\"https:\/\/www.norbert.de\/wp-content\/uploads\/2025\/11\/norbert.de-small-1.png\",\"contentUrl\":\"https:\/\/www.norbert.de\/wp-content\/uploads\/2025\/11\/norbert.de-small-1.png\",\"width\":1536,\"height\":615},{\"@type\":\"BreadcrumbList\",\"@id\":\"https:\/\/www.norbert.de\/#breadcrumb\",\"itemListElement\":[{\"@type\":\"ListItem\",\"position\":1,\"name\":\"Startseite\",\"item\":\"https:\/\/www.norbert.de\/\"},{\"@type\":\"ListItem\",\"position\":2,\"name\":\"Willkommen auf norbert.de!\"}]},{\"@type\":\"WebSite\",\"@id\":\"https:\/\/www.norbert.de\/#website\",\"url\":\"https:\/\/www.norbert.de\/\",\"name\":\"Norbert's Heimat-Bl\u00e4tter\",\"description\":\"Das Relaunch meiner Homepages\",\"publisher\":{\"@id\":\"https:\/\/www.norbert.de\/#\/schema\/person\/3b432252d8fc5c17e6b449df5a355023\"},\"potentialAction\":[{\"@type\":\"SearchAction\",\"target\":{\"@type\":\"EntryPoint\",\"urlTemplate\":\"https:\/\/www.norbert.de\/?s={search_term_string}\"},\"query-input\":{\"@type\":\"PropertyValueSpecification\",\"valueRequired\":true,\"valueName\":\"search_term_string\"}}],\"inLanguage\":\"de\"},{\"@type\":[\"Person\",\"Organization\"],\"@id\":\"https:\/\/www.norbert.de\/#\/schema\/person\/3b432252d8fc5c17e6b449df5a355023\",\"name\":\"norbert\",\"image\":{\"@type\":\"ImageObject\",\"inLanguage\":\"de\",\"@id\":\"https:\/\/www.norbert.de\/#\/schema\/person\/image\/\",\"url\":\"https:\/\/www.norbert.de\/wp-content\/uploads\/2025\/10\/Selfie-scaled.jpg\",\"contentUrl\":\"https:\/\/www.norbert.de\/wp-content\/uploads\/2025\/10\/Selfie-scaled.jpg\",\"width\":2560,\"height\":2072,\"caption\":\"norbert\"},\"logo\":{\"@id\":\"https:\/\/www.norbert.de\/#\/schema\/person\/image\/\"},\"sameAs\":[\"https:\/\/www.norbert.de\",\"https:\/\/www.facebook.com\/norbert.schlia\",\"https:\/\/www.instagram.com\/norbertschlia\/\",\"https:\/\/www.linkedin.com\/in\/norbertschlia\/\",\"https:\/\/www.youtube.com\/nschlia\"]}]}<\/script>\n<!-- \/ Yoast SEO plugin. -->","yoast_head_json":{"title":"Norbert Schlia | Geschichten, Technik & Zappa 24\/7 Stream","description":"Anekdoten, Experimente, Humor und der legend\u00e4re Frank Zappa Stream. Meine Welt in Bits und Beats \u2013 viel Spa\u00df beim St\u00f6bern!","robots":{"index":"index","follow":"follow","max-snippet":"max-snippet:-1","max-image-preview":"max-image-preview:large","max-video-preview":"max-video-preview:-1"},"canonical":"https:\/\/www.norbert.de\/","og_locale":"de_DE","og_type":"article","og_title":"Norbert Schlia | Geschichten, Technik & Zappa 24\/7 Stream","og_description":"Anekdoten, Experimente, Humor und der legend\u00e4re Frank Zappa Stream. Meine Welt in Bits und Beats \u2013 viel Spa\u00df beim St\u00f6bern!","og_url":"https:\/\/www.norbert.de\/","og_site_name":"Norberts Heimat-Bl\u00e4tter","article_publisher":"https:\/\/www.facebook.com\/norbert.schlia","article_modified_time":"2025-11-02T12:12:56+00:00","og_image":[{"width":1536,"height":615,"url":"https:\/\/www.norbert.de\/wp-content\/uploads\/2025\/11\/norbert.de-small-1.png","type":"image\/png"}],"twitter_card":"summary_large_image","twitter_misc":{"Gesch\u00e4tzte Lesezeit":"2\u00a0Minuten"},"schema":{"@context":"https:\/\/schema.org","@graph":[{"@type":"WebPage","@id":"https:\/\/www.norbert.de\/","url":"https:\/\/www.norbert.de\/","name":"Norbert Schlia | Geschichten, Technik & Zappa 24\/7 Stream","isPartOf":{"@id":"https:\/\/www.norbert.de\/#website"},"primaryImageOfPage":{"@id":"https:\/\/www.norbert.de\/#primaryimage"},"image":{"@id":"https:\/\/www.norbert.de\/#primaryimage"},"thumbnailUrl":"https:\/\/www.norbert.de\/wp-content\/uploads\/2025\/11\/norbert.de-small-1.png","datePublished":"2025-10-27T12:59:11+00:00","dateModified":"2025-11-02T12:12:56+00:00","description":"Anekdoten, Experimente, Humor und der legend\u00e4re Frank Zappa Stream. Meine Welt in Bits und Beats \u2013 viel Spa\u00df beim St\u00f6bern!","breadcrumb":{"@id":"https:\/\/www.norbert.de\/#breadcrumb"},"inLanguage":"de","potentialAction":[{"@type":"ReadAction","target":["https:\/\/www.norbert.de\/"]}]},{"@type":"ImageObject","inLanguage":"de","@id":"https:\/\/www.norbert.de\/#primaryimage","url":"https:\/\/www.norbert.de\/wp-content\/uploads\/2025\/11\/norbert.de-small-1.png","contentUrl":"https:\/\/www.norbert.de\/wp-content\/uploads\/2025\/11\/norbert.de-small-1.png","width":1536,"height":615},{"@type":"BreadcrumbList","@id":"https:\/\/www.norbert.de\/#breadcrumb","itemListElement":[{"@type":"ListItem","position":1,"name":"Startseite","item":"https:\/\/www.norbert.de\/"},{"@type":"ListItem","position":2,"name":"Willkommen auf norbert.de!"}]},{"@type":"WebSite","@id":"https:\/\/www.norbert.de\/#website","url":"https:\/\/www.norbert.de\/","name":"Norbert's Heimat-Bl\u00e4tter","description":"Das Relaunch meiner Homepages","publisher":{"@id":"https:\/\/www.norbert.de\/#\/schema\/person\/3b432252d8fc5c17e6b449df5a355023"},"potentialAction":[{"@type":"SearchAction","target":{"@type":"EntryPoint","urlTemplate":"https:\/\/www.norbert.de\/?s={search_term_string}"},"query-input":{"@type":"PropertyValueSpecification","valueRequired":true,"valueName":"search_term_string"}}],"inLanguage":"de"},{"@type":["Person","Organization"],"@id":"https:\/\/www.norbert.de\/#\/schema\/person\/3b432252d8fc5c17e6b449df5a355023","name":"norbert","image":{"@type":"ImageObject","inLanguage":"de","@id":"https:\/\/www.norbert.de\/#\/schema\/person\/image\/","url":"https:\/\/www.norbert.de\/wp-content\/uploads\/2025\/10\/Selfie-scaled.jpg","contentUrl":"https:\/\/www.norbert.de\/wp-content\/uploads\/2025\/10\/Selfie-scaled.jpg","width":2560,"height":2072,"caption":"norbert"},"logo":{"@id":"https:\/\/www.norbert.de\/#\/schema\/person\/image\/"},"sameAs":["https:\/\/www.norbert.de","https:\/\/www.facebook.com\/norbert.schlia","https:\/\/www.instagram.com\/norbertschlia\/","https:\/\/www.linkedin.com\/in\/norbertschlia\/","https:\/\/www.youtube.com\/nschlia"]}]}},"_links":{"self":[{"href":"https:\/\/www.norbert.de\/index.php\/wp-json\/wp\/v2\/pages\/21","targetHints":{"allow":["GET"]}}],"collection":[{"href":"https:\/\/www.norbert.de\/index.php\/wp-json\/wp\/v2\/pages"}],"about":[{"href":"https:\/\/www.norbert.de\/index.php\/wp-json\/wp\/v2\/types\/page"}],"author":[{"embeddable":true,"href":"https:\/\/www.norbert.de\/index.php\/wp-json\/wp\/v2\/users\/1"}],"replies":[{"embeddable":true,"href":"https:\/\/www.norbert.de\/index.php\/wp-json\/wp\/v2\/comments?post=21"}],"version-history":[{"count":16,"href":"https:\/\/www.norbert.de\/index.php\/wp-json\/wp\/v2\/pages\/21\/revisions"}],"predecessor-version":[{"id":10215,"href":"https:\/\/www.norbert.de\/index.php\/wp-json\/wp\/v2\/pages\/21\/revisions\/10215"}],"wp:attachment":[{"href":"https:\/\/www.norbert.de\/index.php\/wp-json\/wp\/v2\/media?parent=21"}],"curies":[{"name":"wp","href":"https:\/\/api.w.org\/{rel}","templated":true}]}}