{"id":10039,"date":"2025-10-28T11:54:36","date_gmt":"2025-10-28T10:54:36","guid":{"rendered":"https:\/\/relaunch.norbert.de\/?page_id=10039"},"modified":"2025-10-29T09:51:21","modified_gmt":"2025-10-29T08:51:21","slug":"der-muerrische-partygast","status":"publish","type":"page","link":"https:\/\/www.norbert.de\/index.php\/stories\/der-muerrische-partygast\/","title":{"rendered":"Der m\u00fcrrische Partygast"},"content":{"rendered":"\n<div class=\"wp-block-columns is-layout-flex wp-container-core-columns-is-layout-9d6595d7 wp-block-columns-is-layout-flex\">\n<div class=\"wp-block-column is-layout-flow wp-block-column-is-layout-flow\" style=\"flex-basis:66.66%\">\n<h2 class=\"wp-block-heading\">Unerwartete Wendungen<\/h2>\n\n\n\n<h3 class=\"wp-block-heading\">Wie man auf SpongeBob kommt<\/h3>\n\n\n\n<p>Ein englisches Sprichwort lautete: <em>\u201eNever judge a book by its cover.\u201c<\/em><br>Man sollte ein Buch also nicht nach seinem Umschlag beurteilen.<\/p>\n\n\n\n<p>Ein griesgr\u00e4miger Partygast konnte interessante Facetten zeigen \u2013<br>wie sich herausstellen sollte.<\/p>\n\n\n\n<p>W\u00e4hrend meiner Studienzeit standen Partys selbstverst\u00e4ndlich auf der Tagesordnung.<\/p>\n\n\n\n<p>Auf einer sa\u00df ein ziemlich einsilbiger Typ,<br>der d\u00fcster dreinschaute.<br>Er hatte eine mittellange, st\u00fcrmische Frisur,<br>trug eine Lederjacke mit martialischen Aufn\u00e4hern,<br>und seine ganze Erscheinung lie\u00df vermuten,<br>dass er schon einiges erlebt hatte.<\/p>\n\n\n\n<p>Alles in allem war er eine recht interessante Figur,<br>und so versuchte bald jemand, mit ihm ins Gespr\u00e4ch zu kommen.<\/p>\n\n\n\n<p>Einige Fragen wurden gestellt:<\/p>\n\n\n\n<p>\u201eWas bist du denn von Beruf?\u201c<br>\u201eRrrrmmh \u2026 Schlosser.\u201c<br>\u201eWo hast du die Ausbildung gemacht?\u201c<br>\u201eRrrrmmh \u2026 im Knast. In Bruchsal.\u201c<\/p>\n\n\n\n<p>Danach herrschte erst einmal lange Funkstille.<br>Der Typ sa\u00df weiter griesgr\u00e4mig auf demselben Platz.<br>Man muss dazu wissen,<br>dass in Bruchsal in der JVA kaum jemand landet,<br>der weniger als ein paar Jahre aufgebrummt bekommen hat.<\/p>\n\n\n\n<p>Schlie\u00dflich wagte ein anderer Gast eine Frage:<br>\u201eWoher hast du eigentlich die Narbe da?\u201c<br>\u201eRrrrmmh \u2026 vom Knast. In Bruchsal.\u201c<\/p>\n\n\n\n<p>Langsam traute sich keiner mehr, ihn anzusprechen.<br>Sp\u00e4ter dann, ganz vorsichtig, kam wieder eine Stimme:<br>\u201eWoher hast du das Tattoo?\u201c<br>\u201eRrrrmmh \u2026 aus\u2019m Knast. In Bruchsal.\u201c<\/p>\n\n\n\n<p>Im Laufe des Abends liefen im Fernsehen einige Folgen von <em>SpongeBob.<\/em><br>Der Gesichtsausdruck unseres einsilbigen Gastes wurde immer heller.<br>Offenbar kannte er die Serie genau,<br>denn er kommentierte Szenen,<br>zitierte Dialoge<br>und k\u00fcndigte voller Vorfreude an,<br>was gleich passieren w\u00fcrde.<\/p>\n\n\n\n<p>Jemand nahm schlie\u00dflich allen Mut zusammen<br>und stellte vorsichtig die Frage:<\/p>\n\n\n\n<p>\u201eWoher kennst du denn SpongeBob?\u201c<br>\u201eRrrrmmh \u2026 aus\u2019m Knast. In Bruchsal!\u201c<\/p>\n<\/div>\n\n\n\n<div class=\"wp-block-column is-layout-flow wp-block-column-is-layout-flow\" style=\"flex-basis:33.33%\">\n<figure class=\"wp-block-image size-large\"><img loading=\"lazy\" decoding=\"async\" width=\"1024\" height=\"683\" src=\"https:\/\/relaunch.norbert.de\/wp-content\/uploads\/2025\/10\/SpongeBob-1024x683.png\" alt=\"\" class=\"wp-image-10126\" srcset=\"https:\/\/www.norbert.de\/wp-content\/uploads\/2025\/10\/SpongeBob-1024x683.png 1024w, https:\/\/www.norbert.de\/wp-content\/uploads\/2025\/10\/SpongeBob-300x200.png 300w, https:\/\/www.norbert.de\/wp-content\/uploads\/2025\/10\/SpongeBob-768x512.png 768w, https:\/\/www.norbert.de\/wp-content\/uploads\/2025\/10\/SpongeBob.png 1536w\" sizes=\"auto, (max-width: 1024px) 100vw, 1024px\" \/><\/figure>\n<\/div>\n<\/div>\n","protected":false},"excerpt":{"rendered":"<p>Unerwartete Wendungen Wie man auf SpongeBob kommt Ein englisches Sprichwort lautete: \u201eNever judge a book by its cover.\u201cMan sollte ein Buch also nicht nach seinem Umschlag beurteilen. Ein griesgr\u00e4miger Partygast konnte interessante Facetten zeigen \u2013wie sich herausstellen sollte. W\u00e4hrend meiner Studienzeit standen Partys selbstverst\u00e4ndlich auf der Tagesordnung. Auf einer sa\u00df ein ziemlich einsilbiger Typ,der d\u00fcster&#8230;<\/p>\n","protected":false},"author":1,"featured_media":0,"parent":35,"menu_order":150,"comment_status":"closed","ping_status":"closed","template":"","meta":{"_kad_post_transparent":"","_kad_post_title":"","_kad_post_layout":"","_kad_post_sidebar_id":"","_kad_post_content_style":"","_kad_post_vertical_padding":"","_kad_post_feature":"","_kad_post_feature_position":"","_kad_post_header":false,"_kad_post_footer":false,"_kad_post_classname":"","footnotes":""},"class_list":["post-10039","page","type-page","status-publish","hentry"],"yoast_head":"<!-- This site is optimized with the Yoast SEO plugin v26.4 - https:\/\/yoast.com\/wordpress\/plugins\/seo\/ -->\n<title>Unerwartete Wendungen \u2013 Wie man auf SpongeBob kommt<\/title>\n<meta name=\"description\" content=\"Eine Party, ein grimmiger Typ, der immer nur \u201eIm Knast. In Bruchsal!\u201c sagt \u2013 und am Ende eine \u00fcberraschend harmlose Leidenschaft. Trocken, witzig, brillant erz\u00e4hlt.\" \/>\n<meta name=\"robots\" content=\"index, follow, max-snippet:-1, max-image-preview:large, max-video-preview:-1\" \/>\n<link rel=\"canonical\" href=\"https:\/\/www.norbert.de\/index.php\/stories\/der-muerrische-partygast\/\" \/>\n<meta property=\"og:locale\" content=\"de_DE\" \/>\n<meta property=\"og:type\" content=\"article\" \/>\n<meta property=\"og:title\" content=\"Unerwartete Wendungen \u2013 Wie man auf SpongeBob kommt\" \/>\n<meta property=\"og:description\" content=\"Eine Party, ein grimmiger Typ, der immer nur \u201eIm Knast. In Bruchsal!\u201c sagt \u2013 und am Ende eine \u00fcberraschend harmlose Leidenschaft. Trocken, witzig, brillant erz\u00e4hlt.\" \/>\n<meta property=\"og:url\" content=\"https:\/\/www.norbert.de\/index.php\/stories\/der-muerrische-partygast\/\" \/>\n<meta property=\"og:site_name\" content=\"Norberts Heimat-Bl\u00e4tter\" \/>\n<meta property=\"article:publisher\" content=\"https:\/\/www.facebook.com\/norbert.schlia\" \/>\n<meta property=\"article:modified_time\" content=\"2025-10-29T08:51:21+00:00\" \/>\n<meta property=\"og:image\" content=\"https:\/\/relaunch.norbert.de\/wp-content\/uploads\/2025\/10\/SpongeBob-1024x683.png\" \/>\n<meta name=\"twitter:card\" content=\"summary_large_image\" \/>\n<meta name=\"twitter:label1\" content=\"Gesch\u00e4tzte Lesezeit\" \/>\n\t<meta name=\"twitter:data1\" content=\"2\u00a0Minuten\" \/>\n<script type=\"application\/ld+json\" class=\"yoast-schema-graph\">{\"@context\":\"https:\/\/schema.org\",\"@graph\":[{\"@type\":\"WebPage\",\"@id\":\"https:\/\/www.norbert.de\/index.php\/stories\/der-muerrische-partygast\/\",\"url\":\"https:\/\/www.norbert.de\/index.php\/stories\/der-muerrische-partygast\/\",\"name\":\"Unerwartete Wendungen \u2013 Wie man auf SpongeBob kommt\",\"isPartOf\":{\"@id\":\"https:\/\/www.norbert.de\/#website\"},\"primaryImageOfPage\":{\"@id\":\"https:\/\/www.norbert.de\/index.php\/stories\/der-muerrische-partygast\/#primaryimage\"},\"image\":{\"@id\":\"https:\/\/www.norbert.de\/index.php\/stories\/der-muerrische-partygast\/#primaryimage\"},\"thumbnailUrl\":\"https:\/\/relaunch.norbert.de\/wp-content\/uploads\/2025\/10\/SpongeBob-1024x683.png\",\"datePublished\":\"2025-10-28T10:54:36+00:00\",\"dateModified\":\"2025-10-29T08:51:21+00:00\",\"description\":\"Eine Party, ein grimmiger Typ, der immer nur \u201eIm Knast. In Bruchsal!\u201c sagt \u2013 und am Ende eine \u00fcberraschend harmlose Leidenschaft. Trocken, witzig, brillant erz\u00e4hlt.\",\"breadcrumb\":{\"@id\":\"https:\/\/www.norbert.de\/index.php\/stories\/der-muerrische-partygast\/#breadcrumb\"},\"inLanguage\":\"de\",\"potentialAction\":[{\"@type\":\"ReadAction\",\"target\":[\"https:\/\/www.norbert.de\/index.php\/stories\/der-muerrische-partygast\/\"]}]},{\"@type\":\"ImageObject\",\"inLanguage\":\"de\",\"@id\":\"https:\/\/www.norbert.de\/index.php\/stories\/der-muerrische-partygast\/#primaryimage\",\"url\":\"https:\/\/relaunch.norbert.de\/wp-content\/uploads\/2025\/10\/SpongeBob-1024x683.png\",\"contentUrl\":\"https:\/\/relaunch.norbert.de\/wp-content\/uploads\/2025\/10\/SpongeBob-1024x683.png\"},{\"@type\":\"BreadcrumbList\",\"@id\":\"https:\/\/www.norbert.de\/index.php\/stories\/der-muerrische-partygast\/#breadcrumb\",\"itemListElement\":[{\"@type\":\"ListItem\",\"position\":1,\"name\":\"Startseite\",\"item\":\"https:\/\/www.norbert.de\/\"},{\"@type\":\"ListItem\",\"position\":2,\"name\":\"Geschichten aus dem echten Leben\",\"item\":\"https:\/\/www.norbert.de\/index.php\/stories\/\"},{\"@type\":\"ListItem\",\"position\":3,\"name\":\"Der m\u00fcrrische Partygast\"}]},{\"@type\":\"WebSite\",\"@id\":\"https:\/\/www.norbert.de\/#website\",\"url\":\"https:\/\/www.norbert.de\/\",\"name\":\"Norbert's Heimat-Bl\u00e4tter\",\"description\":\"Das Relaunch meiner Homepages\",\"publisher\":{\"@id\":\"https:\/\/www.norbert.de\/#\/schema\/person\/3b432252d8fc5c17e6b449df5a355023\"},\"potentialAction\":[{\"@type\":\"SearchAction\",\"target\":{\"@type\":\"EntryPoint\",\"urlTemplate\":\"https:\/\/www.norbert.de\/?s={search_term_string}\"},\"query-input\":{\"@type\":\"PropertyValueSpecification\",\"valueRequired\":true,\"valueName\":\"search_term_string\"}}],\"inLanguage\":\"de\"},{\"@type\":[\"Person\",\"Organization\"],\"@id\":\"https:\/\/www.norbert.de\/#\/schema\/person\/3b432252d8fc5c17e6b449df5a355023\",\"name\":\"norbert\",\"image\":{\"@type\":\"ImageObject\",\"inLanguage\":\"de\",\"@id\":\"https:\/\/www.norbert.de\/#\/schema\/person\/image\/\",\"url\":\"https:\/\/www.norbert.de\/wp-content\/uploads\/2025\/10\/Selfie-scaled.jpg\",\"contentUrl\":\"https:\/\/www.norbert.de\/wp-content\/uploads\/2025\/10\/Selfie-scaled.jpg\",\"width\":2560,\"height\":2072,\"caption\":\"norbert\"},\"logo\":{\"@id\":\"https:\/\/www.norbert.de\/#\/schema\/person\/image\/\"},\"sameAs\":[\"https:\/\/www.norbert.de\",\"https:\/\/www.facebook.com\/norbert.schlia\",\"https:\/\/www.instagram.com\/norbertschlia\/\",\"https:\/\/www.linkedin.com\/in\/norbertschlia\/\",\"https:\/\/www.youtube.com\/nschlia\"]}]}<\/script>\n<!-- \/ Yoast SEO plugin. -->","yoast_head_json":{"title":"Unerwartete Wendungen \u2013 Wie man auf SpongeBob kommt","description":"Eine Party, ein grimmiger Typ, der immer nur \u201eIm Knast. In Bruchsal!\u201c sagt \u2013 und am Ende eine \u00fcberraschend harmlose Leidenschaft. Trocken, witzig, brillant erz\u00e4hlt.","robots":{"index":"index","follow":"follow","max-snippet":"max-snippet:-1","max-image-preview":"max-image-preview:large","max-video-preview":"max-video-preview:-1"},"canonical":"https:\/\/www.norbert.de\/index.php\/stories\/der-muerrische-partygast\/","og_locale":"de_DE","og_type":"article","og_title":"Unerwartete Wendungen \u2013 Wie man auf SpongeBob kommt","og_description":"Eine Party, ein grimmiger Typ, der immer nur \u201eIm Knast. In Bruchsal!\u201c sagt \u2013 und am Ende eine \u00fcberraschend harmlose Leidenschaft. Trocken, witzig, brillant erz\u00e4hlt.","og_url":"https:\/\/www.norbert.de\/index.php\/stories\/der-muerrische-partygast\/","og_site_name":"Norberts Heimat-Bl\u00e4tter","article_publisher":"https:\/\/www.facebook.com\/norbert.schlia","article_modified_time":"2025-10-29T08:51:21+00:00","og_image":[{"url":"https:\/\/relaunch.norbert.de\/wp-content\/uploads\/2025\/10\/SpongeBob-1024x683.png","type":"","width":"","height":""}],"twitter_card":"summary_large_image","twitter_misc":{"Gesch\u00e4tzte Lesezeit":"2\u00a0Minuten"},"schema":{"@context":"https:\/\/schema.org","@graph":[{"@type":"WebPage","@id":"https:\/\/www.norbert.de\/index.php\/stories\/der-muerrische-partygast\/","url":"https:\/\/www.norbert.de\/index.php\/stories\/der-muerrische-partygast\/","name":"Unerwartete Wendungen \u2013 Wie man auf SpongeBob kommt","isPartOf":{"@id":"https:\/\/www.norbert.de\/#website"},"primaryImageOfPage":{"@id":"https:\/\/www.norbert.de\/index.php\/stories\/der-muerrische-partygast\/#primaryimage"},"image":{"@id":"https:\/\/www.norbert.de\/index.php\/stories\/der-muerrische-partygast\/#primaryimage"},"thumbnailUrl":"https:\/\/relaunch.norbert.de\/wp-content\/uploads\/2025\/10\/SpongeBob-1024x683.png","datePublished":"2025-10-28T10:54:36+00:00","dateModified":"2025-10-29T08:51:21+00:00","description":"Eine Party, ein grimmiger Typ, der immer nur \u201eIm Knast. In Bruchsal!\u201c sagt \u2013 und am Ende eine \u00fcberraschend harmlose Leidenschaft. Trocken, witzig, brillant erz\u00e4hlt.","breadcrumb":{"@id":"https:\/\/www.norbert.de\/index.php\/stories\/der-muerrische-partygast\/#breadcrumb"},"inLanguage":"de","potentialAction":[{"@type":"ReadAction","target":["https:\/\/www.norbert.de\/index.php\/stories\/der-muerrische-partygast\/"]}]},{"@type":"ImageObject","inLanguage":"de","@id":"https:\/\/www.norbert.de\/index.php\/stories\/der-muerrische-partygast\/#primaryimage","url":"https:\/\/relaunch.norbert.de\/wp-content\/uploads\/2025\/10\/SpongeBob-1024x683.png","contentUrl":"https:\/\/relaunch.norbert.de\/wp-content\/uploads\/2025\/10\/SpongeBob-1024x683.png"},{"@type":"BreadcrumbList","@id":"https:\/\/www.norbert.de\/index.php\/stories\/der-muerrische-partygast\/#breadcrumb","itemListElement":[{"@type":"ListItem","position":1,"name":"Startseite","item":"https:\/\/www.norbert.de\/"},{"@type":"ListItem","position":2,"name":"Geschichten aus dem echten Leben","item":"https:\/\/www.norbert.de\/index.php\/stories\/"},{"@type":"ListItem","position":3,"name":"Der m\u00fcrrische Partygast"}]},{"@type":"WebSite","@id":"https:\/\/www.norbert.de\/#website","url":"https:\/\/www.norbert.de\/","name":"Norbert's Heimat-Bl\u00e4tter","description":"Das Relaunch meiner Homepages","publisher":{"@id":"https:\/\/www.norbert.de\/#\/schema\/person\/3b432252d8fc5c17e6b449df5a355023"},"potentialAction":[{"@type":"SearchAction","target":{"@type":"EntryPoint","urlTemplate":"https:\/\/www.norbert.de\/?s={search_term_string}"},"query-input":{"@type":"PropertyValueSpecification","valueRequired":true,"valueName":"search_term_string"}}],"inLanguage":"de"},{"@type":["Person","Organization"],"@id":"https:\/\/www.norbert.de\/#\/schema\/person\/3b432252d8fc5c17e6b449df5a355023","name":"norbert","image":{"@type":"ImageObject","inLanguage":"de","@id":"https:\/\/www.norbert.de\/#\/schema\/person\/image\/","url":"https:\/\/www.norbert.de\/wp-content\/uploads\/2025\/10\/Selfie-scaled.jpg","contentUrl":"https:\/\/www.norbert.de\/wp-content\/uploads\/2025\/10\/Selfie-scaled.jpg","width":2560,"height":2072,"caption":"norbert"},"logo":{"@id":"https:\/\/www.norbert.de\/#\/schema\/person\/image\/"},"sameAs":["https:\/\/www.norbert.de","https:\/\/www.facebook.com\/norbert.schlia","https:\/\/www.instagram.com\/norbertschlia\/","https:\/\/www.linkedin.com\/in\/norbertschlia\/","https:\/\/www.youtube.com\/nschlia"]}]}},"_links":{"self":[{"href":"https:\/\/www.norbert.de\/index.php\/wp-json\/wp\/v2\/pages\/10039","targetHints":{"allow":["GET"]}}],"collection":[{"href":"https:\/\/www.norbert.de\/index.php\/wp-json\/wp\/v2\/pages"}],"about":[{"href":"https:\/\/www.norbert.de\/index.php\/wp-json\/wp\/v2\/types\/page"}],"author":[{"embeddable":true,"href":"https:\/\/www.norbert.de\/index.php\/wp-json\/wp\/v2\/users\/1"}],"replies":[{"embeddable":true,"href":"https:\/\/www.norbert.de\/index.php\/wp-json\/wp\/v2\/comments?post=10039"}],"version-history":[{"count":3,"href":"https:\/\/www.norbert.de\/index.php\/wp-json\/wp\/v2\/pages\/10039\/revisions"}],"predecessor-version":[{"id":10127,"href":"https:\/\/www.norbert.de\/index.php\/wp-json\/wp\/v2\/pages\/10039\/revisions\/10127"}],"up":[{"embeddable":true,"href":"https:\/\/www.norbert.de\/index.php\/wp-json\/wp\/v2\/pages\/35"}],"wp:attachment":[{"href":"https:\/\/www.norbert.de\/index.php\/wp-json\/wp\/v2\/media?parent=10039"}],"curies":[{"name":"wp","href":"https:\/\/api.w.org\/{rel}","templated":true}]}}