{"id":10037,"date":"2025-10-28T11:54:24","date_gmt":"2025-10-28T10:54:24","guid":{"rendered":"https:\/\/relaunch.norbert.de\/?page_id=10037"},"modified":"2025-10-28T22:20:03","modified_gmt":"2025-10-28T21:20:03","slug":"die-invasion","status":"publish","type":"page","link":"https:\/\/www.norbert.de\/index.php\/stories\/die-invasion\/","title":{"rendered":"Die Invasion"},"content":{"rendered":"\n<div class=\"wp-block-columns is-layout-flex wp-container-core-columns-is-layout-9d6595d7 wp-block-columns-is-layout-flex\">\n<div class=\"wp-block-column is-layout-flow wp-block-column-is-layout-flow\" style=\"flex-basis:66.66%\">\n<h2 class=\"wp-block-heading\">Was w\u00e4re, wenn \u2026<\/h2>\n\n\n\n<h3 class=\"wp-block-heading\">Die Invasion<\/h3>\n\n\n\n<p>Von der Menschheit vollkommen unbemerkt n\u00e4herte sich eine riesige Raumflotte der Erde.<br>Millionen bizarr geformter Schiffe, die wie ein Vogelschwarm ihr Leitschiff umringten,<br>zogen lautlos durch den Weltraum.<br>H\u00e4tte jemand die M\u00fche aufgebracht, durch eines der st\u00e4rksten Teleskope zu blicken,<br>er h\u00e4tte sie vielleicht entdecken k\u00f6nnen \u2013<br>aber wer hatte schon einen Grund, genau diese Stelle des Himmels abzusuchen?<\/p>\n\n\n\n<p>Allen, die bei Science-Fiction-Geschichten nicht m\u00fcde wurden zu betonen,<br>dass Au\u00dferirdische doch gar nicht b\u00f6se sein m\u00fcssten,<br>widerlegte diese Flotte auf ihre Weise.<br>Ihre Absichten waren alles andere als freundlich.<br>Zwar hatten sie tats\u00e4chlich kein Interesse daran,<br>Menschen zu versklaven oder zu entf\u00fchren.<\/p>\n\n\n\n<p>Nein \u2013 sie kamen einzig, um die Ressourcen der Erde zu pl\u00fcndern:<br>Eisen, Metalle, Uran, Wasser, Sauerstoff und andere Energielieferanten.<br>Wie schon bei vielen anderen Welten, bewohnt oder unbewohnt,<br>beabsichtigten sie nur, alles Verwertbare auszubeuten<br>und dann weiterzuziehen \u2013 mit fatalen Folgen f\u00fcr die Zur\u00fcckgebliebenen.<\/p>\n\n\n\n<p>Widerstand hatte es auf anderen Planeten kaum gegeben.<br>Angesichts der schieren \u00dcberzahl ihrer Schiffe<br>waren die einheimischen Zivilisationen einfach untergegangen.<\/p>\n\n\n\n<hr class=\"wp-block-separator has-alpha-channel-opacity\"\/>\n\n\n\n<p>Aus sicherem Abstand begann die Flotte,<br>gem\u00e4\u00df ihrer \u00fcblichen Standardvorgehensweise,<br>sich in die irdische Telekommunikation einzuklinken.<br>Man sammelte Informationen,<br>um den Stand der Technik zu bestimmen und Fragen zu kl\u00e4ren:<br>War mit nennenswerter Gegenwehr zu rechnen?<br>Waren die Bewohner sich der drohenden Gefahr bewusst?<br>Welche Abwehrma\u00dfnahmen wurden bereits ergriffen?<\/p>\n\n\n\n<p>Mit dem Zugriff auf das Internet er\u00f6ffneten sich ihnen<br>unz\u00e4hlige Informationsquellen,<br>die begierig ausgewertet wurden.<br>Doch nach kurzer Zeit begann das Netz zur\u00fcckzuschlagen.<br>Die neu verbundenen Computer wurden gescannt,<br>als leichte Ziele identifiziert \u2013<br>schlie\u00dflich hatten die Angreifer noch nie etwas von Computerviren geh\u00f6rt.<\/p>\n\n\n\n<p>Gleichzeitig setzte das Spam-Feuerwerk ein.<br>Wir Menschen waren daran gew\u00f6hnt<br>und verf\u00fcgten \u00fcber Filter, um den Datenm\u00fcll fernzuhalten.<br>Selbst wenn einmal eine Nachricht durchkam,<br>fielen die meisten von uns nicht darauf herein.<\/p>\n\n\n\n<p>F\u00fcr die Au\u00dferirdischen stellte sich das anders dar.<br>Gem\u00e4\u00df ihrem Kodex der Raumfahrer \u2013<br>der erstaunliche \u00c4hnlichkeit mit den Regeln der irdischen Seeschifffahrt aufwies \u2013<br>musste jede eingehende Nachricht auch beantwortet werden.<\/p>\n\n\n\n<p>Das hatte fatale Folgen.<br>Durch die massenhafte Beantwortung von Spam-Mails<br>reagierte das Netz mit weiterem Spam \u2013<br>der wiederum h\u00f6flich, aber ablehnend beantwortet wurde.<\/p>\n\n\n\n<hr class=\"wp-block-separator has-alpha-channel-opacity\"\/>\n\n\n\n<p>Das wurde bald zum Problem.<br>Trotz der unglaublichen Anzahl an Besatzungsmitgliedern<br>mussten immer mehr Individuen<br>f\u00fcr die Beantwortung der Nachrichten abgestellt werden.<br>Wichtige Posten blieben unbesetzt,<br>was zu Havarien zwischen den Schiffen f\u00fchrte<br>und weitere Ressourcen band.<\/p>\n\n\n\n<p>Auch die Technik spielte nicht mehr mit.<br>Die Internetaktivit\u00e4ten blockierten interne Datenleitungen<br>und st\u00f6rten die Kommunikation innerhalb der Flotte.<br>Trotz aller Bem\u00fchungen, die Kapazit\u00e4ten aufzustocken,<br>brachen die Netze immer wieder zusammen.<br>Selbst die Speicher wurden knapp \u2013<br>man kam mit der Erweiterung einfach nicht nach.<\/p>\n\n\n\n<p>Dramatisch wirkten sich die Folgen auch auf die notwendigen Ruhephasen der Besatzung aus.<br>Wie Menschen mussten sie regelm\u00e4\u00dfig eine Art Schlaf halten,<br>den sie in Stasis verbrachten.<br>Doch statt sich auszuruhen,<br>sa\u00dfen sie ununterbrochen vor den Terminals<br>und besch\u00e4ftigten sich hemmungslos mit dem Internet.<\/p>\n\n\n\n<p>Bald fielen immer mehr Wesen einfach dort in Starre,<br>wo sie gerade standen.<br>Auf G\u00e4ngen und Korridoren lagen sie herum,<br>unterbrachen wichtige T\u00e4tigkeiten,<br>weil sie ersch\u00f6pft in den Schlaf kippten.<\/p>\n\n\n\n<hr class=\"wp-block-separator has-alpha-channel-opacity\"\/>\n\n\n\n<p>Schlie\u00dflich fasste die Besatzung des Leitschiffs einen Entschluss.<br>Offenbar waren die Bewohner des Planeten bereit,<br>f\u00fcr den blo\u00dfen Handel mit Waren<br>eine nahezu unersch\u00f6pfliche Energie aufzubringen.<br>Wie viel Energie w\u00fcrden sie dann wohl<br>f\u00fcr die Verteidigung ihrer Welt aufbringen?<\/p>\n\n\n\n<p>Das Risiko, bei diesem Angriff die erste Niederlage ihrer Geschichte zu erleiden,<br>machte die Entscheidung leicht.<\/p>\n\n\n\n<p>Und so zog die riesige Raumflotte,<br>mit Millionen bizarr geformter Schiffe,<br>die wie ein Vogelschwarm ihr Leitschiff umringten,<br>lautlos weiter \u2013<br>in Richtung eines anderen Sonnensystems.<\/p>\n\n\n\n<p>W\u00e4hrenddessen ahnte auf der Erde kein einziger Mensch,<br>welcher Gefahr wir gerade entronnen waren.<\/p>\n<\/div>\n\n\n\n<div class=\"wp-block-column is-layout-flow wp-block-column-is-layout-flow\" style=\"flex-basis:33.33%\"><\/div>\n<\/div>\n","protected":false},"excerpt":{"rendered":"<p>Was w\u00e4re, wenn \u2026 Die Invasion Von der Menschheit vollkommen unbemerkt n\u00e4herte sich eine riesige Raumflotte der Erde.Millionen bizarr geformter Schiffe, die wie ein Vogelschwarm ihr Leitschiff umringten,zogen lautlos durch den Weltraum.H\u00e4tte jemand die M\u00fche aufgebracht, durch eines der st\u00e4rksten Teleskope zu blicken,er h\u00e4tte sie vielleicht entdecken k\u00f6nnen \u2013aber wer hatte schon einen Grund, genau&#8230;<\/p>\n","protected":false},"author":1,"featured_media":0,"parent":35,"menu_order":140,"comment_status":"closed","ping_status":"closed","template":"","meta":{"_kad_post_transparent":"","_kad_post_title":"","_kad_post_layout":"","_kad_post_sidebar_id":"","_kad_post_content_style":"","_kad_post_vertical_padding":"","_kad_post_feature":"","_kad_post_feature_position":"","_kad_post_header":false,"_kad_post_footer":false,"_kad_post_classname":"","footnotes":""},"class_list":["post-10037","page","type-page","status-publish","hentry"],"yoast_head":"<!-- This site is optimized with the Yoast SEO plugin v26.4 - https:\/\/yoast.com\/wordpress\/plugins\/seo\/ -->\n<title>Was w\u00e4re, wenn \u2026 \u2013 Die Invasion der Internet-Aliens<\/title>\n<meta name=\"description\" content=\"Eine satirische Science-Fiction-Geschichte: Aliens greifen die Erde an \u2013 und scheitern an Spam, Viren und menschlicher Internetlogik. Trocken, b\u00f6se und brillant.\" \/>\n<meta name=\"robots\" content=\"index, follow, max-snippet:-1, max-image-preview:large, max-video-preview:-1\" \/>\n<link rel=\"canonical\" href=\"https:\/\/www.norbert.de\/index.php\/stories\/die-invasion\/\" \/>\n<meta property=\"og:locale\" content=\"de_DE\" \/>\n<meta property=\"og:type\" content=\"article\" \/>\n<meta property=\"og:title\" content=\"Was w\u00e4re, wenn \u2026 \u2013 Die Invasion der Internet-Aliens\" \/>\n<meta property=\"og:description\" content=\"Eine satirische Science-Fiction-Geschichte: Aliens greifen die Erde an \u2013 und scheitern an Spam, Viren und menschlicher Internetlogik. Trocken, b\u00f6se und brillant.\" \/>\n<meta property=\"og:url\" content=\"https:\/\/www.norbert.de\/index.php\/stories\/die-invasion\/\" \/>\n<meta property=\"og:site_name\" content=\"Norberts Heimat-Bl\u00e4tter\" \/>\n<meta property=\"article:publisher\" content=\"https:\/\/www.facebook.com\/norbert.schlia\" \/>\n<meta property=\"article:modified_time\" content=\"2025-10-28T21:20:03+00:00\" \/>\n<meta name=\"twitter:card\" content=\"summary_large_image\" \/>\n<meta name=\"twitter:label1\" content=\"Gesch\u00e4tzte Lesezeit\" \/>\n\t<meta name=\"twitter:data1\" content=\"4\u00a0Minuten\" \/>\n<script type=\"application\/ld+json\" class=\"yoast-schema-graph\">{\"@context\":\"https:\/\/schema.org\",\"@graph\":[{\"@type\":\"WebPage\",\"@id\":\"https:\/\/www.norbert.de\/index.php\/stories\/die-invasion\/\",\"url\":\"https:\/\/www.norbert.de\/index.php\/stories\/die-invasion\/\",\"name\":\"Was w\u00e4re, wenn \u2026 \u2013 Die Invasion der Internet-Aliens\",\"isPartOf\":{\"@id\":\"https:\/\/www.norbert.de\/#website\"},\"datePublished\":\"2025-10-28T10:54:24+00:00\",\"dateModified\":\"2025-10-28T21:20:03+00:00\",\"description\":\"Eine satirische Science-Fiction-Geschichte: Aliens greifen die Erde an \u2013 und scheitern an Spam, Viren und menschlicher Internetlogik. Trocken, b\u00f6se und brillant.\",\"breadcrumb\":{\"@id\":\"https:\/\/www.norbert.de\/index.php\/stories\/die-invasion\/#breadcrumb\"},\"inLanguage\":\"de\",\"potentialAction\":[{\"@type\":\"ReadAction\",\"target\":[\"https:\/\/www.norbert.de\/index.php\/stories\/die-invasion\/\"]}]},{\"@type\":\"BreadcrumbList\",\"@id\":\"https:\/\/www.norbert.de\/index.php\/stories\/die-invasion\/#breadcrumb\",\"itemListElement\":[{\"@type\":\"ListItem\",\"position\":1,\"name\":\"Startseite\",\"item\":\"https:\/\/www.norbert.de\/\"},{\"@type\":\"ListItem\",\"position\":2,\"name\":\"Geschichten aus dem echten Leben\",\"item\":\"https:\/\/www.norbert.de\/index.php\/stories\/\"},{\"@type\":\"ListItem\",\"position\":3,\"name\":\"Die Invasion\"}]},{\"@type\":\"WebSite\",\"@id\":\"https:\/\/www.norbert.de\/#website\",\"url\":\"https:\/\/www.norbert.de\/\",\"name\":\"Norbert's Heimat-Bl\u00e4tter\",\"description\":\"Das Relaunch meiner Homepages\",\"publisher\":{\"@id\":\"https:\/\/www.norbert.de\/#\/schema\/person\/3b432252d8fc5c17e6b449df5a355023\"},\"potentialAction\":[{\"@type\":\"SearchAction\",\"target\":{\"@type\":\"EntryPoint\",\"urlTemplate\":\"https:\/\/www.norbert.de\/?s={search_term_string}\"},\"query-input\":{\"@type\":\"PropertyValueSpecification\",\"valueRequired\":true,\"valueName\":\"search_term_string\"}}],\"inLanguage\":\"de\"},{\"@type\":[\"Person\",\"Organization\"],\"@id\":\"https:\/\/www.norbert.de\/#\/schema\/person\/3b432252d8fc5c17e6b449df5a355023\",\"name\":\"norbert\",\"image\":{\"@type\":\"ImageObject\",\"inLanguage\":\"de\",\"@id\":\"https:\/\/www.norbert.de\/#\/schema\/person\/image\/\",\"url\":\"https:\/\/www.norbert.de\/wp-content\/uploads\/2025\/10\/Selfie-scaled.jpg\",\"contentUrl\":\"https:\/\/www.norbert.de\/wp-content\/uploads\/2025\/10\/Selfie-scaled.jpg\",\"width\":2560,\"height\":2072,\"caption\":\"norbert\"},\"logo\":{\"@id\":\"https:\/\/www.norbert.de\/#\/schema\/person\/image\/\"},\"sameAs\":[\"https:\/\/www.norbert.de\",\"https:\/\/www.facebook.com\/norbert.schlia\",\"https:\/\/www.instagram.com\/norbertschlia\/\",\"https:\/\/www.linkedin.com\/in\/norbertschlia\/\",\"https:\/\/www.youtube.com\/nschlia\"]}]}<\/script>\n<!-- \/ Yoast SEO plugin. -->","yoast_head_json":{"title":"Was w\u00e4re, wenn \u2026 \u2013 Die Invasion der Internet-Aliens","description":"Eine satirische Science-Fiction-Geschichte: Aliens greifen die Erde an \u2013 und scheitern an Spam, Viren und menschlicher Internetlogik. Trocken, b\u00f6se und brillant.","robots":{"index":"index","follow":"follow","max-snippet":"max-snippet:-1","max-image-preview":"max-image-preview:large","max-video-preview":"max-video-preview:-1"},"canonical":"https:\/\/www.norbert.de\/index.php\/stories\/die-invasion\/","og_locale":"de_DE","og_type":"article","og_title":"Was w\u00e4re, wenn \u2026 \u2013 Die Invasion der Internet-Aliens","og_description":"Eine satirische Science-Fiction-Geschichte: Aliens greifen die Erde an \u2013 und scheitern an Spam, Viren und menschlicher Internetlogik. Trocken, b\u00f6se und brillant.","og_url":"https:\/\/www.norbert.de\/index.php\/stories\/die-invasion\/","og_site_name":"Norberts Heimat-Bl\u00e4tter","article_publisher":"https:\/\/www.facebook.com\/norbert.schlia","article_modified_time":"2025-10-28T21:20:03+00:00","twitter_card":"summary_large_image","twitter_misc":{"Gesch\u00e4tzte Lesezeit":"4\u00a0Minuten"},"schema":{"@context":"https:\/\/schema.org","@graph":[{"@type":"WebPage","@id":"https:\/\/www.norbert.de\/index.php\/stories\/die-invasion\/","url":"https:\/\/www.norbert.de\/index.php\/stories\/die-invasion\/","name":"Was w\u00e4re, wenn \u2026 \u2013 Die Invasion der Internet-Aliens","isPartOf":{"@id":"https:\/\/www.norbert.de\/#website"},"datePublished":"2025-10-28T10:54:24+00:00","dateModified":"2025-10-28T21:20:03+00:00","description":"Eine satirische Science-Fiction-Geschichte: Aliens greifen die Erde an \u2013 und scheitern an Spam, Viren und menschlicher Internetlogik. Trocken, b\u00f6se und brillant.","breadcrumb":{"@id":"https:\/\/www.norbert.de\/index.php\/stories\/die-invasion\/#breadcrumb"},"inLanguage":"de","potentialAction":[{"@type":"ReadAction","target":["https:\/\/www.norbert.de\/index.php\/stories\/die-invasion\/"]}]},{"@type":"BreadcrumbList","@id":"https:\/\/www.norbert.de\/index.php\/stories\/die-invasion\/#breadcrumb","itemListElement":[{"@type":"ListItem","position":1,"name":"Startseite","item":"https:\/\/www.norbert.de\/"},{"@type":"ListItem","position":2,"name":"Geschichten aus dem echten Leben","item":"https:\/\/www.norbert.de\/index.php\/stories\/"},{"@type":"ListItem","position":3,"name":"Die Invasion"}]},{"@type":"WebSite","@id":"https:\/\/www.norbert.de\/#website","url":"https:\/\/www.norbert.de\/","name":"Norbert's Heimat-Bl\u00e4tter","description":"Das Relaunch meiner Homepages","publisher":{"@id":"https:\/\/www.norbert.de\/#\/schema\/person\/3b432252d8fc5c17e6b449df5a355023"},"potentialAction":[{"@type":"SearchAction","target":{"@type":"EntryPoint","urlTemplate":"https:\/\/www.norbert.de\/?s={search_term_string}"},"query-input":{"@type":"PropertyValueSpecification","valueRequired":true,"valueName":"search_term_string"}}],"inLanguage":"de"},{"@type":["Person","Organization"],"@id":"https:\/\/www.norbert.de\/#\/schema\/person\/3b432252d8fc5c17e6b449df5a355023","name":"norbert","image":{"@type":"ImageObject","inLanguage":"de","@id":"https:\/\/www.norbert.de\/#\/schema\/person\/image\/","url":"https:\/\/www.norbert.de\/wp-content\/uploads\/2025\/10\/Selfie-scaled.jpg","contentUrl":"https:\/\/www.norbert.de\/wp-content\/uploads\/2025\/10\/Selfie-scaled.jpg","width":2560,"height":2072,"caption":"norbert"},"logo":{"@id":"https:\/\/www.norbert.de\/#\/schema\/person\/image\/"},"sameAs":["https:\/\/www.norbert.de","https:\/\/www.facebook.com\/norbert.schlia","https:\/\/www.instagram.com\/norbertschlia\/","https:\/\/www.linkedin.com\/in\/norbertschlia\/","https:\/\/www.youtube.com\/nschlia"]}]}},"_links":{"self":[{"href":"https:\/\/www.norbert.de\/index.php\/wp-json\/wp\/v2\/pages\/10037","targetHints":{"allow":["GET"]}}],"collection":[{"href":"https:\/\/www.norbert.de\/index.php\/wp-json\/wp\/v2\/pages"}],"about":[{"href":"https:\/\/www.norbert.de\/index.php\/wp-json\/wp\/v2\/types\/page"}],"author":[{"embeddable":true,"href":"https:\/\/www.norbert.de\/index.php\/wp-json\/wp\/v2\/users\/1"}],"replies":[{"embeddable":true,"href":"https:\/\/www.norbert.de\/index.php\/wp-json\/wp\/v2\/comments?post=10037"}],"version-history":[{"count":2,"href":"https:\/\/www.norbert.de\/index.php\/wp-json\/wp\/v2\/pages\/10037\/revisions"}],"predecessor-version":[{"id":10091,"href":"https:\/\/www.norbert.de\/index.php\/wp-json\/wp\/v2\/pages\/10037\/revisions\/10091"}],"up":[{"embeddable":true,"href":"https:\/\/www.norbert.de\/index.php\/wp-json\/wp\/v2\/pages\/35"}],"wp:attachment":[{"href":"https:\/\/www.norbert.de\/index.php\/wp-json\/wp\/v2\/media?parent=10037"}],"curies":[{"name":"wp","href":"https:\/\/api.w.org\/{rel}","templated":true}]}}