{"id":10033,"date":"2025-10-28T11:54:05","date_gmt":"2025-10-28T10:54:05","guid":{"rendered":"https:\/\/relaunch.norbert.de\/?page_id=10033"},"modified":"2025-10-28T22:11:21","modified_gmt":"2025-10-28T21:11:21","slug":"tolle-ideen-zu-solarbeleuchtung","status":"publish","type":"page","link":"https:\/\/www.norbert.de\/index.php\/stories\/tolle-ideen-zu-solarbeleuchtung\/","title":{"rendered":"Tolle Ideen zu Solarbeleuchtung"},"content":{"rendered":"\n<div class=\"wp-block-columns is-layout-flex wp-container-core-columns-is-layout-9d6595d7 wp-block-columns-is-layout-flex\">\n<div class=\"wp-block-column is-layout-flow wp-block-column-is-layout-flow\" style=\"flex-basis:66.66%\">\n<h2 class=\"wp-block-heading\">Nutzlose Artikel<\/h2>\n\n\n\n<h3 class=\"wp-block-heading\">Solarbetriebene Au\u00dfenbeleuchtung<\/h3>\n\n\n\n<p>Manchmal dachte man, man h\u00e4tte etwas total Praktisches gekauft \u2013<br>nur um sp\u00e4ter festzustellen, dass es sich als v\u00f6llig nutzlos herausstellte.<\/p>\n\n\n\n<p>Der patentierte Schnelldosen\u00f6ffner etwa,<br>der Dosen nur zerst\u00f6rte,<br>so dass der Inhalt selbst mit einem anst\u00e4ndigen \u00d6ffner nicht mehr erreichbar war.<br>Oder der praktische Felgenbaum f\u00fcr die Garage,<br>der bei jeder Gelegenheit umfiel.<\/p>\n\n\n\n<p>Die neuen, mit Solarzellen ausgestatteten Gartenlampen gab es in allen m\u00f6glichen Formen \u2013<br>als Seerose, Lichterkette oder einfach als Laterne mit Erdspie\u00df.<\/p>\n\n\n\n<p>Da man sie allerdings nicht in der Sonne lassen konnte,<br>musste man sie morgens hereinholen.<br>Durch das UV-Licht wurde das Plastik n\u00e4mlich br\u00fcchig,<br>so dass man nicht allzu lange Freude daran hatte.<\/p>\n\n\n\n<p>Praktischerweise konnte man die Akkus entnehmen<br>und beispielsweise in ein Ladeger\u00e4t stecken.<br>Dann brachte man die Lampe abends wieder hinaus<br>und hatte nachts Licht im Garten.<\/p>\n\n\n\n<p>Allerdings musste man aufpassen \u2013<br>es durfte nicht regnen.<br>Dadurch wurde die Solarzelle blind,<br>das klare Plastik dar\u00fcber undurchsichtig.<br>Au\u00dferdem litten durch die st\u00e4ndige Akkuentnahme die Dichtungen,<br>so dass bald Feuchtigkeit in die Lampe eindrang.<\/p>\n\n\n\n<p>Ich hatte da \u00fcbrigens eine gro\u00dfartige Idee.<br>Vielleicht sollte ich sie vermarkten \u2013<br>ich glaubte, man k\u00f6nnte damit richtig Geld verdienen.<\/p>\n\n\n\n<p>Man m\u00fcsste die Lampen einfach so konstruieren,<br>dass sie UV-Licht und Regen vertrugen.<br>Das w\u00e4re der Knaller!<\/p>\n\n\n\n<p>Dann k\u00f6nnte man sie tags\u00fcber drau\u00dfen lassen,<br>und sie w\u00fcrden nachts automatisch leuchten.<br>Dass bisher niemand auf diese Idee gekommen war?<\/p>\n<\/div>\n\n\n\n<div class=\"wp-block-column is-layout-flow wp-block-column-is-layout-flow\" style=\"flex-basis:33.33%\"><\/div>\n<\/div>\n","protected":false},"excerpt":{"rendered":"<p>Nutzlose Artikel Solarbetriebene Au\u00dfenbeleuchtung Manchmal dachte man, man h\u00e4tte etwas total Praktisches gekauft \u2013nur um sp\u00e4ter festzustellen, dass es sich als v\u00f6llig nutzlos herausstellte. Der patentierte Schnelldosen\u00f6ffner etwa,der Dosen nur zerst\u00f6rte,so dass der Inhalt selbst mit einem anst\u00e4ndigen \u00d6ffner nicht mehr erreichbar war.Oder der praktische Felgenbaum f\u00fcr die Garage,der bei jeder Gelegenheit umfiel. Die neuen,&#8230;<\/p>\n","protected":false},"author":1,"featured_media":0,"parent":35,"menu_order":120,"comment_status":"closed","ping_status":"closed","template":"","meta":{"_kad_post_transparent":"","_kad_post_title":"","_kad_post_layout":"","_kad_post_sidebar_id":"","_kad_post_content_style":"","_kad_post_vertical_padding":"","_kad_post_feature":"","_kad_post_feature_position":"","_kad_post_header":false,"_kad_post_footer":false,"_kad_post_classname":"","footnotes":""},"class_list":["post-10033","page","type-page","status-publish","hentry"],"yoast_head":"<!-- This site is optimized with the Yoast SEO plugin v26.4 - https:\/\/yoast.com\/wordpress\/plugins\/seo\/ -->\n<title>Nutzlose Artikel \u2013 Die Wahrheit \u00fcber Solarleuchten<\/title>\n<meta name=\"description\" content=\"Satirische Alltagsbeobachtung: Wenn Solarleuchten UV, Regen und Logik nicht \u00fcberleben \u2013 und eine geniale Idee pl\u00f6tzlich gar nicht so neu klingt.\" \/>\n<meta name=\"robots\" content=\"index, follow, max-snippet:-1, max-image-preview:large, max-video-preview:-1\" \/>\n<link rel=\"canonical\" href=\"https:\/\/www.norbert.de\/index.php\/stories\/tolle-ideen-zu-solarbeleuchtung\/\" \/>\n<meta property=\"og:locale\" content=\"de_DE\" \/>\n<meta property=\"og:type\" content=\"article\" \/>\n<meta property=\"og:title\" content=\"Nutzlose Artikel \u2013 Die Wahrheit \u00fcber Solarleuchten\" \/>\n<meta property=\"og:description\" content=\"Satirische Alltagsbeobachtung: Wenn Solarleuchten UV, Regen und Logik nicht \u00fcberleben \u2013 und eine geniale Idee pl\u00f6tzlich gar nicht so neu klingt.\" \/>\n<meta property=\"og:url\" content=\"https:\/\/www.norbert.de\/index.php\/stories\/tolle-ideen-zu-solarbeleuchtung\/\" \/>\n<meta property=\"og:site_name\" content=\"Norberts Heimat-Bl\u00e4tter\" \/>\n<meta property=\"article:publisher\" content=\"https:\/\/www.facebook.com\/norbert.schlia\" \/>\n<meta property=\"article:modified_time\" content=\"2025-10-28T21:11:21+00:00\" \/>\n<meta name=\"twitter:card\" content=\"summary_large_image\" \/>\n<meta name=\"twitter:label1\" content=\"Gesch\u00e4tzte Lesezeit\" \/>\n\t<meta name=\"twitter:data1\" content=\"2\u00a0Minuten\" \/>\n<script type=\"application\/ld+json\" class=\"yoast-schema-graph\">{\"@context\":\"https:\/\/schema.org\",\"@graph\":[{\"@type\":\"WebPage\",\"@id\":\"https:\/\/www.norbert.de\/index.php\/stories\/tolle-ideen-zu-solarbeleuchtung\/\",\"url\":\"https:\/\/www.norbert.de\/index.php\/stories\/tolle-ideen-zu-solarbeleuchtung\/\",\"name\":\"Nutzlose Artikel \u2013 Die Wahrheit \u00fcber Solarleuchten\",\"isPartOf\":{\"@id\":\"https:\/\/www.norbert.de\/#website\"},\"datePublished\":\"2025-10-28T10:54:05+00:00\",\"dateModified\":\"2025-10-28T21:11:21+00:00\",\"description\":\"Satirische Alltagsbeobachtung: Wenn Solarleuchten UV, Regen und Logik nicht \u00fcberleben \u2013 und eine geniale Idee pl\u00f6tzlich gar nicht so neu klingt.\",\"breadcrumb\":{\"@id\":\"https:\/\/www.norbert.de\/index.php\/stories\/tolle-ideen-zu-solarbeleuchtung\/#breadcrumb\"},\"inLanguage\":\"de\",\"potentialAction\":[{\"@type\":\"ReadAction\",\"target\":[\"https:\/\/www.norbert.de\/index.php\/stories\/tolle-ideen-zu-solarbeleuchtung\/\"]}]},{\"@type\":\"BreadcrumbList\",\"@id\":\"https:\/\/www.norbert.de\/index.php\/stories\/tolle-ideen-zu-solarbeleuchtung\/#breadcrumb\",\"itemListElement\":[{\"@type\":\"ListItem\",\"position\":1,\"name\":\"Startseite\",\"item\":\"https:\/\/www.norbert.de\/\"},{\"@type\":\"ListItem\",\"position\":2,\"name\":\"Geschichten aus dem echten Leben\",\"item\":\"https:\/\/www.norbert.de\/index.php\/stories\/\"},{\"@type\":\"ListItem\",\"position\":3,\"name\":\"Tolle Ideen zu Solarbeleuchtung\"}]},{\"@type\":\"WebSite\",\"@id\":\"https:\/\/www.norbert.de\/#website\",\"url\":\"https:\/\/www.norbert.de\/\",\"name\":\"Norbert's Heimat-Bl\u00e4tter\",\"description\":\"Das Relaunch meiner Homepages\",\"publisher\":{\"@id\":\"https:\/\/www.norbert.de\/#\/schema\/person\/3b432252d8fc5c17e6b449df5a355023\"},\"potentialAction\":[{\"@type\":\"SearchAction\",\"target\":{\"@type\":\"EntryPoint\",\"urlTemplate\":\"https:\/\/www.norbert.de\/?s={search_term_string}\"},\"query-input\":{\"@type\":\"PropertyValueSpecification\",\"valueRequired\":true,\"valueName\":\"search_term_string\"}}],\"inLanguage\":\"de\"},{\"@type\":[\"Person\",\"Organization\"],\"@id\":\"https:\/\/www.norbert.de\/#\/schema\/person\/3b432252d8fc5c17e6b449df5a355023\",\"name\":\"norbert\",\"image\":{\"@type\":\"ImageObject\",\"inLanguage\":\"de\",\"@id\":\"https:\/\/www.norbert.de\/#\/schema\/person\/image\/\",\"url\":\"https:\/\/www.norbert.de\/wp-content\/uploads\/2025\/10\/Selfie-scaled.jpg\",\"contentUrl\":\"https:\/\/www.norbert.de\/wp-content\/uploads\/2025\/10\/Selfie-scaled.jpg\",\"width\":2560,\"height\":2072,\"caption\":\"norbert\"},\"logo\":{\"@id\":\"https:\/\/www.norbert.de\/#\/schema\/person\/image\/\"},\"sameAs\":[\"https:\/\/www.norbert.de\",\"https:\/\/www.facebook.com\/norbert.schlia\",\"https:\/\/www.instagram.com\/norbertschlia\/\",\"https:\/\/www.linkedin.com\/in\/norbertschlia\/\",\"https:\/\/www.youtube.com\/nschlia\"]}]}<\/script>\n<!-- \/ Yoast SEO plugin. -->","yoast_head_json":{"title":"Nutzlose Artikel \u2013 Die Wahrheit \u00fcber Solarleuchten","description":"Satirische Alltagsbeobachtung: Wenn Solarleuchten UV, Regen und Logik nicht \u00fcberleben \u2013 und eine geniale Idee pl\u00f6tzlich gar nicht so neu klingt.","robots":{"index":"index","follow":"follow","max-snippet":"max-snippet:-1","max-image-preview":"max-image-preview:large","max-video-preview":"max-video-preview:-1"},"canonical":"https:\/\/www.norbert.de\/index.php\/stories\/tolle-ideen-zu-solarbeleuchtung\/","og_locale":"de_DE","og_type":"article","og_title":"Nutzlose Artikel \u2013 Die Wahrheit \u00fcber Solarleuchten","og_description":"Satirische Alltagsbeobachtung: Wenn Solarleuchten UV, Regen und Logik nicht \u00fcberleben \u2013 und eine geniale Idee pl\u00f6tzlich gar nicht so neu klingt.","og_url":"https:\/\/www.norbert.de\/index.php\/stories\/tolle-ideen-zu-solarbeleuchtung\/","og_site_name":"Norberts Heimat-Bl\u00e4tter","article_publisher":"https:\/\/www.facebook.com\/norbert.schlia","article_modified_time":"2025-10-28T21:11:21+00:00","twitter_card":"summary_large_image","twitter_misc":{"Gesch\u00e4tzte Lesezeit":"2\u00a0Minuten"},"schema":{"@context":"https:\/\/schema.org","@graph":[{"@type":"WebPage","@id":"https:\/\/www.norbert.de\/index.php\/stories\/tolle-ideen-zu-solarbeleuchtung\/","url":"https:\/\/www.norbert.de\/index.php\/stories\/tolle-ideen-zu-solarbeleuchtung\/","name":"Nutzlose Artikel \u2013 Die Wahrheit \u00fcber Solarleuchten","isPartOf":{"@id":"https:\/\/www.norbert.de\/#website"},"datePublished":"2025-10-28T10:54:05+00:00","dateModified":"2025-10-28T21:11:21+00:00","description":"Satirische Alltagsbeobachtung: Wenn Solarleuchten UV, Regen und Logik nicht \u00fcberleben \u2013 und eine geniale Idee pl\u00f6tzlich gar nicht so neu klingt.","breadcrumb":{"@id":"https:\/\/www.norbert.de\/index.php\/stories\/tolle-ideen-zu-solarbeleuchtung\/#breadcrumb"},"inLanguage":"de","potentialAction":[{"@type":"ReadAction","target":["https:\/\/www.norbert.de\/index.php\/stories\/tolle-ideen-zu-solarbeleuchtung\/"]}]},{"@type":"BreadcrumbList","@id":"https:\/\/www.norbert.de\/index.php\/stories\/tolle-ideen-zu-solarbeleuchtung\/#breadcrumb","itemListElement":[{"@type":"ListItem","position":1,"name":"Startseite","item":"https:\/\/www.norbert.de\/"},{"@type":"ListItem","position":2,"name":"Geschichten aus dem echten Leben","item":"https:\/\/www.norbert.de\/index.php\/stories\/"},{"@type":"ListItem","position":3,"name":"Tolle Ideen zu Solarbeleuchtung"}]},{"@type":"WebSite","@id":"https:\/\/www.norbert.de\/#website","url":"https:\/\/www.norbert.de\/","name":"Norbert's Heimat-Bl\u00e4tter","description":"Das Relaunch meiner Homepages","publisher":{"@id":"https:\/\/www.norbert.de\/#\/schema\/person\/3b432252d8fc5c17e6b449df5a355023"},"potentialAction":[{"@type":"SearchAction","target":{"@type":"EntryPoint","urlTemplate":"https:\/\/www.norbert.de\/?s={search_term_string}"},"query-input":{"@type":"PropertyValueSpecification","valueRequired":true,"valueName":"search_term_string"}}],"inLanguage":"de"},{"@type":["Person","Organization"],"@id":"https:\/\/www.norbert.de\/#\/schema\/person\/3b432252d8fc5c17e6b449df5a355023","name":"norbert","image":{"@type":"ImageObject","inLanguage":"de","@id":"https:\/\/www.norbert.de\/#\/schema\/person\/image\/","url":"https:\/\/www.norbert.de\/wp-content\/uploads\/2025\/10\/Selfie-scaled.jpg","contentUrl":"https:\/\/www.norbert.de\/wp-content\/uploads\/2025\/10\/Selfie-scaled.jpg","width":2560,"height":2072,"caption":"norbert"},"logo":{"@id":"https:\/\/www.norbert.de\/#\/schema\/person\/image\/"},"sameAs":["https:\/\/www.norbert.de","https:\/\/www.facebook.com\/norbert.schlia","https:\/\/www.instagram.com\/norbertschlia\/","https:\/\/www.linkedin.com\/in\/norbertschlia\/","https:\/\/www.youtube.com\/nschlia"]}]}},"_links":{"self":[{"href":"https:\/\/www.norbert.de\/index.php\/wp-json\/wp\/v2\/pages\/10033","targetHints":{"allow":["GET"]}}],"collection":[{"href":"https:\/\/www.norbert.de\/index.php\/wp-json\/wp\/v2\/pages"}],"about":[{"href":"https:\/\/www.norbert.de\/index.php\/wp-json\/wp\/v2\/types\/page"}],"author":[{"embeddable":true,"href":"https:\/\/www.norbert.de\/index.php\/wp-json\/wp\/v2\/users\/1"}],"replies":[{"embeddable":true,"href":"https:\/\/www.norbert.de\/index.php\/wp-json\/wp\/v2\/comments?post=10033"}],"version-history":[{"count":2,"href":"https:\/\/www.norbert.de\/index.php\/wp-json\/wp\/v2\/pages\/10033\/revisions"}],"predecessor-version":[{"id":10085,"href":"https:\/\/www.norbert.de\/index.php\/wp-json\/wp\/v2\/pages\/10033\/revisions\/10085"}],"up":[{"embeddable":true,"href":"https:\/\/www.norbert.de\/index.php\/wp-json\/wp\/v2\/pages\/35"}],"wp:attachment":[{"href":"https:\/\/www.norbert.de\/index.php\/wp-json\/wp\/v2\/media?parent=10033"}],"curies":[{"name":"wp","href":"https:\/\/api.w.org\/{rel}","templated":true}]}}