{"id":10031,"date":"2025-10-28T11:53:56","date_gmt":"2025-10-28T10:53:56","guid":{"rendered":"https:\/\/relaunch.norbert.de\/?page_id=10031"},"modified":"2025-10-28T22:09:04","modified_gmt":"2025-10-28T21:09:04","slug":"wie-ich-telefonterror-ausgesetzt-war","status":"publish","type":"page","link":"https:\/\/www.norbert.de\/index.php\/stories\/wie-ich-telefonterror-ausgesetzt-war\/","title":{"rendered":"Wie ich Telefonterror ausgesetzt war"},"content":{"rendered":"\n<div class=\"wp-block-columns is-layout-flex wp-container-core-columns-is-layout-9d6595d7 wp-block-columns-is-layout-flex\">\n<div class=\"wp-block-column is-layout-flow wp-block-column-is-layout-flow\" style=\"flex-basis:66.66%\">\n<h2 class=\"wp-block-heading\">Unh\u00f6fliche Menschen<\/h2>\n\n\n\n<h3 class=\"wp-block-heading\">Nervens\u00e4gen<\/h3>\n\n\n\n<p>Es gab schon komische Verhaltensweisen.<br>Kollegen, die sich mit ihrem dicken Bauch im Gang an einem vorbeiquetschten,<br>aber auf ein \u201eGuten Morgen\u201c nicht reagierten \u2013<br>als w\u00e4re man gar nicht da.<\/p>\n\n\n\n<p>Oder die Bel\u00e4stigungen am Telefon:<br>nervende Umfragen, Anrufer, die sich verw\u00e4hlt hatten und einfach auflegten,<br>anstatt sich kurz zu entschuldigen.<br>Leute, die zweimal klingeln lie\u00dfen und dann auflegten,<br>so dass man beim besten Willen nicht rechtzeitig abnehmen konnte.<\/p>\n\n\n\n<p>Und dann gab es solche:<\/p>\n\n\n\n<hr class=\"wp-block-separator has-alpha-channel-opacity\"\/>\n\n\n\n<p><strong>Telefon klingelte \u2026<\/strong><\/p>\n\n\n\n<p><strong>Anrufer:<\/strong> \u201eHallo, ist Gerd da?\u201c<\/p>\n\n\n\n<p>\u201eGerd wer?\u201c<\/p>\n\n\n\n<p>\u201eGerd von Beck.\u201c<\/p>\n\n\n\n<p>\u201eKannte ich nicht.\u201c<\/p>\n\n\n\n<p>\u201eSind Sie nicht Gerd von Beck?\u201c<\/p>\n\n\n\n<p>\u201eJa.\u201c<\/p>\n\n\n\n<p>\u201eAlso sind Sie doch Gerd von Beck?\u201c<\/p>\n\n\n\n<p>\u201eNein.\u201c<\/p>\n\n\n\n<p>\u201eAlso was jetzt?\u201c<\/p>\n\n\n\n<p>\u201eIch kannte keinen Gerd von Beck.\u201c<\/p>\n\n\n\n<p>\u201eAber Sie sind Gerd von Beck.\u201c<\/p>\n\n\n\n<p>\u201eNein.\u201c<\/p>\n\n\n\n<p>\u201eEben haben Sie noch \u201aJa\u2018 gesagt!\u201c<\/p>\n\n\n\n<p>\u201eWeil Sie gefragt haben, ob ich es <em>nicht<\/em> bin.\u201c<\/p>\n\n\n\n<p>\u201eWas ist jetzt mit Gerd?\u201c<\/p>\n\n\n\n<p>\u201eIch kannte keinen Gerd von Beck.\u201c<\/p>\n\n\n\n<p>\u201eAber der ist doch bekannt wie ein bunter Hund!\u201c<\/p>\n\n\n\n<p>\u201eNicht mir!\u201c<\/p>\n\n\n\n<p>\u201eWas hei\u00dft \u201anicht mir\u2018, Ihnen kann man damit nicht kommen?\u201c<\/p>\n\n\n\n<p>\u201eHab ich doch gar nicht gesagt!\u201c<\/p>\n\n\n\n<p>\u201eSie kennen Gerd also nicht?\u201c<\/p>\n\n\n\n<p>\u201eGenau.\u201c<\/p>\n\n\n\n<p>\u201eSollten Sie aber.\u201c<\/p>\n\n\n\n<p>\u201eKann ich auch nicht \u00e4ndern.\u201c<\/p>\n\n\n\n<p>\u201eIch kann Ihnen die Nummer ja mal geben.\u201c<\/p>\n\n\n\n<p>\u201eSie haben sie doch auch nicht!\u201c<\/p>\n\n\n\n<p>\u201eIch rufe Sie einfach nochmal an. Tsch\u00fcss \u2026\u201c<\/p>\n\n\n\n<p><em>&lt;Aufgelegt&gt;<\/em><\/p>\n\n\n\n<p>Der hatte sie nicht alle.<\/p>\n<\/div>\n\n\n\n<div class=\"wp-block-column is-layout-flow wp-block-column-is-layout-flow\" style=\"flex-basis:33.33%\"><\/div>\n<\/div>\n","protected":false},"excerpt":{"rendered":"<p>Unh\u00f6fliche Menschen Nervens\u00e4gen Es gab schon komische Verhaltensweisen.Kollegen, die sich mit ihrem dicken Bauch im Gang an einem vorbeiquetschten,aber auf ein \u201eGuten Morgen\u201c nicht reagierten \u2013als w\u00e4re man gar nicht da. Oder die Bel\u00e4stigungen am Telefon:nervende Umfragen, Anrufer, die sich verw\u00e4hlt hatten und einfach auflegten,anstatt sich kurz zu entschuldigen.Leute, die zweimal klingeln lie\u00dfen und dann&#8230;<\/p>\n","protected":false},"author":1,"featured_media":0,"parent":35,"menu_order":110,"comment_status":"closed","ping_status":"closed","template":"","meta":{"_kad_post_transparent":"","_kad_post_title":"","_kad_post_layout":"","_kad_post_sidebar_id":"","_kad_post_content_style":"","_kad_post_vertical_padding":"","_kad_post_feature":"","_kad_post_feature_position":"","_kad_post_header":false,"_kad_post_footer":false,"_kad_post_classname":"","footnotes":""},"class_list":["post-10031","page","type-page","status-publish","hentry"],"yoast_head":"<!-- This site is optimized with the Yoast SEO plugin v26.4 - https:\/\/yoast.com\/wordpress\/plugins\/seo\/ -->\n<title>Unh\u00f6fliche Menschen \u2013 Das Telefonat mit Gerd von Beck<\/title>\n<meta name=\"description\" content=\"Eine absurde, aber wahre Telefongeschichte \u00fcber Missverst\u00e4ndnisse, Geduld und einen Anrufer, der sie einfach nicht alle hatte. Trocken und urkomisch erz\u00e4hlt.\" \/>\n<meta name=\"robots\" content=\"index, follow, max-snippet:-1, max-image-preview:large, max-video-preview:-1\" \/>\n<link rel=\"canonical\" href=\"https:\/\/www.norbert.de\/index.php\/stories\/wie-ich-telefonterror-ausgesetzt-war\/\" \/>\n<meta property=\"og:locale\" content=\"de_DE\" \/>\n<meta property=\"og:type\" content=\"article\" \/>\n<meta property=\"og:title\" content=\"Unh\u00f6fliche Menschen \u2013 Das Telefonat mit Gerd von Beck\" \/>\n<meta property=\"og:description\" content=\"Eine absurde, aber wahre Telefongeschichte \u00fcber Missverst\u00e4ndnisse, Geduld und einen Anrufer, der sie einfach nicht alle hatte. Trocken und urkomisch erz\u00e4hlt.\" \/>\n<meta property=\"og:url\" content=\"https:\/\/www.norbert.de\/index.php\/stories\/wie-ich-telefonterror-ausgesetzt-war\/\" \/>\n<meta property=\"og:site_name\" content=\"Norberts Heimat-Bl\u00e4tter\" \/>\n<meta property=\"article:publisher\" content=\"https:\/\/www.facebook.com\/norbert.schlia\" \/>\n<meta property=\"article:modified_time\" content=\"2025-10-28T21:09:04+00:00\" \/>\n<meta name=\"twitter:card\" content=\"summary_large_image\" \/>\n<meta name=\"twitter:label1\" content=\"Gesch\u00e4tzte Lesezeit\" \/>\n\t<meta name=\"twitter:data1\" content=\"2\u00a0Minuten\" \/>\n<script type=\"application\/ld+json\" class=\"yoast-schema-graph\">{\"@context\":\"https:\/\/schema.org\",\"@graph\":[{\"@type\":\"WebPage\",\"@id\":\"https:\/\/www.norbert.de\/index.php\/stories\/wie-ich-telefonterror-ausgesetzt-war\/\",\"url\":\"https:\/\/www.norbert.de\/index.php\/stories\/wie-ich-telefonterror-ausgesetzt-war\/\",\"name\":\"Unh\u00f6fliche Menschen \u2013 Das Telefonat mit Gerd von Beck\",\"isPartOf\":{\"@id\":\"https:\/\/www.norbert.de\/#website\"},\"datePublished\":\"2025-10-28T10:53:56+00:00\",\"dateModified\":\"2025-10-28T21:09:04+00:00\",\"description\":\"Eine absurde, aber wahre Telefongeschichte \u00fcber Missverst\u00e4ndnisse, Geduld und einen Anrufer, der sie einfach nicht alle hatte. Trocken und urkomisch erz\u00e4hlt.\",\"breadcrumb\":{\"@id\":\"https:\/\/www.norbert.de\/index.php\/stories\/wie-ich-telefonterror-ausgesetzt-war\/#breadcrumb\"},\"inLanguage\":\"de\",\"potentialAction\":[{\"@type\":\"ReadAction\",\"target\":[\"https:\/\/www.norbert.de\/index.php\/stories\/wie-ich-telefonterror-ausgesetzt-war\/\"]}]},{\"@type\":\"BreadcrumbList\",\"@id\":\"https:\/\/www.norbert.de\/index.php\/stories\/wie-ich-telefonterror-ausgesetzt-war\/#breadcrumb\",\"itemListElement\":[{\"@type\":\"ListItem\",\"position\":1,\"name\":\"Startseite\",\"item\":\"https:\/\/www.norbert.de\/\"},{\"@type\":\"ListItem\",\"position\":2,\"name\":\"Geschichten aus dem echten Leben\",\"item\":\"https:\/\/www.norbert.de\/index.php\/stories\/\"},{\"@type\":\"ListItem\",\"position\":3,\"name\":\"Wie ich Telefonterror ausgesetzt war\"}]},{\"@type\":\"WebSite\",\"@id\":\"https:\/\/www.norbert.de\/#website\",\"url\":\"https:\/\/www.norbert.de\/\",\"name\":\"Norbert's Heimat-Bl\u00e4tter\",\"description\":\"Das Relaunch meiner Homepages\",\"publisher\":{\"@id\":\"https:\/\/www.norbert.de\/#\/schema\/person\/3b432252d8fc5c17e6b449df5a355023\"},\"potentialAction\":[{\"@type\":\"SearchAction\",\"target\":{\"@type\":\"EntryPoint\",\"urlTemplate\":\"https:\/\/www.norbert.de\/?s={search_term_string}\"},\"query-input\":{\"@type\":\"PropertyValueSpecification\",\"valueRequired\":true,\"valueName\":\"search_term_string\"}}],\"inLanguage\":\"de\"},{\"@type\":[\"Person\",\"Organization\"],\"@id\":\"https:\/\/www.norbert.de\/#\/schema\/person\/3b432252d8fc5c17e6b449df5a355023\",\"name\":\"norbert\",\"image\":{\"@type\":\"ImageObject\",\"inLanguage\":\"de\",\"@id\":\"https:\/\/www.norbert.de\/#\/schema\/person\/image\/\",\"url\":\"https:\/\/www.norbert.de\/wp-content\/uploads\/2025\/10\/Selfie-scaled.jpg\",\"contentUrl\":\"https:\/\/www.norbert.de\/wp-content\/uploads\/2025\/10\/Selfie-scaled.jpg\",\"width\":2560,\"height\":2072,\"caption\":\"norbert\"},\"logo\":{\"@id\":\"https:\/\/www.norbert.de\/#\/schema\/person\/image\/\"},\"sameAs\":[\"https:\/\/www.norbert.de\",\"https:\/\/www.facebook.com\/norbert.schlia\",\"https:\/\/www.instagram.com\/norbertschlia\/\",\"https:\/\/www.linkedin.com\/in\/norbertschlia\/\",\"https:\/\/www.youtube.com\/nschlia\"]}]}<\/script>\n<!-- \/ Yoast SEO plugin. -->","yoast_head_json":{"title":"Unh\u00f6fliche Menschen \u2013 Das Telefonat mit Gerd von Beck","description":"Eine absurde, aber wahre Telefongeschichte \u00fcber Missverst\u00e4ndnisse, Geduld und einen Anrufer, der sie einfach nicht alle hatte. Trocken und urkomisch erz\u00e4hlt.","robots":{"index":"index","follow":"follow","max-snippet":"max-snippet:-1","max-image-preview":"max-image-preview:large","max-video-preview":"max-video-preview:-1"},"canonical":"https:\/\/www.norbert.de\/index.php\/stories\/wie-ich-telefonterror-ausgesetzt-war\/","og_locale":"de_DE","og_type":"article","og_title":"Unh\u00f6fliche Menschen \u2013 Das Telefonat mit Gerd von Beck","og_description":"Eine absurde, aber wahre Telefongeschichte \u00fcber Missverst\u00e4ndnisse, Geduld und einen Anrufer, der sie einfach nicht alle hatte. Trocken und urkomisch erz\u00e4hlt.","og_url":"https:\/\/www.norbert.de\/index.php\/stories\/wie-ich-telefonterror-ausgesetzt-war\/","og_site_name":"Norberts Heimat-Bl\u00e4tter","article_publisher":"https:\/\/www.facebook.com\/norbert.schlia","article_modified_time":"2025-10-28T21:09:04+00:00","twitter_card":"summary_large_image","twitter_misc":{"Gesch\u00e4tzte Lesezeit":"2\u00a0Minuten"},"schema":{"@context":"https:\/\/schema.org","@graph":[{"@type":"WebPage","@id":"https:\/\/www.norbert.de\/index.php\/stories\/wie-ich-telefonterror-ausgesetzt-war\/","url":"https:\/\/www.norbert.de\/index.php\/stories\/wie-ich-telefonterror-ausgesetzt-war\/","name":"Unh\u00f6fliche Menschen \u2013 Das Telefonat mit Gerd von Beck","isPartOf":{"@id":"https:\/\/www.norbert.de\/#website"},"datePublished":"2025-10-28T10:53:56+00:00","dateModified":"2025-10-28T21:09:04+00:00","description":"Eine absurde, aber wahre Telefongeschichte \u00fcber Missverst\u00e4ndnisse, Geduld und einen Anrufer, der sie einfach nicht alle hatte. Trocken und urkomisch erz\u00e4hlt.","breadcrumb":{"@id":"https:\/\/www.norbert.de\/index.php\/stories\/wie-ich-telefonterror-ausgesetzt-war\/#breadcrumb"},"inLanguage":"de","potentialAction":[{"@type":"ReadAction","target":["https:\/\/www.norbert.de\/index.php\/stories\/wie-ich-telefonterror-ausgesetzt-war\/"]}]},{"@type":"BreadcrumbList","@id":"https:\/\/www.norbert.de\/index.php\/stories\/wie-ich-telefonterror-ausgesetzt-war\/#breadcrumb","itemListElement":[{"@type":"ListItem","position":1,"name":"Startseite","item":"https:\/\/www.norbert.de\/"},{"@type":"ListItem","position":2,"name":"Geschichten aus dem echten Leben","item":"https:\/\/www.norbert.de\/index.php\/stories\/"},{"@type":"ListItem","position":3,"name":"Wie ich Telefonterror ausgesetzt war"}]},{"@type":"WebSite","@id":"https:\/\/www.norbert.de\/#website","url":"https:\/\/www.norbert.de\/","name":"Norbert's Heimat-Bl\u00e4tter","description":"Das Relaunch meiner Homepages","publisher":{"@id":"https:\/\/www.norbert.de\/#\/schema\/person\/3b432252d8fc5c17e6b449df5a355023"},"potentialAction":[{"@type":"SearchAction","target":{"@type":"EntryPoint","urlTemplate":"https:\/\/www.norbert.de\/?s={search_term_string}"},"query-input":{"@type":"PropertyValueSpecification","valueRequired":true,"valueName":"search_term_string"}}],"inLanguage":"de"},{"@type":["Person","Organization"],"@id":"https:\/\/www.norbert.de\/#\/schema\/person\/3b432252d8fc5c17e6b449df5a355023","name":"norbert","image":{"@type":"ImageObject","inLanguage":"de","@id":"https:\/\/www.norbert.de\/#\/schema\/person\/image\/","url":"https:\/\/www.norbert.de\/wp-content\/uploads\/2025\/10\/Selfie-scaled.jpg","contentUrl":"https:\/\/www.norbert.de\/wp-content\/uploads\/2025\/10\/Selfie-scaled.jpg","width":2560,"height":2072,"caption":"norbert"},"logo":{"@id":"https:\/\/www.norbert.de\/#\/schema\/person\/image\/"},"sameAs":["https:\/\/www.norbert.de","https:\/\/www.facebook.com\/norbert.schlia","https:\/\/www.instagram.com\/norbertschlia\/","https:\/\/www.linkedin.com\/in\/norbertschlia\/","https:\/\/www.youtube.com\/nschlia"]}]}},"_links":{"self":[{"href":"https:\/\/www.norbert.de\/index.php\/wp-json\/wp\/v2\/pages\/10031","targetHints":{"allow":["GET"]}}],"collection":[{"href":"https:\/\/www.norbert.de\/index.php\/wp-json\/wp\/v2\/pages"}],"about":[{"href":"https:\/\/www.norbert.de\/index.php\/wp-json\/wp\/v2\/types\/page"}],"author":[{"embeddable":true,"href":"https:\/\/www.norbert.de\/index.php\/wp-json\/wp\/v2\/users\/1"}],"replies":[{"embeddable":true,"href":"https:\/\/www.norbert.de\/index.php\/wp-json\/wp\/v2\/comments?post=10031"}],"version-history":[{"count":2,"href":"https:\/\/www.norbert.de\/index.php\/wp-json\/wp\/v2\/pages\/10031\/revisions"}],"predecessor-version":[{"id":10083,"href":"https:\/\/www.norbert.de\/index.php\/wp-json\/wp\/v2\/pages\/10031\/revisions\/10083"}],"up":[{"embeddable":true,"href":"https:\/\/www.norbert.de\/index.php\/wp-json\/wp\/v2\/pages\/35"}],"wp:attachment":[{"href":"https:\/\/www.norbert.de\/index.php\/wp-json\/wp\/v2\/media?parent=10031"}],"curies":[{"name":"wp","href":"https:\/\/api.w.org\/{rel}","templated":true}]}}