{"id":10027,"date":"2025-10-28T11:53:36","date_gmt":"2025-10-28T10:53:36","guid":{"rendered":"https:\/\/relaunch.norbert.de\/?page_id=10027"},"modified":"2025-10-29T11:04:41","modified_gmt":"2025-10-29T10:04:41","slug":"meine-abenteuer-auf-dem-kfz-amt","status":"publish","type":"page","link":"https:\/\/www.norbert.de\/index.php\/stories\/meine-abenteuer-auf-dem-kfz-amt\/","title":{"rendered":"Meine Abenteuer auf dem KFZ Amt"},"content":{"rendered":"\n<div class=\"wp-block-columns is-layout-flex wp-container-core-columns-is-layout-9d6595d7 wp-block-columns-is-layout-flex\">\n<div class=\"wp-block-column is-layout-flow wp-block-column-is-layout-flow\" style=\"flex-basis:66.66%\">\n<h2 class=\"wp-block-heading\">Nepper, Schlepper, Bauernf\u00e4nger<\/h2>\n\n\n\n<h3 class=\"wp-block-heading\">Erlebnisse mit Kfz-Zulassungsbeh\u00f6rden<\/h3>\n\n\n\n<p>Auch Beh\u00f6rden hatten inzwischen begriffen, wie man die Menschen \u00fcber den Tisch zog \u2013<br>frei nach dem Motto:<br><em>Man musste den B\u00fcrger nur so schnell \u00fcber den Tisch ziehen,<br>dass er die Reibungsw\u00e4rme f\u00fcr Nestw\u00e4rme hielt.<\/em><\/p>\n\n\n\n<p>Mit Lockangeboten gek\u00f6dert, wurde am Ende mehr gekauft, beantragt und bezahlt,<br>als urspr\u00fcnglich geplant \u2013 und als \u00fcberhaupt n\u00f6tig gewesen w\u00e4re.<\/p>\n\n\n\n<p>Hier meine Erlebnisse mit Kfz-Zulassungsbeh\u00f6rden.<\/p>\n\n\n\n<hr class=\"wp-block-separator has-alpha-channel-opacity\"\/>\n\n\n\n<h3 class=\"wp-block-heading\">Anmeldung eines Fahrzeugs (Die 1.)<\/h3>\n\n\n\n<p>Irgendwann kam der Tag, an dem ich aus meinem Heimatort wegziehen musste.<br>Mit dem Umzug ging ein unvermeidlicher Kennzeichenwechsel einher.<br>Eine kleine Internetrecherche ergab, dass die zust\u00e4ndige Kfz-Zulassungsstelle online vertreten war.<br>Prima, dachte ich \u2013 erstens gab es dort eine Liste mit den ben\u00f6tigten Unterlagen,<br>und das ersparte potentiell nutzlose Anfahrten,<br>wenn am Ende doch ein wichtiges Dokument fehlte.<\/p>\n\n\n\n<p>Zu meiner Freude bot die Beh\u00f6rde die \u201ekostenlose Reservierung eines Wunschkennzeichens\u201c an.<br>Also frisch ans Werk.<br>Mein erster Versuch: die Buchstabenfolge <strong>NS<\/strong> \u2026<\/p>\n\n\n\n<p>Nicht erlaubt \u2013 Kennzeichen in Deutschland seien wei\u00df, nicht braun.<br>Meine Initialen waren also verboten, ebenso die Kombination <strong>SS<\/strong>, wie ich lernte.<br>Der Hintergedanke war zwar nachvollziehbar,<br>aber in meinem Fall doch irgendwie diskriminierend.<\/p>\n\n\n\n<p>Ebenso unverst\u00e4ndlich war das Verbot der Folge <strong>SN<\/strong>.<br>Gegen <strong>HH<\/strong> oder <strong>AH<\/strong> hatte dagegen niemand etwas \u2013<br>was das Ganze noch absurder machte.<\/p>\n\n\n\n<p>Also reservierte ich mir ersatzweise ein <strong>J<\/strong>,<br>f\u00fcr <em>Joschi<\/em>, meinen kleinen Kater.<br>Damit es schneller ging, lie\u00df ich die Kennzeichen gleich anfertigen und fuhr zum Amt.<\/p>\n\n\n\n<p>Dort erfuhr ich, dass zus\u00e4tzlich zur regul\u00e4ren Anmeldegeb\u00fchr<br>noch zwanzig Euro f\u00fcr das Wunschkennzeichen f\u00e4llig waren.<br>Auf meinen Einwand, zwanzig Euro f\u00fcr ein \u201ekostenloses\u201c Wunschkennzeichen seien doch etwas teuer,<br>erwiderte man trocken:<\/p>\n\n\n\n<blockquote class=\"wp-block-quote is-layout-flow wp-block-quote-is-layout-flow\">\n<p>\u201eDie Reservierung ist kostenlos, die Beantragung und Anmeldung aber nicht.\u201c<\/p>\n<\/blockquote>\n\n\n\n<p>Vor so viel Heimt\u00fccke konnte man nur ehrf\u00fcrchtig niederknien.<br>Die List h\u00e4tte jedem Kolonnen-Abo-Dr\u00fccker Ehre gemacht.<\/p>\n\n\n\n<p>Denn hatte der B\u00fcrger erst seine Kennzeichen anfertigen lassen,<br>zahlte er nat\u00fcrlich auch.<br>Die mitgebrachten Schilder wegwerfen und neue machen zu lassen<br>kostete Zeit und Geld.<\/p>\n\n\n\n<p><strong>Bestnote<\/strong> von mir f\u00fcr <em>Kohle abziehen ohne Leistung<\/em>:<br>Dem Computer war es egal, ob er ein Kennzeichen eintippte oder eines generierte,<br>und f\u00fcr den Beamten am Schalter war es dieselbe Arbeit.<br>Ergo: Wunschkennzeichen bedeutete mehr Einnahmen bei gleichem Aufwand.<\/p>\n\n\n\n<hr class=\"wp-block-separator has-alpha-channel-opacity\"\/>\n\n\n\n<h3 class=\"wp-block-heading\">Anmeldung eines Fahrzeugs (Die 2.)<\/h3>\n\n\n\n<p>Auch beim sp\u00e4teren R\u00fcckzug in meine Heimatstadt<br>f\u00fchlte ich mich wieder auf den Arm genommen.<\/p>\n\n\n\n<p>Der Versuch, erneut das <strong>J<\/strong>-Kennzeichen zu bekommen, schlug fehl.<br><strong>NS<\/strong>, <strong>SN<\/strong>, <strong>SS<\/strong> etc. waren dort ebenfalls verboten \u2013 also probierte ich es gar nicht erst.<\/p>\n\n\n\n<p>Da man in dieser Beh\u00f6rde keine Kennzeichen im Internet reservieren konnte,<br>wollte ich das vor Ort erledigen.<br>Der Beamte am Schalter kl\u00e4rte mich auf:<\/p>\n\n\n\n<blockquote class=\"wp-block-quote is-layout-flow wp-block-quote-is-layout-flow\">\n<p>\u201eKennzeichen mit einem Buchstaben vergeben wir nur f\u00fcr Motorr\u00e4der.\u201c<\/p>\n<\/blockquote>\n\n\n\n<p>\u201eNa sch\u00f6n\u201c, sagte ich, \u201edann verzichte ich auf das Wunschkennzeichen und nehme irgendeines.\u201c<\/p>\n\n\n\n<p>Ich erhielt umgehend ein Kennzeichen \u2013<br>und zwar mit dem Einzelbuchstaben <strong>P<\/strong>.<br>Mein Puls und Blutdruck schossen in guinnessbuchverd\u00e4chtige H\u00f6hen.<\/p>\n\n\n\n<p>Mein Wutausbruch prallte an der unersch\u00fctterlichen Gelassenheit des Beamten ab:<\/p>\n\n\n\n<blockquote class=\"wp-block-quote is-layout-flow wp-block-quote-is-layout-flow\">\n<p>\u201eZugeteilte Kennzeichen haben momentan alle nur einen Buchstaben \u2026\u201c<\/p>\n<\/blockquote>\n\n\n\n<p>Das hatte etwas vom Tonfall einer Bedienung im Caf\u00e9:<\/p>\n\n\n\n<blockquote class=\"wp-block-quote is-layout-flow wp-block-quote-is-layout-flow\">\n<p>\u201eAuf der Terrasse gibt es nur K\u00e4nnchen.\u201c<\/p>\n<\/blockquote>\n\n\n\n<p>So kam ich schlie\u00dflich doch zu einem Kennzeichen mit nur einem Buchstaben \u2013<br>leider dem falschen.<\/p>\n<\/div>\n\n\n\n<div class=\"wp-block-column is-layout-flow wp-block-column-is-layout-flow\" style=\"flex-basis:33.33%\">\n<figure class=\"wp-block-image size-large\"><img loading=\"lazy\" decoding=\"async\" width=\"1024\" height=\"683\" src=\"https:\/\/relaunch.norbert.de\/wp-content\/uploads\/2025\/10\/kfz-amt-1024x683.png\" alt=\"\" class=\"wp-image-10132\" srcset=\"https:\/\/www.norbert.de\/wp-content\/uploads\/2025\/10\/kfz-amt-1024x683.png 1024w, https:\/\/www.norbert.de\/wp-content\/uploads\/2025\/10\/kfz-amt-300x200.png 300w, https:\/\/www.norbert.de\/wp-content\/uploads\/2025\/10\/kfz-amt-768x512.png 768w, https:\/\/www.norbert.de\/wp-content\/uploads\/2025\/10\/kfz-amt.png 1536w\" sizes=\"auto, (max-width: 1024px) 100vw, 1024px\" \/><\/figure>\n<\/div>\n<\/div>\n","protected":false},"excerpt":{"rendered":"<p>Nepper, Schlepper, Bauernf\u00e4nger Erlebnisse mit Kfz-Zulassungsbeh\u00f6rden Auch Beh\u00f6rden hatten inzwischen begriffen, wie man die Menschen \u00fcber den Tisch zog \u2013frei nach dem Motto:Man musste den B\u00fcrger nur so schnell \u00fcber den Tisch ziehen,dass er die Reibungsw\u00e4rme f\u00fcr Nestw\u00e4rme hielt. Mit Lockangeboten gek\u00f6dert, wurde am Ende mehr gekauft, beantragt und bezahlt,als urspr\u00fcnglich geplant \u2013 und als&#8230;<\/p>\n","protected":false},"author":1,"featured_media":0,"parent":35,"menu_order":90,"comment_status":"closed","ping_status":"closed","template":"","meta":{"_kad_post_transparent":"","_kad_post_title":"","_kad_post_layout":"","_kad_post_sidebar_id":"","_kad_post_content_style":"","_kad_post_vertical_padding":"","_kad_post_feature":"","_kad_post_feature_position":"","_kad_post_header":false,"_kad_post_footer":false,"_kad_post_classname":"","footnotes":""},"class_list":["post-10027","page","type-page","status-publish","hentry"],"yoast_head":"<!-- This site is optimized with the Yoast SEO plugin v26.4 - https:\/\/yoast.com\/wordpress\/plugins\/seo\/ -->\n<title>Nepper, Schlepper, Bauernf\u00e4nger \u2013 Abenteuer auf der Zulassungsstelle<\/title>\n<meta name=\"description\" content=\"Satirische Erlebnisse mit Kfz-Beh\u00f6rden: Wunschkennzeichen, Geb\u00fchrenfallen und beh\u00f6rdliche Logik \u2013 trocken, bissig und realistisch erz\u00e4hlt.\" \/>\n<meta name=\"robots\" content=\"index, follow, max-snippet:-1, max-image-preview:large, max-video-preview:-1\" \/>\n<link rel=\"canonical\" href=\"https:\/\/www.norbert.de\/index.php\/stories\/meine-abenteuer-auf-dem-kfz-amt\/\" \/>\n<meta property=\"og:locale\" content=\"de_DE\" \/>\n<meta property=\"og:type\" content=\"article\" \/>\n<meta property=\"og:title\" content=\"Nepper, Schlepper, Bauernf\u00e4nger \u2013 Abenteuer auf der Zulassungsstelle\" \/>\n<meta property=\"og:description\" content=\"Satirische Erlebnisse mit Kfz-Beh\u00f6rden: Wunschkennzeichen, Geb\u00fchrenfallen und beh\u00f6rdliche Logik \u2013 trocken, bissig und realistisch erz\u00e4hlt.\" \/>\n<meta property=\"og:url\" content=\"https:\/\/www.norbert.de\/index.php\/stories\/meine-abenteuer-auf-dem-kfz-amt\/\" \/>\n<meta property=\"og:site_name\" content=\"Norberts Heimat-Bl\u00e4tter\" \/>\n<meta property=\"article:publisher\" content=\"https:\/\/www.facebook.com\/norbert.schlia\" \/>\n<meta property=\"article:modified_time\" content=\"2025-10-29T10:04:41+00:00\" \/>\n<meta property=\"og:image\" content=\"https:\/\/relaunch.norbert.de\/wp-content\/uploads\/2025\/10\/kfz-amt-1024x683.png\" \/>\n<meta name=\"twitter:card\" content=\"summary_large_image\" \/>\n<meta name=\"twitter:label1\" content=\"Gesch\u00e4tzte Lesezeit\" \/>\n\t<meta name=\"twitter:data1\" content=\"3\u00a0Minuten\" \/>\n<script type=\"application\/ld+json\" class=\"yoast-schema-graph\">{\"@context\":\"https:\/\/schema.org\",\"@graph\":[{\"@type\":\"WebPage\",\"@id\":\"https:\/\/www.norbert.de\/index.php\/stories\/meine-abenteuer-auf-dem-kfz-amt\/\",\"url\":\"https:\/\/www.norbert.de\/index.php\/stories\/meine-abenteuer-auf-dem-kfz-amt\/\",\"name\":\"Nepper, Schlepper, Bauernf\u00e4nger \u2013 Abenteuer auf der Zulassungsstelle\",\"isPartOf\":{\"@id\":\"https:\/\/www.norbert.de\/#website\"},\"primaryImageOfPage\":{\"@id\":\"https:\/\/www.norbert.de\/index.php\/stories\/meine-abenteuer-auf-dem-kfz-amt\/#primaryimage\"},\"image\":{\"@id\":\"https:\/\/www.norbert.de\/index.php\/stories\/meine-abenteuer-auf-dem-kfz-amt\/#primaryimage\"},\"thumbnailUrl\":\"https:\/\/relaunch.norbert.de\/wp-content\/uploads\/2025\/10\/kfz-amt-1024x683.png\",\"datePublished\":\"2025-10-28T10:53:36+00:00\",\"dateModified\":\"2025-10-29T10:04:41+00:00\",\"description\":\"Satirische Erlebnisse mit Kfz-Beh\u00f6rden: Wunschkennzeichen, Geb\u00fchrenfallen und beh\u00f6rdliche Logik \u2013 trocken, bissig und realistisch erz\u00e4hlt.\",\"breadcrumb\":{\"@id\":\"https:\/\/www.norbert.de\/index.php\/stories\/meine-abenteuer-auf-dem-kfz-amt\/#breadcrumb\"},\"inLanguage\":\"de\",\"potentialAction\":[{\"@type\":\"ReadAction\",\"target\":[\"https:\/\/www.norbert.de\/index.php\/stories\/meine-abenteuer-auf-dem-kfz-amt\/\"]}]},{\"@type\":\"ImageObject\",\"inLanguage\":\"de\",\"@id\":\"https:\/\/www.norbert.de\/index.php\/stories\/meine-abenteuer-auf-dem-kfz-amt\/#primaryimage\",\"url\":\"https:\/\/relaunch.norbert.de\/wp-content\/uploads\/2025\/10\/kfz-amt-1024x683.png\",\"contentUrl\":\"https:\/\/relaunch.norbert.de\/wp-content\/uploads\/2025\/10\/kfz-amt-1024x683.png\"},{\"@type\":\"BreadcrumbList\",\"@id\":\"https:\/\/www.norbert.de\/index.php\/stories\/meine-abenteuer-auf-dem-kfz-amt\/#breadcrumb\",\"itemListElement\":[{\"@type\":\"ListItem\",\"position\":1,\"name\":\"Startseite\",\"item\":\"https:\/\/www.norbert.de\/\"},{\"@type\":\"ListItem\",\"position\":2,\"name\":\"Geschichten aus dem echten Leben\",\"item\":\"https:\/\/www.norbert.de\/index.php\/stories\/\"},{\"@type\":\"ListItem\",\"position\":3,\"name\":\"Meine Abenteuer auf dem KFZ Amt\"}]},{\"@type\":\"WebSite\",\"@id\":\"https:\/\/www.norbert.de\/#website\",\"url\":\"https:\/\/www.norbert.de\/\",\"name\":\"Norbert's Heimat-Bl\u00e4tter\",\"description\":\"Das Relaunch meiner Homepages\",\"publisher\":{\"@id\":\"https:\/\/www.norbert.de\/#\/schema\/person\/3b432252d8fc5c17e6b449df5a355023\"},\"potentialAction\":[{\"@type\":\"SearchAction\",\"target\":{\"@type\":\"EntryPoint\",\"urlTemplate\":\"https:\/\/www.norbert.de\/?s={search_term_string}\"},\"query-input\":{\"@type\":\"PropertyValueSpecification\",\"valueRequired\":true,\"valueName\":\"search_term_string\"}}],\"inLanguage\":\"de\"},{\"@type\":[\"Person\",\"Organization\"],\"@id\":\"https:\/\/www.norbert.de\/#\/schema\/person\/3b432252d8fc5c17e6b449df5a355023\",\"name\":\"norbert\",\"image\":{\"@type\":\"ImageObject\",\"inLanguage\":\"de\",\"@id\":\"https:\/\/www.norbert.de\/#\/schema\/person\/image\/\",\"url\":\"https:\/\/www.norbert.de\/wp-content\/uploads\/2025\/10\/Selfie-scaled.jpg\",\"contentUrl\":\"https:\/\/www.norbert.de\/wp-content\/uploads\/2025\/10\/Selfie-scaled.jpg\",\"width\":2560,\"height\":2072,\"caption\":\"norbert\"},\"logo\":{\"@id\":\"https:\/\/www.norbert.de\/#\/schema\/person\/image\/\"},\"sameAs\":[\"https:\/\/www.norbert.de\",\"https:\/\/www.facebook.com\/norbert.schlia\",\"https:\/\/www.instagram.com\/norbertschlia\/\",\"https:\/\/www.linkedin.com\/in\/norbertschlia\/\",\"https:\/\/www.youtube.com\/nschlia\"]}]}<\/script>\n<!-- \/ Yoast SEO plugin. -->","yoast_head_json":{"title":"Nepper, Schlepper, Bauernf\u00e4nger \u2013 Abenteuer auf der Zulassungsstelle","description":"Satirische Erlebnisse mit Kfz-Beh\u00f6rden: Wunschkennzeichen, Geb\u00fchrenfallen und beh\u00f6rdliche Logik \u2013 trocken, bissig und realistisch erz\u00e4hlt.","robots":{"index":"index","follow":"follow","max-snippet":"max-snippet:-1","max-image-preview":"max-image-preview:large","max-video-preview":"max-video-preview:-1"},"canonical":"https:\/\/www.norbert.de\/index.php\/stories\/meine-abenteuer-auf-dem-kfz-amt\/","og_locale":"de_DE","og_type":"article","og_title":"Nepper, Schlepper, Bauernf\u00e4nger \u2013 Abenteuer auf der Zulassungsstelle","og_description":"Satirische Erlebnisse mit Kfz-Beh\u00f6rden: Wunschkennzeichen, Geb\u00fchrenfallen und beh\u00f6rdliche Logik \u2013 trocken, bissig und realistisch erz\u00e4hlt.","og_url":"https:\/\/www.norbert.de\/index.php\/stories\/meine-abenteuer-auf-dem-kfz-amt\/","og_site_name":"Norberts Heimat-Bl\u00e4tter","article_publisher":"https:\/\/www.facebook.com\/norbert.schlia","article_modified_time":"2025-10-29T10:04:41+00:00","og_image":[{"url":"https:\/\/relaunch.norbert.de\/wp-content\/uploads\/2025\/10\/kfz-amt-1024x683.png","type":"","width":"","height":""}],"twitter_card":"summary_large_image","twitter_misc":{"Gesch\u00e4tzte Lesezeit":"3\u00a0Minuten"},"schema":{"@context":"https:\/\/schema.org","@graph":[{"@type":"WebPage","@id":"https:\/\/www.norbert.de\/index.php\/stories\/meine-abenteuer-auf-dem-kfz-amt\/","url":"https:\/\/www.norbert.de\/index.php\/stories\/meine-abenteuer-auf-dem-kfz-amt\/","name":"Nepper, Schlepper, Bauernf\u00e4nger \u2013 Abenteuer auf der Zulassungsstelle","isPartOf":{"@id":"https:\/\/www.norbert.de\/#website"},"primaryImageOfPage":{"@id":"https:\/\/www.norbert.de\/index.php\/stories\/meine-abenteuer-auf-dem-kfz-amt\/#primaryimage"},"image":{"@id":"https:\/\/www.norbert.de\/index.php\/stories\/meine-abenteuer-auf-dem-kfz-amt\/#primaryimage"},"thumbnailUrl":"https:\/\/relaunch.norbert.de\/wp-content\/uploads\/2025\/10\/kfz-amt-1024x683.png","datePublished":"2025-10-28T10:53:36+00:00","dateModified":"2025-10-29T10:04:41+00:00","description":"Satirische Erlebnisse mit Kfz-Beh\u00f6rden: Wunschkennzeichen, Geb\u00fchrenfallen und beh\u00f6rdliche Logik \u2013 trocken, bissig und realistisch erz\u00e4hlt.","breadcrumb":{"@id":"https:\/\/www.norbert.de\/index.php\/stories\/meine-abenteuer-auf-dem-kfz-amt\/#breadcrumb"},"inLanguage":"de","potentialAction":[{"@type":"ReadAction","target":["https:\/\/www.norbert.de\/index.php\/stories\/meine-abenteuer-auf-dem-kfz-amt\/"]}]},{"@type":"ImageObject","inLanguage":"de","@id":"https:\/\/www.norbert.de\/index.php\/stories\/meine-abenteuer-auf-dem-kfz-amt\/#primaryimage","url":"https:\/\/relaunch.norbert.de\/wp-content\/uploads\/2025\/10\/kfz-amt-1024x683.png","contentUrl":"https:\/\/relaunch.norbert.de\/wp-content\/uploads\/2025\/10\/kfz-amt-1024x683.png"},{"@type":"BreadcrumbList","@id":"https:\/\/www.norbert.de\/index.php\/stories\/meine-abenteuer-auf-dem-kfz-amt\/#breadcrumb","itemListElement":[{"@type":"ListItem","position":1,"name":"Startseite","item":"https:\/\/www.norbert.de\/"},{"@type":"ListItem","position":2,"name":"Geschichten aus dem echten Leben","item":"https:\/\/www.norbert.de\/index.php\/stories\/"},{"@type":"ListItem","position":3,"name":"Meine Abenteuer auf dem KFZ Amt"}]},{"@type":"WebSite","@id":"https:\/\/www.norbert.de\/#website","url":"https:\/\/www.norbert.de\/","name":"Norbert's Heimat-Bl\u00e4tter","description":"Das Relaunch meiner Homepages","publisher":{"@id":"https:\/\/www.norbert.de\/#\/schema\/person\/3b432252d8fc5c17e6b449df5a355023"},"potentialAction":[{"@type":"SearchAction","target":{"@type":"EntryPoint","urlTemplate":"https:\/\/www.norbert.de\/?s={search_term_string}"},"query-input":{"@type":"PropertyValueSpecification","valueRequired":true,"valueName":"search_term_string"}}],"inLanguage":"de"},{"@type":["Person","Organization"],"@id":"https:\/\/www.norbert.de\/#\/schema\/person\/3b432252d8fc5c17e6b449df5a355023","name":"norbert","image":{"@type":"ImageObject","inLanguage":"de","@id":"https:\/\/www.norbert.de\/#\/schema\/person\/image\/","url":"https:\/\/www.norbert.de\/wp-content\/uploads\/2025\/10\/Selfie-scaled.jpg","contentUrl":"https:\/\/www.norbert.de\/wp-content\/uploads\/2025\/10\/Selfie-scaled.jpg","width":2560,"height":2072,"caption":"norbert"},"logo":{"@id":"https:\/\/www.norbert.de\/#\/schema\/person\/image\/"},"sameAs":["https:\/\/www.norbert.de","https:\/\/www.facebook.com\/norbert.schlia","https:\/\/www.instagram.com\/norbertschlia\/","https:\/\/www.linkedin.com\/in\/norbertschlia\/","https:\/\/www.youtube.com\/nschlia"]}]}},"_links":{"self":[{"href":"https:\/\/www.norbert.de\/index.php\/wp-json\/wp\/v2\/pages\/10027","targetHints":{"allow":["GET"]}}],"collection":[{"href":"https:\/\/www.norbert.de\/index.php\/wp-json\/wp\/v2\/pages"}],"about":[{"href":"https:\/\/www.norbert.de\/index.php\/wp-json\/wp\/v2\/types\/page"}],"author":[{"embeddable":true,"href":"https:\/\/www.norbert.de\/index.php\/wp-json\/wp\/v2\/users\/1"}],"replies":[{"embeddable":true,"href":"https:\/\/www.norbert.de\/index.php\/wp-json\/wp\/v2\/comments?post=10027"}],"version-history":[{"count":4,"href":"https:\/\/www.norbert.de\/index.php\/wp-json\/wp\/v2\/pages\/10027\/revisions"}],"predecessor-version":[{"id":10135,"href":"https:\/\/www.norbert.de\/index.php\/wp-json\/wp\/v2\/pages\/10027\/revisions\/10135"}],"up":[{"embeddable":true,"href":"https:\/\/www.norbert.de\/index.php\/wp-json\/wp\/v2\/pages\/35"}],"wp:attachment":[{"href":"https:\/\/www.norbert.de\/index.php\/wp-json\/wp\/v2\/media?parent=10027"}],"curies":[{"name":"wp","href":"https:\/\/api.w.org\/{rel}","templated":true}]}}