{"id":10025,"date":"2025-10-28T11:53:24","date_gmt":"2025-10-28T10:53:24","guid":{"rendered":"https:\/\/relaunch.norbert.de\/?page_id=10025"},"modified":"2025-10-29T10:52:27","modified_gmt":"2025-10-29T09:52:27","slug":"wie-ich-in-einer-punkband-auftrat","status":"publish","type":"page","link":"https:\/\/www.norbert.de\/index.php\/stories\/wie-ich-in-einer-punkband-auftrat\/","title":{"rendered":"Wie ich in einer Punkband auftrat"},"content":{"rendered":"\n<div class=\"wp-block-columns is-layout-flex wp-container-core-columns-is-layout-9d6595d7 wp-block-columns-is-layout-flex\">\n<div class=\"wp-block-column is-layout-flow wp-block-column-is-layout-flow\" style=\"flex-basis:66.66%\">\n<h2 class=\"wp-block-heading\">Unerwartete Reaktionen<\/h2>\n\n\n\n<h3 class=\"wp-block-heading\">Mein Auftritt in einer Punkband<\/h3>\n\n\n\n<p>Wir Menschen machen immer wieder den Fehler, von uns auf andere zu schlie\u00dfen.<br>Wenn ein Kind eine Vase umstie\u00df, hatte es ein schlechtes Gewissen und versteckte vielleicht die Scherben.<br>Wenn ein Hund eine Vase umstie\u00df, war ihm das v\u00f6llig egal.<\/p>\n\n\n\n<p>Trotzdem glaubten wir, auch er habe ein schlechtes Gewissen \u2013 dabei wusste er allenfalls,<br>dass er vom Herrchen \u00c4rger zu bef\u00fcrchten hatte.<br>Wenn er \u00fcberhaupt etwas \u201ewusste\u201c.<\/p>\n\n\n\n<p>Aber auch bei uns Menschen konnten Handlungen ganz andere Ursachen haben,<br>als man zun\u00e4chst vermutete.<\/p>\n\n\n\n<hr class=\"wp-block-separator has-alpha-channel-opacity\"\/>\n\n\n\n<p>Weil die Konzerte regelm\u00e4\u00dfig in vom S\u00e4nger angezettelten Schl\u00e4gereien endeten,<br>hatte eine lokale Punkband ihn kurzerhand gefeuert.<br>Mittlerweile konnte sie ohnehin kaum noch irgendwo auftreten \u2013 \u00fcberall drohte Randale.<\/p>\n\n\n\n<p>So kam ich zu meinem \u201eEngagement\u201c.<br>Nach zwei Proben stand ich auf der B\u00fchne im letzten Club, der uns noch auftreten lie\u00df \u2013<br>einem lokalen Jubez.<br>Ich hatte hoch und heilig versprechen m\u00fcssen, dass es diesmal keinen Stress geben w\u00fcrde.<\/p>\n\n\n\n<p>Singen konnte ich nicht, Texte konnte ich mir nicht merken,<br>und ich trug eine Gitarre mit nur einer einzigen, v\u00f6llig verstimmten Saite.<br>Egal \u2013 spielen konnte ich sowieso nicht.<br>Also: allerbeste Voraussetzungen f\u00fcr einen Punk-S\u00e4nger.<\/p>\n\n\n\n<hr class=\"wp-block-separator has-alpha-channel-opacity\"\/>\n\n\n\n<p>Gleich beim ersten Song renkte sich unser Bassist beim Stage-Diving die Schulter aus.<br>Er lie\u00df sich einfach nach hinten fallen \u2013 und die Punks sprangen beiseite.<br>Bl\u00f6d nur: Er war der Einzige, der tats\u00e4chlich ein Instrument spielen konnte.<\/p>\n\n\n\n<p>Trotzdem liefen die ersten Songs ganz ordentlich.<br>Dass ich absolut nicht textsicher war, st\u00f6rte niemanden.<br>Bis pl\u00f6tzlich ein Punk in der zweiten Reihe sein Bier austrank, in den Becher pinkelte und ihn auf die B\u00fchne schleuderte.<\/p>\n\n\n\n<p>Mir platzte der Kragen.<br>Ich sprang mit dem Mikrost\u00e4nder voraus in die Menge.<br>Es entstand ein ziemlicher Tumult, die Band spielte erst noch weiter,<br>irgendwann stiegen sie mit ein.<br>Schl\u00e4gerei, das Licht ging an, alles war kaputt, die Bullen kamen \u2013 Ende des Auftritts.<\/p>\n\n\n\n<hr class=\"wp-block-separator has-alpha-channel-opacity\"\/>\n\n\n\n<p>Nach dem Konzert kam der Becherwerfer tats\u00e4chlich zu mir, grinste und bedankte sich:<br>Er habe schon lange nicht mehr so einen Spa\u00df gehabt.<br>Endlich mal wieder ein Konzert, bei dem etwas los gewesen sei!<\/p>\n\n\n\n<p>Seine Freunde stimmten begeistert zu und dr\u00fcckten mir erst mal warmes Dosenbier in die Hand.<br>Dann fragte er: \u201eAber sag mal \u2013 warum hast du mich eigentlich verpr\u00fcgelt?\u201c<br>\u201eNa, du hast mir einen Becher mit Pisse auf die B\u00fchne geworfen!\u201c<\/p>\n\n\n\n<p>Da mischte sich einer ein, der eher nach Metal-Szene aussah<br>und zuf\u00e4llig mit rausgeflogen war.<br>Er sagte: \u201eWenn sie dir ihre Pisse auf die B\u00fchne schmei\u00dfen, dann lieben sie dich!\u201c<\/p>\n\n\n\n<p>Die Punks nickten zustimmend.<\/p>\n\n\n\n<p>Ein b\u00f6ses Missverst\u00e4ndnis.<br>Es tat mir echt leid \u2013 aber wir gingen danach noch einen trinken.<br>Das war wieder eine andere, l\u00e4ngere Geschichte.<br>Jedenfalls ein gelungener Abend \u2013<br>wenn auch das Ende meiner kurzen Karriere als Punk-S\u00e4nger.<\/p>\n\n\n\n<p><\/p>\n<\/div>\n\n\n\n<div class=\"wp-block-column is-layout-flow wp-block-column-is-layout-flow\" style=\"flex-basis:33.33%\">\n<figure class=\"wp-block-image size-full\"><img loading=\"lazy\" decoding=\"async\" width=\"1024\" height=\"1024\" src=\"https:\/\/relaunch.norbert.de\/wp-content\/uploads\/2025\/10\/Punkband.png\" alt=\"\" class=\"wp-image-10130\" srcset=\"https:\/\/www.norbert.de\/wp-content\/uploads\/2025\/10\/Punkband.png 1024w, https:\/\/www.norbert.de\/wp-content\/uploads\/2025\/10\/Punkband-300x300.png 300w, https:\/\/www.norbert.de\/wp-content\/uploads\/2025\/10\/Punkband-150x150.png 150w, https:\/\/www.norbert.de\/wp-content\/uploads\/2025\/10\/Punkband-768x768.png 768w\" sizes=\"auto, (max-width: 1024px) 100vw, 1024px\" \/><\/figure>\n<\/div>\n<\/div>\n","protected":false},"excerpt":{"rendered":"<p>Unerwartete Reaktionen Mein Auftritt in einer Punkband Wir Menschen machen immer wieder den Fehler, von uns auf andere zu schlie\u00dfen.Wenn ein Kind eine Vase umstie\u00df, hatte es ein schlechtes Gewissen und versteckte vielleicht die Scherben.Wenn ein Hund eine Vase umstie\u00df, war ihm das v\u00f6llig egal. Trotzdem glaubten wir, auch er habe ein schlechtes Gewissen \u2013&#8230;<\/p>\n","protected":false},"author":1,"featured_media":0,"parent":35,"menu_order":80,"comment_status":"closed","ping_status":"closed","template":"","meta":{"_kad_post_transparent":"","_kad_post_title":"","_kad_post_layout":"","_kad_post_sidebar_id":"","_kad_post_content_style":"","_kad_post_vertical_padding":"","_kad_post_feature":"","_kad_post_feature_position":"","_kad_post_header":false,"_kad_post_footer":false,"_kad_post_classname":"","footnotes":""},"class_list":["post-10025","page","type-page","status-publish","hentry"],"yoast_head":"<!-- This site is optimized with the Yoast SEO plugin v26.4 - https:\/\/yoast.com\/wordpress\/plugins\/seo\/ -->\n<title>Unerwartete Reaktionen \u2013 Mein Auftritt in einer Punkband<\/title>\n<meta name=\"description\" content=\"Eine wahre, absurd-komische Geschichte \u00fcber ein Punk-Konzert, Missverst\u00e4ndnisse, Bierbecher und das Ende einer sehr kurzen Musikerkarriere.\" \/>\n<meta name=\"robots\" content=\"index, follow, max-snippet:-1, max-image-preview:large, max-video-preview:-1\" \/>\n<link rel=\"canonical\" href=\"https:\/\/www.norbert.de\/index.php\/stories\/wie-ich-in-einer-punkband-auftrat\/\" \/>\n<meta property=\"og:locale\" content=\"de_DE\" \/>\n<meta property=\"og:type\" content=\"article\" \/>\n<meta property=\"og:title\" content=\"Unerwartete Reaktionen \u2013 Mein Auftritt in einer Punkband\" \/>\n<meta property=\"og:description\" content=\"Eine wahre, absurd-komische Geschichte \u00fcber ein Punk-Konzert, Missverst\u00e4ndnisse, Bierbecher und das Ende einer sehr kurzen Musikerkarriere.\" \/>\n<meta property=\"og:url\" content=\"https:\/\/www.norbert.de\/index.php\/stories\/wie-ich-in-einer-punkband-auftrat\/\" \/>\n<meta property=\"og:site_name\" content=\"Norberts Heimat-Bl\u00e4tter\" \/>\n<meta property=\"article:publisher\" content=\"https:\/\/www.facebook.com\/norbert.schlia\" \/>\n<meta property=\"article:modified_time\" content=\"2025-10-29T09:52:27+00:00\" \/>\n<meta property=\"og:image\" content=\"https:\/\/relaunch.norbert.de\/wp-content\/uploads\/2025\/10\/Punkband.png\" \/>\n<meta name=\"twitter:card\" content=\"summary_large_image\" \/>\n<meta name=\"twitter:label1\" content=\"Gesch\u00e4tzte Lesezeit\" \/>\n\t<meta name=\"twitter:data1\" content=\"3\u00a0Minuten\" \/>\n<script type=\"application\/ld+json\" class=\"yoast-schema-graph\">{\"@context\":\"https:\/\/schema.org\",\"@graph\":[{\"@type\":\"WebPage\",\"@id\":\"https:\/\/www.norbert.de\/index.php\/stories\/wie-ich-in-einer-punkband-auftrat\/\",\"url\":\"https:\/\/www.norbert.de\/index.php\/stories\/wie-ich-in-einer-punkband-auftrat\/\",\"name\":\"Unerwartete Reaktionen \u2013 Mein Auftritt in einer Punkband\",\"isPartOf\":{\"@id\":\"https:\/\/www.norbert.de\/#website\"},\"primaryImageOfPage\":{\"@id\":\"https:\/\/www.norbert.de\/index.php\/stories\/wie-ich-in-einer-punkband-auftrat\/#primaryimage\"},\"image\":{\"@id\":\"https:\/\/www.norbert.de\/index.php\/stories\/wie-ich-in-einer-punkband-auftrat\/#primaryimage\"},\"thumbnailUrl\":\"https:\/\/relaunch.norbert.de\/wp-content\/uploads\/2025\/10\/Punkband.png\",\"datePublished\":\"2025-10-28T10:53:24+00:00\",\"dateModified\":\"2025-10-29T09:52:27+00:00\",\"description\":\"Eine wahre, absurd-komische Geschichte \u00fcber ein Punk-Konzert, Missverst\u00e4ndnisse, Bierbecher und das Ende einer sehr kurzen Musikerkarriere.\",\"breadcrumb\":{\"@id\":\"https:\/\/www.norbert.de\/index.php\/stories\/wie-ich-in-einer-punkband-auftrat\/#breadcrumb\"},\"inLanguage\":\"de\",\"potentialAction\":[{\"@type\":\"ReadAction\",\"target\":[\"https:\/\/www.norbert.de\/index.php\/stories\/wie-ich-in-einer-punkband-auftrat\/\"]}]},{\"@type\":\"ImageObject\",\"inLanguage\":\"de\",\"@id\":\"https:\/\/www.norbert.de\/index.php\/stories\/wie-ich-in-einer-punkband-auftrat\/#primaryimage\",\"url\":\"https:\/\/relaunch.norbert.de\/wp-content\/uploads\/2025\/10\/Punkband.png\",\"contentUrl\":\"https:\/\/relaunch.norbert.de\/wp-content\/uploads\/2025\/10\/Punkband.png\"},{\"@type\":\"BreadcrumbList\",\"@id\":\"https:\/\/www.norbert.de\/index.php\/stories\/wie-ich-in-einer-punkband-auftrat\/#breadcrumb\",\"itemListElement\":[{\"@type\":\"ListItem\",\"position\":1,\"name\":\"Startseite\",\"item\":\"https:\/\/www.norbert.de\/\"},{\"@type\":\"ListItem\",\"position\":2,\"name\":\"Geschichten aus dem echten Leben\",\"item\":\"https:\/\/www.norbert.de\/index.php\/stories\/\"},{\"@type\":\"ListItem\",\"position\":3,\"name\":\"Wie ich in einer Punkband auftrat\"}]},{\"@type\":\"WebSite\",\"@id\":\"https:\/\/www.norbert.de\/#website\",\"url\":\"https:\/\/www.norbert.de\/\",\"name\":\"Norbert's Heimat-Bl\u00e4tter\",\"description\":\"Das Relaunch meiner Homepages\",\"publisher\":{\"@id\":\"https:\/\/www.norbert.de\/#\/schema\/person\/3b432252d8fc5c17e6b449df5a355023\"},\"potentialAction\":[{\"@type\":\"SearchAction\",\"target\":{\"@type\":\"EntryPoint\",\"urlTemplate\":\"https:\/\/www.norbert.de\/?s={search_term_string}\"},\"query-input\":{\"@type\":\"PropertyValueSpecification\",\"valueRequired\":true,\"valueName\":\"search_term_string\"}}],\"inLanguage\":\"de\"},{\"@type\":[\"Person\",\"Organization\"],\"@id\":\"https:\/\/www.norbert.de\/#\/schema\/person\/3b432252d8fc5c17e6b449df5a355023\",\"name\":\"norbert\",\"image\":{\"@type\":\"ImageObject\",\"inLanguage\":\"de\",\"@id\":\"https:\/\/www.norbert.de\/#\/schema\/person\/image\/\",\"url\":\"https:\/\/www.norbert.de\/wp-content\/uploads\/2025\/10\/Selfie-scaled.jpg\",\"contentUrl\":\"https:\/\/www.norbert.de\/wp-content\/uploads\/2025\/10\/Selfie-scaled.jpg\",\"width\":2560,\"height\":2072,\"caption\":\"norbert\"},\"logo\":{\"@id\":\"https:\/\/www.norbert.de\/#\/schema\/person\/image\/\"},\"sameAs\":[\"https:\/\/www.norbert.de\",\"https:\/\/www.facebook.com\/norbert.schlia\",\"https:\/\/www.instagram.com\/norbertschlia\/\",\"https:\/\/www.linkedin.com\/in\/norbertschlia\/\",\"https:\/\/www.youtube.com\/nschlia\"]}]}<\/script>\n<!-- \/ Yoast SEO plugin. -->","yoast_head_json":{"title":"Unerwartete Reaktionen \u2013 Mein Auftritt in einer Punkband","description":"Eine wahre, absurd-komische Geschichte \u00fcber ein Punk-Konzert, Missverst\u00e4ndnisse, Bierbecher und das Ende einer sehr kurzen Musikerkarriere.","robots":{"index":"index","follow":"follow","max-snippet":"max-snippet:-1","max-image-preview":"max-image-preview:large","max-video-preview":"max-video-preview:-1"},"canonical":"https:\/\/www.norbert.de\/index.php\/stories\/wie-ich-in-einer-punkband-auftrat\/","og_locale":"de_DE","og_type":"article","og_title":"Unerwartete Reaktionen \u2013 Mein Auftritt in einer Punkband","og_description":"Eine wahre, absurd-komische Geschichte \u00fcber ein Punk-Konzert, Missverst\u00e4ndnisse, Bierbecher und das Ende einer sehr kurzen Musikerkarriere.","og_url":"https:\/\/www.norbert.de\/index.php\/stories\/wie-ich-in-einer-punkband-auftrat\/","og_site_name":"Norberts Heimat-Bl\u00e4tter","article_publisher":"https:\/\/www.facebook.com\/norbert.schlia","article_modified_time":"2025-10-29T09:52:27+00:00","og_image":[{"url":"https:\/\/relaunch.norbert.de\/wp-content\/uploads\/2025\/10\/Punkband.png","type":"","width":"","height":""}],"twitter_card":"summary_large_image","twitter_misc":{"Gesch\u00e4tzte Lesezeit":"3\u00a0Minuten"},"schema":{"@context":"https:\/\/schema.org","@graph":[{"@type":"WebPage","@id":"https:\/\/www.norbert.de\/index.php\/stories\/wie-ich-in-einer-punkband-auftrat\/","url":"https:\/\/www.norbert.de\/index.php\/stories\/wie-ich-in-einer-punkband-auftrat\/","name":"Unerwartete Reaktionen \u2013 Mein Auftritt in einer Punkband","isPartOf":{"@id":"https:\/\/www.norbert.de\/#website"},"primaryImageOfPage":{"@id":"https:\/\/www.norbert.de\/index.php\/stories\/wie-ich-in-einer-punkband-auftrat\/#primaryimage"},"image":{"@id":"https:\/\/www.norbert.de\/index.php\/stories\/wie-ich-in-einer-punkband-auftrat\/#primaryimage"},"thumbnailUrl":"https:\/\/relaunch.norbert.de\/wp-content\/uploads\/2025\/10\/Punkband.png","datePublished":"2025-10-28T10:53:24+00:00","dateModified":"2025-10-29T09:52:27+00:00","description":"Eine wahre, absurd-komische Geschichte \u00fcber ein Punk-Konzert, Missverst\u00e4ndnisse, Bierbecher und das Ende einer sehr kurzen Musikerkarriere.","breadcrumb":{"@id":"https:\/\/www.norbert.de\/index.php\/stories\/wie-ich-in-einer-punkband-auftrat\/#breadcrumb"},"inLanguage":"de","potentialAction":[{"@type":"ReadAction","target":["https:\/\/www.norbert.de\/index.php\/stories\/wie-ich-in-einer-punkband-auftrat\/"]}]},{"@type":"ImageObject","inLanguage":"de","@id":"https:\/\/www.norbert.de\/index.php\/stories\/wie-ich-in-einer-punkband-auftrat\/#primaryimage","url":"https:\/\/relaunch.norbert.de\/wp-content\/uploads\/2025\/10\/Punkband.png","contentUrl":"https:\/\/relaunch.norbert.de\/wp-content\/uploads\/2025\/10\/Punkband.png"},{"@type":"BreadcrumbList","@id":"https:\/\/www.norbert.de\/index.php\/stories\/wie-ich-in-einer-punkband-auftrat\/#breadcrumb","itemListElement":[{"@type":"ListItem","position":1,"name":"Startseite","item":"https:\/\/www.norbert.de\/"},{"@type":"ListItem","position":2,"name":"Geschichten aus dem echten Leben","item":"https:\/\/www.norbert.de\/index.php\/stories\/"},{"@type":"ListItem","position":3,"name":"Wie ich in einer Punkband auftrat"}]},{"@type":"WebSite","@id":"https:\/\/www.norbert.de\/#website","url":"https:\/\/www.norbert.de\/","name":"Norbert's Heimat-Bl\u00e4tter","description":"Das Relaunch meiner Homepages","publisher":{"@id":"https:\/\/www.norbert.de\/#\/schema\/person\/3b432252d8fc5c17e6b449df5a355023"},"potentialAction":[{"@type":"SearchAction","target":{"@type":"EntryPoint","urlTemplate":"https:\/\/www.norbert.de\/?s={search_term_string}"},"query-input":{"@type":"PropertyValueSpecification","valueRequired":true,"valueName":"search_term_string"}}],"inLanguage":"de"},{"@type":["Person","Organization"],"@id":"https:\/\/www.norbert.de\/#\/schema\/person\/3b432252d8fc5c17e6b449df5a355023","name":"norbert","image":{"@type":"ImageObject","inLanguage":"de","@id":"https:\/\/www.norbert.de\/#\/schema\/person\/image\/","url":"https:\/\/www.norbert.de\/wp-content\/uploads\/2025\/10\/Selfie-scaled.jpg","contentUrl":"https:\/\/www.norbert.de\/wp-content\/uploads\/2025\/10\/Selfie-scaled.jpg","width":2560,"height":2072,"caption":"norbert"},"logo":{"@id":"https:\/\/www.norbert.de\/#\/schema\/person\/image\/"},"sameAs":["https:\/\/www.norbert.de","https:\/\/www.facebook.com\/norbert.schlia","https:\/\/www.instagram.com\/norbertschlia\/","https:\/\/www.linkedin.com\/in\/norbertschlia\/","https:\/\/www.youtube.com\/nschlia"]}]}},"_links":{"self":[{"href":"https:\/\/www.norbert.de\/index.php\/wp-json\/wp\/v2\/pages\/10025","targetHints":{"allow":["GET"]}}],"collection":[{"href":"https:\/\/www.norbert.de\/index.php\/wp-json\/wp\/v2\/pages"}],"about":[{"href":"https:\/\/www.norbert.de\/index.php\/wp-json\/wp\/v2\/types\/page"}],"author":[{"embeddable":true,"href":"https:\/\/www.norbert.de\/index.php\/wp-json\/wp\/v2\/users\/1"}],"replies":[{"embeddable":true,"href":"https:\/\/www.norbert.de\/index.php\/wp-json\/wp\/v2\/comments?post=10025"}],"version-history":[{"count":3,"href":"https:\/\/www.norbert.de\/index.php\/wp-json\/wp\/v2\/pages\/10025\/revisions"}],"predecessor-version":[{"id":10131,"href":"https:\/\/www.norbert.de\/index.php\/wp-json\/wp\/v2\/pages\/10025\/revisions\/10131"}],"up":[{"embeddable":true,"href":"https:\/\/www.norbert.de\/index.php\/wp-json\/wp\/v2\/pages\/35"}],"wp:attachment":[{"href":"https:\/\/www.norbert.de\/index.php\/wp-json\/wp\/v2\/media?parent=10025"}],"curies":[{"name":"wp","href":"https:\/\/api.w.org\/{rel}","templated":true}]}}