{"id":10023,"date":"2025-10-28T11:53:13","date_gmt":"2025-10-28T10:53:13","guid":{"rendered":"https:\/\/relaunch.norbert.de\/?page_id=10023"},"modified":"2025-10-28T21:58:36","modified_gmt":"2025-10-28T20:58:36","slug":"die-nicht-party","status":"publish","type":"page","link":"https:\/\/www.norbert.de\/index.php\/stories\/die-nicht-party\/","title":{"rendered":"Die Nicht-Party"},"content":{"rendered":"\n<div class=\"wp-block-columns is-layout-flex wp-container-core-columns-is-layout-9d6595d7 wp-block-columns-is-layout-flex\">\n<div class=\"wp-block-column is-layout-flow wp-block-column-is-layout-flow\" style=\"flex-basis:66.66%\">\n<h2 class=\"wp-block-heading\">Keine Party<\/h2>\n\n\n\n<p>In der Wohnung \u00fcber mir wohnte ein Paar, das sich regelm\u00e4\u00dfig beim Hausverwalter \u00fcber mich beschwerte.<br>Eigentlich war ich gar nicht sonderlich laut, aber die beiden waren wohl \u00fcberempfindlich.<\/p>\n\n\n\n<p>Eines Abends hatte ich Besuch.<br>Jemand hatte einen Kuchen gebacken, und wir sa\u00dfen in meinem Wohnzimmer, tranken Kaffee und unterhielten uns.<\/p>\n\n\n\n<p>Prompt hatten die oben die Polizei gerufen, die kurz darauf bei mir an der T\u00fcr klingelte.<br>Man sei wegen Ruhest\u00f6rung da \u2013 bei mir gehe es zu wie in einer Kneipe,<br>habe man gemeldet bekommen.<\/p>\n\n\n\n<p>Ich war etwas verwundert, denn es war gerade einmal 19:30 Uhr.<br>Von Nachtruhe konnte also keine Rede sein.<br>Ich bat die beiden Polizisten herein.<\/p>\n\n\n\n<p>Sie kamen mit ins Wohnzimmer.<br>Da alle T\u00fcren offenstanden, konnte man sehen, dass sich gerade einmal f\u00fcnf Personen in der ganzen Wohnung befanden.<br>Einer trank gerade an seinem Kaffee \u2013 es fehlte blo\u00df noch der abgespreizte kleine Finger zur Vervollkommnung des Klischees.<\/p>\n\n\n\n<p>\u201eNach einem rauschenden Fest sieht das hier aber nicht aus \u2026\u201c,<br>rutschte es dem Streifenf\u00fchrer heraus.<br>Die beiden waren sichtlich genervt.<br>Jedenfalls gingen sie anschlie\u00dfend einen Stock h\u00f6her:<br>\u201eMit dem Anrufer m\u00fcssen wir mal reden \u2026\u201c<\/p>\n\n\n\n<p>Danach hatte ich einige Zeit meine Ruhe \u2013<br>obwohl es sp\u00e4ter tats\u00e4chlich einmal eine Party gab,<br>die ehrlich gesagt schon etwas laut geworden war \u2026<\/p>\n<\/div>\n\n\n\n<div class=\"wp-block-column is-layout-flow wp-block-column-is-layout-flow\" style=\"flex-basis:33.33%\"><\/div>\n<\/div>\n","protected":false},"excerpt":{"rendered":"<p>Keine Party In der Wohnung \u00fcber mir wohnte ein Paar, das sich regelm\u00e4\u00dfig beim Hausverwalter \u00fcber mich beschwerte.Eigentlich war ich gar nicht sonderlich laut, aber die beiden waren wohl \u00fcberempfindlich. Eines Abends hatte ich Besuch.Jemand hatte einen Kuchen gebacken, und wir sa\u00dfen in meinem Wohnzimmer, tranken Kaffee und unterhielten uns. Prompt hatten die oben die&#8230;<\/p>\n","protected":false},"author":1,"featured_media":0,"parent":35,"menu_order":70,"comment_status":"closed","ping_status":"closed","template":"","meta":{"_kad_post_transparent":"","_kad_post_title":"","_kad_post_layout":"","_kad_post_sidebar_id":"","_kad_post_content_style":"","_kad_post_vertical_padding":"","_kad_post_feature":"","_kad_post_feature_position":"","_kad_post_header":false,"_kad_post_footer":false,"_kad_post_classname":"","footnotes":""},"class_list":["post-10023","page","type-page","status-publish","hentry"],"yoast_head":"<!-- This site is optimized with the Yoast SEO plugin v26.4 - https:\/\/yoast.com\/wordpress\/plugins\/seo\/ -->\n<title>Eine Party \u2013 Wenn die Polizei wegen Kaffee kommt<\/title>\n<meta name=\"description\" content=\"Eine ruhige Kaffeerunde, genervte Nachbarn und zwei Polizisten, die lieber mit dem Anrufer reden. Eine allt\u00e4gliche, herrlich trockene Geschichte.\" \/>\n<meta name=\"robots\" content=\"index, follow, max-snippet:-1, max-image-preview:large, max-video-preview:-1\" \/>\n<link rel=\"canonical\" href=\"https:\/\/www.norbert.de\/index.php\/stories\/die-nicht-party\/\" \/>\n<meta property=\"og:locale\" content=\"de_DE\" \/>\n<meta property=\"og:type\" content=\"article\" \/>\n<meta property=\"og:title\" content=\"Eine Party \u2013 Wenn die Polizei wegen Kaffee kommt\" \/>\n<meta property=\"og:description\" content=\"Eine ruhige Kaffeerunde, genervte Nachbarn und zwei Polizisten, die lieber mit dem Anrufer reden. Eine allt\u00e4gliche, herrlich trockene Geschichte.\" \/>\n<meta property=\"og:url\" content=\"https:\/\/www.norbert.de\/index.php\/stories\/die-nicht-party\/\" \/>\n<meta property=\"og:site_name\" content=\"Norberts Heimat-Bl\u00e4tter\" \/>\n<meta property=\"article:publisher\" content=\"https:\/\/www.facebook.com\/norbert.schlia\" \/>\n<meta property=\"article:modified_time\" content=\"2025-10-28T20:58:36+00:00\" \/>\n<meta name=\"twitter:card\" content=\"summary_large_image\" \/>\n<meta name=\"twitter:label1\" content=\"Gesch\u00e4tzte Lesezeit\" \/>\n\t<meta name=\"twitter:data1\" content=\"2\u00a0Minuten\" \/>\n<script type=\"application\/ld+json\" class=\"yoast-schema-graph\">{\"@context\":\"https:\/\/schema.org\",\"@graph\":[{\"@type\":\"WebPage\",\"@id\":\"https:\/\/www.norbert.de\/index.php\/stories\/die-nicht-party\/\",\"url\":\"https:\/\/www.norbert.de\/index.php\/stories\/die-nicht-party\/\",\"name\":\"Eine Party \u2013 Wenn die Polizei wegen Kaffee kommt\",\"isPartOf\":{\"@id\":\"https:\/\/www.norbert.de\/#website\"},\"datePublished\":\"2025-10-28T10:53:13+00:00\",\"dateModified\":\"2025-10-28T20:58:36+00:00\",\"description\":\"Eine ruhige Kaffeerunde, genervte Nachbarn und zwei Polizisten, die lieber mit dem Anrufer reden. Eine allt\u00e4gliche, herrlich trockene Geschichte.\",\"breadcrumb\":{\"@id\":\"https:\/\/www.norbert.de\/index.php\/stories\/die-nicht-party\/#breadcrumb\"},\"inLanguage\":\"de\",\"potentialAction\":[{\"@type\":\"ReadAction\",\"target\":[\"https:\/\/www.norbert.de\/index.php\/stories\/die-nicht-party\/\"]}]},{\"@type\":\"BreadcrumbList\",\"@id\":\"https:\/\/www.norbert.de\/index.php\/stories\/die-nicht-party\/#breadcrumb\",\"itemListElement\":[{\"@type\":\"ListItem\",\"position\":1,\"name\":\"Startseite\",\"item\":\"https:\/\/www.norbert.de\/\"},{\"@type\":\"ListItem\",\"position\":2,\"name\":\"Geschichten aus dem echten Leben\",\"item\":\"https:\/\/www.norbert.de\/index.php\/stories\/\"},{\"@type\":\"ListItem\",\"position\":3,\"name\":\"Die Nicht-Party\"}]},{\"@type\":\"WebSite\",\"@id\":\"https:\/\/www.norbert.de\/#website\",\"url\":\"https:\/\/www.norbert.de\/\",\"name\":\"Norbert's Heimat-Bl\u00e4tter\",\"description\":\"Das Relaunch meiner Homepages\",\"publisher\":{\"@id\":\"https:\/\/www.norbert.de\/#\/schema\/person\/3b432252d8fc5c17e6b449df5a355023\"},\"potentialAction\":[{\"@type\":\"SearchAction\",\"target\":{\"@type\":\"EntryPoint\",\"urlTemplate\":\"https:\/\/www.norbert.de\/?s={search_term_string}\"},\"query-input\":{\"@type\":\"PropertyValueSpecification\",\"valueRequired\":true,\"valueName\":\"search_term_string\"}}],\"inLanguage\":\"de\"},{\"@type\":[\"Person\",\"Organization\"],\"@id\":\"https:\/\/www.norbert.de\/#\/schema\/person\/3b432252d8fc5c17e6b449df5a355023\",\"name\":\"norbert\",\"image\":{\"@type\":\"ImageObject\",\"inLanguage\":\"de\",\"@id\":\"https:\/\/www.norbert.de\/#\/schema\/person\/image\/\",\"url\":\"https:\/\/www.norbert.de\/wp-content\/uploads\/2025\/10\/Selfie-scaled.jpg\",\"contentUrl\":\"https:\/\/www.norbert.de\/wp-content\/uploads\/2025\/10\/Selfie-scaled.jpg\",\"width\":2560,\"height\":2072,\"caption\":\"norbert\"},\"logo\":{\"@id\":\"https:\/\/www.norbert.de\/#\/schema\/person\/image\/\"},\"sameAs\":[\"https:\/\/www.norbert.de\",\"https:\/\/www.facebook.com\/norbert.schlia\",\"https:\/\/www.instagram.com\/norbertschlia\/\",\"https:\/\/www.linkedin.com\/in\/norbertschlia\/\",\"https:\/\/www.youtube.com\/nschlia\"]}]}<\/script>\n<!-- \/ Yoast SEO plugin. -->","yoast_head_json":{"title":"Eine Party \u2013 Wenn die Polizei wegen Kaffee kommt","description":"Eine ruhige Kaffeerunde, genervte Nachbarn und zwei Polizisten, die lieber mit dem Anrufer reden. Eine allt\u00e4gliche, herrlich trockene Geschichte.","robots":{"index":"index","follow":"follow","max-snippet":"max-snippet:-1","max-image-preview":"max-image-preview:large","max-video-preview":"max-video-preview:-1"},"canonical":"https:\/\/www.norbert.de\/index.php\/stories\/die-nicht-party\/","og_locale":"de_DE","og_type":"article","og_title":"Eine Party \u2013 Wenn die Polizei wegen Kaffee kommt","og_description":"Eine ruhige Kaffeerunde, genervte Nachbarn und zwei Polizisten, die lieber mit dem Anrufer reden. Eine allt\u00e4gliche, herrlich trockene Geschichte.","og_url":"https:\/\/www.norbert.de\/index.php\/stories\/die-nicht-party\/","og_site_name":"Norberts Heimat-Bl\u00e4tter","article_publisher":"https:\/\/www.facebook.com\/norbert.schlia","article_modified_time":"2025-10-28T20:58:36+00:00","twitter_card":"summary_large_image","twitter_misc":{"Gesch\u00e4tzte Lesezeit":"2\u00a0Minuten"},"schema":{"@context":"https:\/\/schema.org","@graph":[{"@type":"WebPage","@id":"https:\/\/www.norbert.de\/index.php\/stories\/die-nicht-party\/","url":"https:\/\/www.norbert.de\/index.php\/stories\/die-nicht-party\/","name":"Eine Party \u2013 Wenn die Polizei wegen Kaffee kommt","isPartOf":{"@id":"https:\/\/www.norbert.de\/#website"},"datePublished":"2025-10-28T10:53:13+00:00","dateModified":"2025-10-28T20:58:36+00:00","description":"Eine ruhige Kaffeerunde, genervte Nachbarn und zwei Polizisten, die lieber mit dem Anrufer reden. Eine allt\u00e4gliche, herrlich trockene Geschichte.","breadcrumb":{"@id":"https:\/\/www.norbert.de\/index.php\/stories\/die-nicht-party\/#breadcrumb"},"inLanguage":"de","potentialAction":[{"@type":"ReadAction","target":["https:\/\/www.norbert.de\/index.php\/stories\/die-nicht-party\/"]}]},{"@type":"BreadcrumbList","@id":"https:\/\/www.norbert.de\/index.php\/stories\/die-nicht-party\/#breadcrumb","itemListElement":[{"@type":"ListItem","position":1,"name":"Startseite","item":"https:\/\/www.norbert.de\/"},{"@type":"ListItem","position":2,"name":"Geschichten aus dem echten Leben","item":"https:\/\/www.norbert.de\/index.php\/stories\/"},{"@type":"ListItem","position":3,"name":"Die Nicht-Party"}]},{"@type":"WebSite","@id":"https:\/\/www.norbert.de\/#website","url":"https:\/\/www.norbert.de\/","name":"Norbert's Heimat-Bl\u00e4tter","description":"Das Relaunch meiner Homepages","publisher":{"@id":"https:\/\/www.norbert.de\/#\/schema\/person\/3b432252d8fc5c17e6b449df5a355023"},"potentialAction":[{"@type":"SearchAction","target":{"@type":"EntryPoint","urlTemplate":"https:\/\/www.norbert.de\/?s={search_term_string}"},"query-input":{"@type":"PropertyValueSpecification","valueRequired":true,"valueName":"search_term_string"}}],"inLanguage":"de"},{"@type":["Person","Organization"],"@id":"https:\/\/www.norbert.de\/#\/schema\/person\/3b432252d8fc5c17e6b449df5a355023","name":"norbert","image":{"@type":"ImageObject","inLanguage":"de","@id":"https:\/\/www.norbert.de\/#\/schema\/person\/image\/","url":"https:\/\/www.norbert.de\/wp-content\/uploads\/2025\/10\/Selfie-scaled.jpg","contentUrl":"https:\/\/www.norbert.de\/wp-content\/uploads\/2025\/10\/Selfie-scaled.jpg","width":2560,"height":2072,"caption":"norbert"},"logo":{"@id":"https:\/\/www.norbert.de\/#\/schema\/person\/image\/"},"sameAs":["https:\/\/www.norbert.de","https:\/\/www.facebook.com\/norbert.schlia","https:\/\/www.instagram.com\/norbertschlia\/","https:\/\/www.linkedin.com\/in\/norbertschlia\/","https:\/\/www.youtube.com\/nschlia"]}]}},"_links":{"self":[{"href":"https:\/\/www.norbert.de\/index.php\/wp-json\/wp\/v2\/pages\/10023","targetHints":{"allow":["GET"]}}],"collection":[{"href":"https:\/\/www.norbert.de\/index.php\/wp-json\/wp\/v2\/pages"}],"about":[{"href":"https:\/\/www.norbert.de\/index.php\/wp-json\/wp\/v2\/types\/page"}],"author":[{"embeddable":true,"href":"https:\/\/www.norbert.de\/index.php\/wp-json\/wp\/v2\/users\/1"}],"replies":[{"embeddable":true,"href":"https:\/\/www.norbert.de\/index.php\/wp-json\/wp\/v2\/comments?post=10023"}],"version-history":[{"count":2,"href":"https:\/\/www.norbert.de\/index.php\/wp-json\/wp\/v2\/pages\/10023\/revisions"}],"predecessor-version":[{"id":10078,"href":"https:\/\/www.norbert.de\/index.php\/wp-json\/wp\/v2\/pages\/10023\/revisions\/10078"}],"up":[{"embeddable":true,"href":"https:\/\/www.norbert.de\/index.php\/wp-json\/wp\/v2\/pages\/35"}],"wp:attachment":[{"href":"https:\/\/www.norbert.de\/index.php\/wp-json\/wp\/v2\/media?parent=10023"}],"curies":[{"name":"wp","href":"https:\/\/api.w.org\/{rel}","templated":true}]}}