{"id":10021,"date":"2025-10-28T11:53:02","date_gmt":"2025-10-28T10:53:02","guid":{"rendered":"https:\/\/relaunch.norbert.de\/?page_id=10021"},"modified":"2025-11-02T12:51:42","modified_gmt":"2025-11-02T11:51:42","slug":"bei-hausbesetzern","status":"publish","type":"page","link":"https:\/\/www.norbert.de\/index.php\/stories\/bei-hausbesetzern\/","title":{"rendered":"Bei Hausbesetzern"},"content":{"rendered":"\n<div class=\"wp-block-columns is-layout-flex wp-container-core-columns-is-layout-9d6595d7 wp-block-columns-is-layout-flex\">\n<div class=\"wp-block-column is-layout-flow wp-block-column-is-layout-flow\" style=\"flex-basis:66.66%\">\n<h2 class=\"wp-block-heading\">Plumpe Vorgehensweise<\/h2>\n\n\n\n<p>In den 1980ern war es gro\u00dfe Mode, ganze Wohnbl\u00f6cke spekulativ leer stehen zu lassen.<br>Ebenso war es in Mode, diese Wohnungen kurzerhand zu besetzen.<\/p>\n\n\n\n<p>So geschah es auch in Karlsruhe.<br>Nach einiger Zeit war es den Besetzern sogar gelungen, eine Strom- und Wasserversorgung herzustellen.<br>Als kleines Manko erwies sich lediglich die fehlende Entw\u00e4sserung \u2013<br>das aber nur als Randnotiz, denn in dieser Geschichte spielte es keine Rolle.<\/p>\n\n\n\n<p>Als Gegenpart zur Besetzerszene tauchten gern die Herren mit den windschnittigen Glatzen vor dem Haus auf,<br>um ihre braunen Parolen zu skandieren.<br>Meistens wurden sie einfach ignoriert, worauf sie ohne gr\u00f6\u00dferes Aufsehen wieder abzogen.<br>Je nach Laune ging man auch mal hinunter, um den werten Jungs ihre Kleidung ein wenig strammer zu ziehen.<\/p>\n\n\n\n<p>Irgendetwas an solch einem Vorfall musste das Missfallen des \u00f6rtlichen Establishments erregt haben,<br>denn einige Zeit, nachdem die Stiefeltruppe abgezogen war, erschien eine Polizeistreife.<\/p>\n\n\n\n<p>Die beiden Beamten liefen als erste Ma\u00dfnahme dienstbeflissen im dunklen Hof auf und ab<br>und leuchteten mit einer Taschenlampe in die Ecken.<br>Als sich jedoch keinerlei Anzeichen von Ruhest\u00f6rung oder sonstigem L\u00e4rm fanden,<br>kamen sie auf die glorreiche Idee, sich in ihr Auto zu setzen<br>und die dort montierte Lautsprechereinheit einzusetzen.<\/p>\n\n\n\n<p>Ein leises Einschalt-Klack, dann Verst\u00e4rkerrauschen.<br>Jemand pustete ins Mikrofon.<br>\u201eEins, zwei, Test, Test&#8230; Hier spricht die Polizei!<br>Wir ermitteln wegen Ruhest\u00f6rung.<br>Wir bitten Sie, weiteren L\u00e4rm zu unterlassen.\u201c<\/p>\n\n\n\n<p>Das konnten wir nicht unkommentiert lassen.<br>Ich \u00f6ffnete das Fenster und rief hinunter:<br>\u201eEs ist gleich 24 Uhr, hier sind Kinder, die schlafen!\u201c<\/p>\n\n\n\n<p>Darauf qu\u00e4kte es postwendend aus dem Hof, megaphonverst\u00e4rkt:<br>\u201eDann sorgen Sie f\u00fcr Ruhe!\u201c<\/p>\n\n\n\n<p>\u201eDie einzigen, die Krach machen, sind Sie!\u201c<\/p>\n\n\n\n<p>Kurze Denkpause unten.<br>Offenbar d\u00e4mmerte den beiden allm\u00e4hlich Sinn und Unsinn ihrer Aktion.<br>Mittlerweile gingen gegen\u00fcber beim Establishment Lichter an,<br>einige Rolll\u00e4den wurden ge\u00f6ffnet.<\/p>\n\n\n\n<p>Ganz unkommentiert konnten die beiden Polizisten wohl nicht aus der Situation heraus:<br>\u201eHalten Sie bitte die Nachtruhe ein, sonst kommen wir wieder!\u201c<\/p>\n\n\n\n<p>Meine Bemerkung<br>\u201eDann seien Sie so nett und klingeln Sie diesmal direkt im zweiten Stock,<br>damit die Kinder unten schlafen k\u00f6nnen!\u201c<br>h\u00f6rten sie schon nicht mehr,<br>weil sie bereits aus dem Hof fuhren.<\/p>\n\n\n\n<p>Ein dicker Mann im wei\u00dfen Unterhemd und in Jogginghose<br>stand auf einem gegen\u00fcberliegenden Balkon,<br>kratzte sich erst bed\u00e4chtig am Bauch, dann am Kopf,<br>w\u00fcnschte mir noch eine gute Nacht<br>und verschwand in seinem Wohnzimmer.<\/p>\n<\/div>\n\n\n\n<div class=\"wp-block-column is-layout-flow wp-block-column-is-layout-flow\" style=\"flex-basis:33.33%\">\n<figure class=\"wp-block-image size-full\"><img loading=\"lazy\" decoding=\"async\" width=\"1024\" height=\"1024\" src=\"https:\/\/www.norbert.de\/wp-content\/uploads\/2025\/11\/PlumpesVorgehen1.png\" alt=\"\" class=\"wp-image-10206\" srcset=\"https:\/\/www.norbert.de\/wp-content\/uploads\/2025\/11\/PlumpesVorgehen1.png 1024w, https:\/\/www.norbert.de\/wp-content\/uploads\/2025\/11\/PlumpesVorgehen1-300x300.png 300w, https:\/\/www.norbert.de\/wp-content\/uploads\/2025\/11\/PlumpesVorgehen1-150x150.png 150w, https:\/\/www.norbert.de\/wp-content\/uploads\/2025\/11\/PlumpesVorgehen1-768x768.png 768w\" sizes=\"auto, (max-width: 1024px) 100vw, 1024px\" \/><\/figure>\n<\/div>\n<\/div>\n","protected":false},"excerpt":{"rendered":"<p>Plumpe Vorgehensweise In den 1980ern war es gro\u00dfe Mode, ganze Wohnbl\u00f6cke spekulativ leer stehen zu lassen.Ebenso war es in Mode, diese Wohnungen kurzerhand zu besetzen. So geschah es auch in Karlsruhe.Nach einiger Zeit war es den Besetzern sogar gelungen, eine Strom- und Wasserversorgung herzustellen.Als kleines Manko erwies sich lediglich die fehlende Entw\u00e4sserung \u2013das aber nur&#8230;<\/p>\n","protected":false},"author":1,"featured_media":0,"parent":35,"menu_order":60,"comment_status":"closed","ping_status":"closed","template":"","meta":{"_kad_post_transparent":"","_kad_post_title":"","_kad_post_layout":"","_kad_post_sidebar_id":"","_kad_post_content_style":"","_kad_post_vertical_padding":"","_kad_post_feature":"","_kad_post_feature_position":"","_kad_post_header":false,"_kad_post_footer":false,"_kad_post_classname":"","footnotes":""},"class_list":["post-10021","page","type-page","status-publish","hentry"],"yoast_head":"<!-- This site is optimized with the Yoast SEO plugin v26.4 - https:\/\/yoast.com\/wordpress\/plugins\/seo\/ -->\n<title>Plumpe Vorgehensweise \u2013 Wenn die Polizei f\u00fcr Ruhe sorgt<\/title>\n<meta name=\"description\" content=\"Eine wahre Geschichte aus den 1980ern: Besetzer, Neonazis, eine \u00fcberforderte Streife und ein Mann im Unterhemd. Satirisch, ruhig und herrlich trocken erz\u00e4hlt.\" \/>\n<meta name=\"robots\" content=\"index, follow, max-snippet:-1, max-image-preview:large, max-video-preview:-1\" \/>\n<link rel=\"canonical\" href=\"https:\/\/www.norbert.de\/index.php\/stories\/bei-hausbesetzern\/\" \/>\n<meta property=\"og:locale\" content=\"de_DE\" \/>\n<meta property=\"og:type\" content=\"article\" \/>\n<meta property=\"og:title\" content=\"Plumpe Vorgehensweise \u2013 Wenn die Polizei f\u00fcr Ruhe sorgt\" \/>\n<meta property=\"og:description\" content=\"Eine wahre Geschichte aus den 1980ern: Besetzer, Neonazis, eine \u00fcberforderte Streife und ein Mann im Unterhemd. Satirisch, ruhig und herrlich trocken erz\u00e4hlt.\" \/>\n<meta property=\"og:url\" content=\"https:\/\/www.norbert.de\/index.php\/stories\/bei-hausbesetzern\/\" \/>\n<meta property=\"og:site_name\" content=\"Norberts Heimat-Bl\u00e4tter\" \/>\n<meta property=\"article:publisher\" content=\"https:\/\/www.facebook.com\/norbert.schlia\" \/>\n<meta property=\"article:modified_time\" content=\"2025-11-02T11:51:42+00:00\" \/>\n<meta property=\"og:image\" content=\"https:\/\/www.norbert.de\/wp-content\/uploads\/2025\/11\/PlumpesVorgehen1.png\" \/>\n\t<meta property=\"og:image:width\" content=\"1024\" \/>\n\t<meta property=\"og:image:height\" content=\"1024\" \/>\n\t<meta property=\"og:image:type\" content=\"image\/png\" \/>\n<meta name=\"twitter:card\" content=\"summary_large_image\" \/>\n<meta name=\"twitter:label1\" content=\"Gesch\u00e4tzte Lesezeit\" \/>\n\t<meta name=\"twitter:data1\" content=\"3\u00a0Minuten\" \/>\n<script type=\"application\/ld+json\" class=\"yoast-schema-graph\">{\"@context\":\"https:\/\/schema.org\",\"@graph\":[{\"@type\":\"WebPage\",\"@id\":\"https:\/\/www.norbert.de\/index.php\/stories\/bei-hausbesetzern\/\",\"url\":\"https:\/\/www.norbert.de\/index.php\/stories\/bei-hausbesetzern\/\",\"name\":\"Plumpe Vorgehensweise \u2013 Wenn die Polizei f\u00fcr Ruhe sorgt\",\"isPartOf\":{\"@id\":\"https:\/\/www.norbert.de\/#website\"},\"primaryImageOfPage\":{\"@id\":\"https:\/\/www.norbert.de\/index.php\/stories\/bei-hausbesetzern\/#primaryimage\"},\"image\":{\"@id\":\"https:\/\/www.norbert.de\/index.php\/stories\/bei-hausbesetzern\/#primaryimage\"},\"thumbnailUrl\":\"https:\/\/www.norbert.de\/wp-content\/uploads\/2025\/11\/PlumpesVorgehen1.png\",\"datePublished\":\"2025-10-28T10:53:02+00:00\",\"dateModified\":\"2025-11-02T11:51:42+00:00\",\"description\":\"Eine wahre Geschichte aus den 1980ern: Besetzer, Neonazis, eine \u00fcberforderte Streife und ein Mann im Unterhemd. Satirisch, ruhig und herrlich trocken erz\u00e4hlt.\",\"breadcrumb\":{\"@id\":\"https:\/\/www.norbert.de\/index.php\/stories\/bei-hausbesetzern\/#breadcrumb\"},\"inLanguage\":\"de\",\"potentialAction\":[{\"@type\":\"ReadAction\",\"target\":[\"https:\/\/www.norbert.de\/index.php\/stories\/bei-hausbesetzern\/\"]}]},{\"@type\":\"ImageObject\",\"inLanguage\":\"de\",\"@id\":\"https:\/\/www.norbert.de\/index.php\/stories\/bei-hausbesetzern\/#primaryimage\",\"url\":\"https:\/\/www.norbert.de\/wp-content\/uploads\/2025\/11\/PlumpesVorgehen1.png\",\"contentUrl\":\"https:\/\/www.norbert.de\/wp-content\/uploads\/2025\/11\/PlumpesVorgehen1.png\",\"width\":1024,\"height\":1024},{\"@type\":\"BreadcrumbList\",\"@id\":\"https:\/\/www.norbert.de\/index.php\/stories\/bei-hausbesetzern\/#breadcrumb\",\"itemListElement\":[{\"@type\":\"ListItem\",\"position\":1,\"name\":\"Startseite\",\"item\":\"https:\/\/www.norbert.de\/\"},{\"@type\":\"ListItem\",\"position\":2,\"name\":\"Geschichten aus dem echten Leben\",\"item\":\"https:\/\/www.norbert.de\/index.php\/stories\/\"},{\"@type\":\"ListItem\",\"position\":3,\"name\":\"Bei Hausbesetzern\"}]},{\"@type\":\"WebSite\",\"@id\":\"https:\/\/www.norbert.de\/#website\",\"url\":\"https:\/\/www.norbert.de\/\",\"name\":\"Norbert's Heimat-Bl\u00e4tter\",\"description\":\"Das Relaunch meiner Homepages\",\"publisher\":{\"@id\":\"https:\/\/www.norbert.de\/#\/schema\/person\/3b432252d8fc5c17e6b449df5a355023\"},\"potentialAction\":[{\"@type\":\"SearchAction\",\"target\":{\"@type\":\"EntryPoint\",\"urlTemplate\":\"https:\/\/www.norbert.de\/?s={search_term_string}\"},\"query-input\":{\"@type\":\"PropertyValueSpecification\",\"valueRequired\":true,\"valueName\":\"search_term_string\"}}],\"inLanguage\":\"de\"},{\"@type\":[\"Person\",\"Organization\"],\"@id\":\"https:\/\/www.norbert.de\/#\/schema\/person\/3b432252d8fc5c17e6b449df5a355023\",\"name\":\"norbert\",\"image\":{\"@type\":\"ImageObject\",\"inLanguage\":\"de\",\"@id\":\"https:\/\/www.norbert.de\/#\/schema\/person\/image\/\",\"url\":\"https:\/\/www.norbert.de\/wp-content\/uploads\/2025\/10\/Selfie-scaled.jpg\",\"contentUrl\":\"https:\/\/www.norbert.de\/wp-content\/uploads\/2025\/10\/Selfie-scaled.jpg\",\"width\":2560,\"height\":2072,\"caption\":\"norbert\"},\"logo\":{\"@id\":\"https:\/\/www.norbert.de\/#\/schema\/person\/image\/\"},\"sameAs\":[\"https:\/\/www.norbert.de\",\"https:\/\/www.facebook.com\/norbert.schlia\",\"https:\/\/www.instagram.com\/norbertschlia\/\",\"https:\/\/www.linkedin.com\/in\/norbertschlia\/\",\"https:\/\/www.youtube.com\/nschlia\"]}]}<\/script>\n<!-- \/ Yoast SEO plugin. -->","yoast_head_json":{"title":"Plumpe Vorgehensweise \u2013 Wenn die Polizei f\u00fcr Ruhe sorgt","description":"Eine wahre Geschichte aus den 1980ern: Besetzer, Neonazis, eine \u00fcberforderte Streife und ein Mann im Unterhemd. Satirisch, ruhig und herrlich trocken erz\u00e4hlt.","robots":{"index":"index","follow":"follow","max-snippet":"max-snippet:-1","max-image-preview":"max-image-preview:large","max-video-preview":"max-video-preview:-1"},"canonical":"https:\/\/www.norbert.de\/index.php\/stories\/bei-hausbesetzern\/","og_locale":"de_DE","og_type":"article","og_title":"Plumpe Vorgehensweise \u2013 Wenn die Polizei f\u00fcr Ruhe sorgt","og_description":"Eine wahre Geschichte aus den 1980ern: Besetzer, Neonazis, eine \u00fcberforderte Streife und ein Mann im Unterhemd. Satirisch, ruhig und herrlich trocken erz\u00e4hlt.","og_url":"https:\/\/www.norbert.de\/index.php\/stories\/bei-hausbesetzern\/","og_site_name":"Norberts Heimat-Bl\u00e4tter","article_publisher":"https:\/\/www.facebook.com\/norbert.schlia","article_modified_time":"2025-11-02T11:51:42+00:00","og_image":[{"url":"https:\/\/www.norbert.de\/wp-content\/uploads\/2025\/11\/PlumpesVorgehen1.png","width":1024,"height":1024,"type":"image\/png"}],"twitter_card":"summary_large_image","twitter_misc":{"Gesch\u00e4tzte Lesezeit":"3\u00a0Minuten"},"schema":{"@context":"https:\/\/schema.org","@graph":[{"@type":"WebPage","@id":"https:\/\/www.norbert.de\/index.php\/stories\/bei-hausbesetzern\/","url":"https:\/\/www.norbert.de\/index.php\/stories\/bei-hausbesetzern\/","name":"Plumpe Vorgehensweise \u2013 Wenn die Polizei f\u00fcr Ruhe sorgt","isPartOf":{"@id":"https:\/\/www.norbert.de\/#website"},"primaryImageOfPage":{"@id":"https:\/\/www.norbert.de\/index.php\/stories\/bei-hausbesetzern\/#primaryimage"},"image":{"@id":"https:\/\/www.norbert.de\/index.php\/stories\/bei-hausbesetzern\/#primaryimage"},"thumbnailUrl":"https:\/\/www.norbert.de\/wp-content\/uploads\/2025\/11\/PlumpesVorgehen1.png","datePublished":"2025-10-28T10:53:02+00:00","dateModified":"2025-11-02T11:51:42+00:00","description":"Eine wahre Geschichte aus den 1980ern: Besetzer, Neonazis, eine \u00fcberforderte Streife und ein Mann im Unterhemd. Satirisch, ruhig und herrlich trocken erz\u00e4hlt.","breadcrumb":{"@id":"https:\/\/www.norbert.de\/index.php\/stories\/bei-hausbesetzern\/#breadcrumb"},"inLanguage":"de","potentialAction":[{"@type":"ReadAction","target":["https:\/\/www.norbert.de\/index.php\/stories\/bei-hausbesetzern\/"]}]},{"@type":"ImageObject","inLanguage":"de","@id":"https:\/\/www.norbert.de\/index.php\/stories\/bei-hausbesetzern\/#primaryimage","url":"https:\/\/www.norbert.de\/wp-content\/uploads\/2025\/11\/PlumpesVorgehen1.png","contentUrl":"https:\/\/www.norbert.de\/wp-content\/uploads\/2025\/11\/PlumpesVorgehen1.png","width":1024,"height":1024},{"@type":"BreadcrumbList","@id":"https:\/\/www.norbert.de\/index.php\/stories\/bei-hausbesetzern\/#breadcrumb","itemListElement":[{"@type":"ListItem","position":1,"name":"Startseite","item":"https:\/\/www.norbert.de\/"},{"@type":"ListItem","position":2,"name":"Geschichten aus dem echten Leben","item":"https:\/\/www.norbert.de\/index.php\/stories\/"},{"@type":"ListItem","position":3,"name":"Bei Hausbesetzern"}]},{"@type":"WebSite","@id":"https:\/\/www.norbert.de\/#website","url":"https:\/\/www.norbert.de\/","name":"Norbert's Heimat-Bl\u00e4tter","description":"Das Relaunch meiner Homepages","publisher":{"@id":"https:\/\/www.norbert.de\/#\/schema\/person\/3b432252d8fc5c17e6b449df5a355023"},"potentialAction":[{"@type":"SearchAction","target":{"@type":"EntryPoint","urlTemplate":"https:\/\/www.norbert.de\/?s={search_term_string}"},"query-input":{"@type":"PropertyValueSpecification","valueRequired":true,"valueName":"search_term_string"}}],"inLanguage":"de"},{"@type":["Person","Organization"],"@id":"https:\/\/www.norbert.de\/#\/schema\/person\/3b432252d8fc5c17e6b449df5a355023","name":"norbert","image":{"@type":"ImageObject","inLanguage":"de","@id":"https:\/\/www.norbert.de\/#\/schema\/person\/image\/","url":"https:\/\/www.norbert.de\/wp-content\/uploads\/2025\/10\/Selfie-scaled.jpg","contentUrl":"https:\/\/www.norbert.de\/wp-content\/uploads\/2025\/10\/Selfie-scaled.jpg","width":2560,"height":2072,"caption":"norbert"},"logo":{"@id":"https:\/\/www.norbert.de\/#\/schema\/person\/image\/"},"sameAs":["https:\/\/www.norbert.de","https:\/\/www.facebook.com\/norbert.schlia","https:\/\/www.instagram.com\/norbertschlia\/","https:\/\/www.linkedin.com\/in\/norbertschlia\/","https:\/\/www.youtube.com\/nschlia"]}]}},"_links":{"self":[{"href":"https:\/\/www.norbert.de\/index.php\/wp-json\/wp\/v2\/pages\/10021","targetHints":{"allow":["GET"]}}],"collection":[{"href":"https:\/\/www.norbert.de\/index.php\/wp-json\/wp\/v2\/pages"}],"about":[{"href":"https:\/\/www.norbert.de\/index.php\/wp-json\/wp\/v2\/types\/page"}],"author":[{"embeddable":true,"href":"https:\/\/www.norbert.de\/index.php\/wp-json\/wp\/v2\/users\/1"}],"replies":[{"embeddable":true,"href":"https:\/\/www.norbert.de\/index.php\/wp-json\/wp\/v2\/comments?post=10021"}],"version-history":[{"count":3,"href":"https:\/\/www.norbert.de\/index.php\/wp-json\/wp\/v2\/pages\/10021\/revisions"}],"predecessor-version":[{"id":10207,"href":"https:\/\/www.norbert.de\/index.php\/wp-json\/wp\/v2\/pages\/10021\/revisions\/10207"}],"up":[{"embeddable":true,"href":"https:\/\/www.norbert.de\/index.php\/wp-json\/wp\/v2\/pages\/35"}],"wp:attachment":[{"href":"https:\/\/www.norbert.de\/index.php\/wp-json\/wp\/v2\/media?parent=10021"}],"curies":[{"name":"wp","href":"https:\/\/api.w.org\/{rel}","templated":true}]}}