{"id":10017,"date":"2025-10-28T11:52:35","date_gmt":"2025-10-28T10:52:35","guid":{"rendered":"https:\/\/relaunch.norbert.de\/?page_id=10017"},"modified":"2025-10-29T11:33:51","modified_gmt":"2025-10-29T10:33:51","slug":"der-motorradausflug","status":"publish","type":"page","link":"https:\/\/www.norbert.de\/index.php\/stories\/der-motorradausflug\/","title":{"rendered":"Der Motorradausflug"},"content":{"rendered":"\n<div class=\"wp-block-columns is-layout-flex wp-container-core-columns-is-layout-9d6595d7 wp-block-columns-is-layout-flex\">\n<div class=\"wp-block-column is-layout-flow wp-block-column-is-layout-flow\" style=\"flex-basis:66.66%\">\n<h2 class=\"wp-block-heading\">Falscher Gag zur falschen Zeit<\/h2>\n\n\n\n<h3 class=\"wp-block-heading\">Motorradtour mit Folgen \u2013 oder: Die Polizei hat keinen Humor, von dem sie w\u00fcsste<\/h3>\n\n\n\n<p>Mein gro\u00dfes Mundwerk.<br>Ein flotter Spruch kann manchmal sehr schnell sehr teuer werden.<br>Ich finde ihn aber immer noch zum Br\u00fcllen \u2026<\/p>\n\n\n\n<p>Wie ich die Leute kennengelernt habe, wei\u00df ich nicht mehr. Jedenfalls war ich \u00f6fter zu Besuch bei ein paar Bikern, die auf einem Gel\u00e4nde in der N\u00e4he ein Vereinsheim und einige Garagen hatten \u2013 ihre Schrauberh\u00f6hle, ihr Reich.<\/p>\n\n\n\n<p>Der damalige Pr\u00e4si hatte mich ins Herz geschlossen. Er meinte mal, ich sei \u201eder Sohn, den er nie hatte\u201c.<\/p>\n\n\n\n<p>Gerade in dieser Zeit hatte ich frisch meine F\u00fchrerscheinpr\u00fcfung bestanden \u2013 Auto und Motorrad in einem Aufwasch. Zur Feier schenkte mir der Pr\u00e4si einen Ausflug mit seinem Bike.<\/p>\n\n\n\n<p>Und was f\u00fcr ein Bike!<br>Ein Traum f\u00fcr Easy-Rider-Fans \u2013 mit einer Gabel so lang wie der R\u00fcssel eines Elefanten und einem Wendekreis wie ein mittlerer Flugzeugtr\u00e4ger. Gewicht: entsprechend.<\/p>\n\n\n\n<p>Um an den Lenker zu kommen, musste man fast aufstehen. Ich hing im Sattel wie ein Jockey auf Speed. Schaltung und Fu\u00dfbremse waren so weit vorne, dass ich die Beine grotesk ausstrecken musste \u2013 wie ein K\u00e4fer auf dem R\u00fccken.<\/p>\n\n\n\n<p>Der \u201eAuspuff\u201c bestand aus vier sich weit \u00f6ffnenden Rohren, die direkt neben dem Kopf endeten. Vermutlich w\u00e4re es leiser gewesen, wenn man sie ganz weggelassen h\u00e4tte.<\/p>\n\n\n\n<p>Am Lenker hingen Lederb\u00e4nder, die mir beim Fahren st\u00e4ndig ins Gesicht peitschten. Danach hatte ich Striemen an den Wangen.<br>Kr\u00f6nung des Ganzen: ein verchromter Wehrmachtshelm \u2013 cool, gl\u00e4nzend, erstaunlich leicht.<\/p>\n\n\n\n<p>Nat\u00fcrlich kam, was kommen musste: eine Polizeikontrolle.<br>Der Beamte: \u201eFahren ohne Helm. Macht 30 Mark.\u201c<br>Ich: \u201eMit dem Helm ist mein Opa aber bis fast nach Moskau gefahren \u2013 ohne Probleme!\u201c<\/p>\n\n\n\n<p>Kurzes Z\u00f6gern. Dann trocken:<br>\u201eZeigen Sie bitte die Papiere nochmal. Der Auspuff \u2026 ist der eingetragen?\u201c<\/p>\n\n\n\n<p>Ende vom Lied:<br>M\u00e4ngelanzeige, 60 Mark extra, plus R\u00fcckbau und Vorf\u00fchrung bei der Polizei.<\/p>\n\n\n\n<p>Nach der Tour durch die Pf\u00e4lzer Berge konnte ich tagelang die Arme nicht mehr heben. Mein Nacken war steif wie ein Brett, und die Ohren klingelten noch tagelang \u2013 als h\u00e4tte ich eine Nacht im Glockenturm verbracht.<\/p>\n\n\n\n<p>Ich fragte den Pr\u00e4si sp\u00e4ter, wie er das eigentlich aush\u00e4lt.<br>Er grinste nur.<br>Nach hartn\u00e4ckigem Nachhaken r\u00fcckte er raus:<br>Er fuhr <strong>immer<\/strong> mit Integralhelm und Geh\u00f6rschutz \u2013 aber zwei Stra\u00dfen vor dem Treff kam der Helm in die Satteltasche, St\u00f6psel raus, Stahlhelm auf, und die letzten Meter stilecht.<\/p>\n\n\n\n<p>Man muss ja Eindruck machen.<br>Und manchmal reicht das ja auch schon f\u00fcr \u00c4rger.<\/p>\n<\/div>\n\n\n\n<div class=\"wp-block-column is-layout-flow wp-block-column-is-layout-flow\" style=\"flex-basis:33.33%\">\n<figure class=\"wp-block-image size-large\"><img loading=\"lazy\" decoding=\"async\" width=\"1024\" height=\"683\" src=\"https:\/\/relaunch.norbert.de\/wp-content\/uploads\/2025\/10\/Polizeikontrolle1-1024x683.png\" alt=\"\" class=\"wp-image-10141\" srcset=\"https:\/\/www.norbert.de\/wp-content\/uploads\/2025\/10\/Polizeikontrolle1-1024x683.png 1024w, https:\/\/www.norbert.de\/wp-content\/uploads\/2025\/10\/Polizeikontrolle1-300x200.png 300w, https:\/\/www.norbert.de\/wp-content\/uploads\/2025\/10\/Polizeikontrolle1-768x512.png 768w, https:\/\/www.norbert.de\/wp-content\/uploads\/2025\/10\/Polizeikontrolle1.png 1536w\" sizes=\"auto, (max-width: 1024px) 100vw, 1024px\" \/><\/figure>\n<\/div>\n<\/div>\n","protected":false},"excerpt":{"rendered":"<p>Falscher Gag zur falschen Zeit Motorradtour mit Folgen \u2013 oder: Die Polizei hat keinen Humor, von dem sie w\u00fcsste Mein gro\u00dfes Mundwerk.Ein flotter Spruch kann manchmal sehr schnell sehr teuer werden.Ich finde ihn aber immer noch zum Br\u00fcllen \u2026 Wie ich die Leute kennengelernt habe, wei\u00df ich nicht mehr. Jedenfalls war ich \u00f6fter zu Besuch&#8230;<\/p>\n","protected":false},"author":1,"featured_media":0,"parent":35,"menu_order":40,"comment_status":"closed","ping_status":"closed","template":"","meta":{"_kad_post_transparent":"","_kad_post_title":"","_kad_post_layout":"","_kad_post_sidebar_id":"","_kad_post_content_style":"","_kad_post_vertical_padding":"","_kad_post_feature":"","_kad_post_feature_position":"","_kad_post_header":false,"_kad_post_footer":false,"_kad_post_classname":"","footnotes":""},"class_list":["post-10017","page","type-page","status-publish","hentry"],"yoast_head":"<!-- This site is optimized with the Yoast SEO plugin v26.4 - https:\/\/yoast.com\/wordpress\/plugins\/seo\/ -->\n<title>Der Motorradausflug - Norberts Heimat-Bl\u00e4tter<\/title>\n<meta name=\"robots\" content=\"index, follow, max-snippet:-1, max-image-preview:large, max-video-preview:-1\" \/>\n<link rel=\"canonical\" href=\"https:\/\/www.norbert.de\/index.php\/stories\/der-motorradausflug\/\" \/>\n<meta property=\"og:locale\" content=\"de_DE\" \/>\n<meta property=\"og:type\" content=\"article\" \/>\n<meta property=\"og:title\" content=\"Der Motorradausflug - Norberts Heimat-Bl\u00e4tter\" \/>\n<meta property=\"og:description\" content=\"Falscher Gag zur falschen Zeit Motorradtour mit Folgen \u2013 oder: Die Polizei hat keinen Humor, von dem sie w\u00fcsste Mein gro\u00dfes Mundwerk.Ein flotter Spruch kann manchmal sehr schnell sehr teuer werden.Ich finde ihn aber immer noch zum Br\u00fcllen \u2026 Wie ich die Leute kennengelernt habe, wei\u00df ich nicht mehr. Jedenfalls war ich \u00f6fter zu Besuch...\" \/>\n<meta property=\"og:url\" content=\"https:\/\/www.norbert.de\/index.php\/stories\/der-motorradausflug\/\" \/>\n<meta property=\"og:site_name\" content=\"Norberts Heimat-Bl\u00e4tter\" \/>\n<meta property=\"article:publisher\" content=\"https:\/\/www.facebook.com\/norbert.schlia\" \/>\n<meta property=\"article:modified_time\" content=\"2025-10-29T10:33:51+00:00\" \/>\n<meta property=\"og:image\" content=\"https:\/\/relaunch.norbert.de\/wp-content\/uploads\/2025\/10\/Polizeikontrolle1-1024x683.png\" \/>\n<meta name=\"twitter:card\" content=\"summary_large_image\" \/>\n<meta name=\"twitter:label1\" content=\"Gesch\u00e4tzte Lesezeit\" \/>\n\t<meta name=\"twitter:data1\" content=\"3\u00a0Minuten\" \/>\n<script type=\"application\/ld+json\" class=\"yoast-schema-graph\">{\"@context\":\"https:\/\/schema.org\",\"@graph\":[{\"@type\":\"WebPage\",\"@id\":\"https:\/\/www.norbert.de\/index.php\/stories\/der-motorradausflug\/\",\"url\":\"https:\/\/www.norbert.de\/index.php\/stories\/der-motorradausflug\/\",\"name\":\"Der Motorradausflug - Norberts Heimat-Bl\u00e4tter\",\"isPartOf\":{\"@id\":\"https:\/\/www.norbert.de\/#website\"},\"primaryImageOfPage\":{\"@id\":\"https:\/\/www.norbert.de\/index.php\/stories\/der-motorradausflug\/#primaryimage\"},\"image\":{\"@id\":\"https:\/\/www.norbert.de\/index.php\/stories\/der-motorradausflug\/#primaryimage\"},\"thumbnailUrl\":\"https:\/\/relaunch.norbert.de\/wp-content\/uploads\/2025\/10\/Polizeikontrolle1-1024x683.png\",\"datePublished\":\"2025-10-28T10:52:35+00:00\",\"dateModified\":\"2025-10-29T10:33:51+00:00\",\"breadcrumb\":{\"@id\":\"https:\/\/www.norbert.de\/index.php\/stories\/der-motorradausflug\/#breadcrumb\"},\"inLanguage\":\"de\",\"potentialAction\":[{\"@type\":\"ReadAction\",\"target\":[\"https:\/\/www.norbert.de\/index.php\/stories\/der-motorradausflug\/\"]}]},{\"@type\":\"ImageObject\",\"inLanguage\":\"de\",\"@id\":\"https:\/\/www.norbert.de\/index.php\/stories\/der-motorradausflug\/#primaryimage\",\"url\":\"https:\/\/relaunch.norbert.de\/wp-content\/uploads\/2025\/10\/Polizeikontrolle1-1024x683.png\",\"contentUrl\":\"https:\/\/relaunch.norbert.de\/wp-content\/uploads\/2025\/10\/Polizeikontrolle1-1024x683.png\"},{\"@type\":\"BreadcrumbList\",\"@id\":\"https:\/\/www.norbert.de\/index.php\/stories\/der-motorradausflug\/#breadcrumb\",\"itemListElement\":[{\"@type\":\"ListItem\",\"position\":1,\"name\":\"Startseite\",\"item\":\"https:\/\/www.norbert.de\/\"},{\"@type\":\"ListItem\",\"position\":2,\"name\":\"Geschichten aus dem echten Leben\",\"item\":\"https:\/\/www.norbert.de\/index.php\/stories\/\"},{\"@type\":\"ListItem\",\"position\":3,\"name\":\"Der Motorradausflug\"}]},{\"@type\":\"WebSite\",\"@id\":\"https:\/\/www.norbert.de\/#website\",\"url\":\"https:\/\/www.norbert.de\/\",\"name\":\"Norbert's Heimat-Bl\u00e4tter\",\"description\":\"Das Relaunch meiner Homepages\",\"publisher\":{\"@id\":\"https:\/\/www.norbert.de\/#\/schema\/person\/3b432252d8fc5c17e6b449df5a355023\"},\"potentialAction\":[{\"@type\":\"SearchAction\",\"target\":{\"@type\":\"EntryPoint\",\"urlTemplate\":\"https:\/\/www.norbert.de\/?s={search_term_string}\"},\"query-input\":{\"@type\":\"PropertyValueSpecification\",\"valueRequired\":true,\"valueName\":\"search_term_string\"}}],\"inLanguage\":\"de\"},{\"@type\":[\"Person\",\"Organization\"],\"@id\":\"https:\/\/www.norbert.de\/#\/schema\/person\/3b432252d8fc5c17e6b449df5a355023\",\"name\":\"norbert\",\"image\":{\"@type\":\"ImageObject\",\"inLanguage\":\"de\",\"@id\":\"https:\/\/www.norbert.de\/#\/schema\/person\/image\/\",\"url\":\"https:\/\/www.norbert.de\/wp-content\/uploads\/2025\/10\/Selfie-scaled.jpg\",\"contentUrl\":\"https:\/\/www.norbert.de\/wp-content\/uploads\/2025\/10\/Selfie-scaled.jpg\",\"width\":2560,\"height\":2072,\"caption\":\"norbert\"},\"logo\":{\"@id\":\"https:\/\/www.norbert.de\/#\/schema\/person\/image\/\"},\"sameAs\":[\"https:\/\/www.norbert.de\",\"https:\/\/www.facebook.com\/norbert.schlia\",\"https:\/\/www.instagram.com\/norbertschlia\/\",\"https:\/\/www.linkedin.com\/in\/norbertschlia\/\",\"https:\/\/www.youtube.com\/nschlia\"]}]}<\/script>\n<!-- \/ Yoast SEO plugin. -->","yoast_head_json":{"title":"Der Motorradausflug - Norberts Heimat-Bl\u00e4tter","robots":{"index":"index","follow":"follow","max-snippet":"max-snippet:-1","max-image-preview":"max-image-preview:large","max-video-preview":"max-video-preview:-1"},"canonical":"https:\/\/www.norbert.de\/index.php\/stories\/der-motorradausflug\/","og_locale":"de_DE","og_type":"article","og_title":"Der Motorradausflug - Norberts Heimat-Bl\u00e4tter","og_description":"Falscher Gag zur falschen Zeit Motorradtour mit Folgen \u2013 oder: Die Polizei hat keinen Humor, von dem sie w\u00fcsste Mein gro\u00dfes Mundwerk.Ein flotter Spruch kann manchmal sehr schnell sehr teuer werden.Ich finde ihn aber immer noch zum Br\u00fcllen \u2026 Wie ich die Leute kennengelernt habe, wei\u00df ich nicht mehr. Jedenfalls war ich \u00f6fter zu Besuch...","og_url":"https:\/\/www.norbert.de\/index.php\/stories\/der-motorradausflug\/","og_site_name":"Norberts Heimat-Bl\u00e4tter","article_publisher":"https:\/\/www.facebook.com\/norbert.schlia","article_modified_time":"2025-10-29T10:33:51+00:00","og_image":[{"url":"https:\/\/relaunch.norbert.de\/wp-content\/uploads\/2025\/10\/Polizeikontrolle1-1024x683.png","type":"","width":"","height":""}],"twitter_card":"summary_large_image","twitter_misc":{"Gesch\u00e4tzte Lesezeit":"3\u00a0Minuten"},"schema":{"@context":"https:\/\/schema.org","@graph":[{"@type":"WebPage","@id":"https:\/\/www.norbert.de\/index.php\/stories\/der-motorradausflug\/","url":"https:\/\/www.norbert.de\/index.php\/stories\/der-motorradausflug\/","name":"Der Motorradausflug - Norberts Heimat-Bl\u00e4tter","isPartOf":{"@id":"https:\/\/www.norbert.de\/#website"},"primaryImageOfPage":{"@id":"https:\/\/www.norbert.de\/index.php\/stories\/der-motorradausflug\/#primaryimage"},"image":{"@id":"https:\/\/www.norbert.de\/index.php\/stories\/der-motorradausflug\/#primaryimage"},"thumbnailUrl":"https:\/\/relaunch.norbert.de\/wp-content\/uploads\/2025\/10\/Polizeikontrolle1-1024x683.png","datePublished":"2025-10-28T10:52:35+00:00","dateModified":"2025-10-29T10:33:51+00:00","breadcrumb":{"@id":"https:\/\/www.norbert.de\/index.php\/stories\/der-motorradausflug\/#breadcrumb"},"inLanguage":"de","potentialAction":[{"@type":"ReadAction","target":["https:\/\/www.norbert.de\/index.php\/stories\/der-motorradausflug\/"]}]},{"@type":"ImageObject","inLanguage":"de","@id":"https:\/\/www.norbert.de\/index.php\/stories\/der-motorradausflug\/#primaryimage","url":"https:\/\/relaunch.norbert.de\/wp-content\/uploads\/2025\/10\/Polizeikontrolle1-1024x683.png","contentUrl":"https:\/\/relaunch.norbert.de\/wp-content\/uploads\/2025\/10\/Polizeikontrolle1-1024x683.png"},{"@type":"BreadcrumbList","@id":"https:\/\/www.norbert.de\/index.php\/stories\/der-motorradausflug\/#breadcrumb","itemListElement":[{"@type":"ListItem","position":1,"name":"Startseite","item":"https:\/\/www.norbert.de\/"},{"@type":"ListItem","position":2,"name":"Geschichten aus dem echten Leben","item":"https:\/\/www.norbert.de\/index.php\/stories\/"},{"@type":"ListItem","position":3,"name":"Der Motorradausflug"}]},{"@type":"WebSite","@id":"https:\/\/www.norbert.de\/#website","url":"https:\/\/www.norbert.de\/","name":"Norbert's Heimat-Bl\u00e4tter","description":"Das Relaunch meiner Homepages","publisher":{"@id":"https:\/\/www.norbert.de\/#\/schema\/person\/3b432252d8fc5c17e6b449df5a355023"},"potentialAction":[{"@type":"SearchAction","target":{"@type":"EntryPoint","urlTemplate":"https:\/\/www.norbert.de\/?s={search_term_string}"},"query-input":{"@type":"PropertyValueSpecification","valueRequired":true,"valueName":"search_term_string"}}],"inLanguage":"de"},{"@type":["Person","Organization"],"@id":"https:\/\/www.norbert.de\/#\/schema\/person\/3b432252d8fc5c17e6b449df5a355023","name":"norbert","image":{"@type":"ImageObject","inLanguage":"de","@id":"https:\/\/www.norbert.de\/#\/schema\/person\/image\/","url":"https:\/\/www.norbert.de\/wp-content\/uploads\/2025\/10\/Selfie-scaled.jpg","contentUrl":"https:\/\/www.norbert.de\/wp-content\/uploads\/2025\/10\/Selfie-scaled.jpg","width":2560,"height":2072,"caption":"norbert"},"logo":{"@id":"https:\/\/www.norbert.de\/#\/schema\/person\/image\/"},"sameAs":["https:\/\/www.norbert.de","https:\/\/www.facebook.com\/norbert.schlia","https:\/\/www.instagram.com\/norbertschlia\/","https:\/\/www.linkedin.com\/in\/norbertschlia\/","https:\/\/www.youtube.com\/nschlia"]}]}},"_links":{"self":[{"href":"https:\/\/www.norbert.de\/index.php\/wp-json\/wp\/v2\/pages\/10017","targetHints":{"allow":["GET"]}}],"collection":[{"href":"https:\/\/www.norbert.de\/index.php\/wp-json\/wp\/v2\/pages"}],"about":[{"href":"https:\/\/www.norbert.de\/index.php\/wp-json\/wp\/v2\/types\/page"}],"author":[{"embeddable":true,"href":"https:\/\/www.norbert.de\/index.php\/wp-json\/wp\/v2\/users\/1"}],"replies":[{"embeddable":true,"href":"https:\/\/www.norbert.de\/index.php\/wp-json\/wp\/v2\/comments?post=10017"}],"version-history":[{"count":3,"href":"https:\/\/www.norbert.de\/index.php\/wp-json\/wp\/v2\/pages\/10017\/revisions"}],"predecessor-version":[{"id":10142,"href":"https:\/\/www.norbert.de\/index.php\/wp-json\/wp\/v2\/pages\/10017\/revisions\/10142"}],"up":[{"embeddable":true,"href":"https:\/\/www.norbert.de\/index.php\/wp-json\/wp\/v2\/pages\/35"}],"wp:attachment":[{"href":"https:\/\/www.norbert.de\/index.php\/wp-json\/wp\/v2\/media?parent=10017"}],"curies":[{"name":"wp","href":"https:\/\/api.w.org\/{rel}","templated":true}]}}