{"id":10015,"date":"2025-10-28T11:52:23","date_gmt":"2025-10-28T10:52:23","guid":{"rendered":"https:\/\/relaunch.norbert.de\/?page_id=10015"},"modified":"2025-10-28T12:35:02","modified_gmt":"2025-10-28T11:35:02","slug":"datenschlamperei","status":"publish","type":"page","link":"https:\/\/www.norbert.de\/index.php\/stories\/datenschlamperei\/","title":{"rendered":"Datenschlamperei"},"content":{"rendered":"\n<div class=\"wp-block-columns is-layout-flex wp-container-core-columns-is-layout-9d6595d7 wp-block-columns-is-layout-flex\">\n<div class=\"wp-block-column is-layout-flow wp-block-column-is-layout-flow\" style=\"flex-basis:66.66%\">\n<h2 class=\"wp-block-heading\">Keiner sichert seine Daten<\/h2>\n\n\n\n<p>Eine echte Schlamperei, wie die Firmen mit unseren Daten umgehen!<br><strong>Datenschlamperei!<\/strong><\/p>\n\n\n\n<p>Es ist kein Wunder, dass st\u00e4ndig Skandale ruchbar werden, weil irgendwem Kundendaten geklaut wurden.<br>Sogar bei Amazon oder PayPal \u2013 unglaubliche Zust\u00e4nde!<\/p>\n\n\n\n<p>Wie oft die mir schon Mails geschickt und sich eingeschleimt haben:<br>\u201eWir brauchen Ihre Mitarbeit \u2026\u201c<br>Und dann muss <em>ich<\/em> meine Adresse und Kreditkartendaten neu eingeben.<br>Haben die denn keine Fachkr\u00e4fte, die das machen k\u00f6nnen?<\/p>\n\n\n\n<p>Bestimmt zweimal pro Woche passiert das \u2013 bei Amazon, eBay, Yahoo oder auch bei meinem Baumarkt.<br>Und jedes Mal darf ich wieder meine Kontonummer angeben.<\/p>\n\n\n\n<p>Sogar Banken, bei denen ich gar kein Konto habe, verlieren meine Daten!<br>Als Letztes zum Beispiel die Sparkasse Oberlausitz.<br>Und wieder habe ich meine Adresse, meine Kreditkartendaten und meine Kontonummer eintippen d\u00fcrfen.<\/p>\n\n\n\n<p>Das nervt!<br>Aber wenigstens helfe ich ja mit, dass sie ihre Daten wiederbekommen.<\/p>\n<\/div>\n\n\n\n<div class=\"wp-block-column is-layout-flow wp-block-column-is-layout-flow\" style=\"flex-basis:33.33%\"><\/div>\n<\/div>\n","protected":false},"excerpt":{"rendered":"<p>Keiner sichert seine Daten Eine echte Schlamperei, wie die Firmen mit unseren Daten umgehen!Datenschlamperei! Es ist kein Wunder, dass st\u00e4ndig Skandale ruchbar werden, weil irgendwem Kundendaten geklaut wurden.Sogar bei Amazon oder PayPal \u2013 unglaubliche Zust\u00e4nde! Wie oft die mir schon Mails geschickt und sich eingeschleimt haben:\u201eWir brauchen Ihre Mitarbeit \u2026\u201cUnd dann muss ich meine Adresse&#8230;<\/p>\n","protected":false},"author":1,"featured_media":0,"parent":35,"menu_order":50,"comment_status":"closed","ping_status":"closed","template":"","meta":{"_kad_post_transparent":"","_kad_post_title":"","_kad_post_layout":"","_kad_post_sidebar_id":"","_kad_post_content_style":"","_kad_post_vertical_padding":"","_kad_post_feature":"","_kad_post_feature_position":"","_kad_post_header":false,"_kad_post_footer":false,"_kad_post_classname":"","footnotes":""},"class_list":["post-10015","page","type-page","status-publish","hentry"],"yoast_head":"<!-- This site is optimized with the Yoast SEO plugin v26.4 - https:\/\/yoast.com\/wordpress\/plugins\/seo\/ -->\n<title>Keiner sichert seine Daten \u2013 Eine digitale Verwechslung<\/title>\n<meta name=\"description\" content=\"Satirische Alltagsgeschichte \u00fcber vermeintliche Datensicherheit: Wenn der Erz\u00e4hler brav jede Phishing-Mail beantwortet und sich \u00fcber die \u201eSchlamperei\u201c der anderen wundert.\" \/>\n<meta name=\"robots\" content=\"index, follow, max-snippet:-1, max-image-preview:large, max-video-preview:-1\" \/>\n<link rel=\"canonical\" href=\"https:\/\/www.norbert.de\/index.php\/stories\/datenschlamperei\/\" \/>\n<meta property=\"og:locale\" content=\"de_DE\" \/>\n<meta property=\"og:type\" content=\"article\" \/>\n<meta property=\"og:title\" content=\"Keiner sichert seine Daten \u2013 Eine digitale Verwechslung\" \/>\n<meta property=\"og:description\" content=\"Satirische Alltagsgeschichte \u00fcber vermeintliche Datensicherheit: Wenn der Erz\u00e4hler brav jede Phishing-Mail beantwortet und sich \u00fcber die \u201eSchlamperei\u201c der anderen wundert.\" \/>\n<meta property=\"og:url\" content=\"https:\/\/www.norbert.de\/index.php\/stories\/datenschlamperei\/\" \/>\n<meta property=\"og:site_name\" content=\"Norberts Heimat-Bl\u00e4tter\" \/>\n<meta property=\"article:publisher\" content=\"https:\/\/www.facebook.com\/norbert.schlia\" \/>\n<meta property=\"article:modified_time\" content=\"2025-10-28T11:35:02+00:00\" \/>\n<meta name=\"twitter:card\" content=\"summary_large_image\" \/>\n<meta name=\"twitter:label1\" content=\"Gesch\u00e4tzte Lesezeit\" \/>\n\t<meta name=\"twitter:data1\" content=\"1\u00a0Minute\" \/>\n<script type=\"application\/ld+json\" class=\"yoast-schema-graph\">{\"@context\":\"https:\/\/schema.org\",\"@graph\":[{\"@type\":\"WebPage\",\"@id\":\"https:\/\/www.norbert.de\/index.php\/stories\/datenschlamperei\/\",\"url\":\"https:\/\/www.norbert.de\/index.php\/stories\/datenschlamperei\/\",\"name\":\"Keiner sichert seine Daten \u2013 Eine digitale Verwechslung\",\"isPartOf\":{\"@id\":\"https:\/\/www.norbert.de\/#website\"},\"datePublished\":\"2025-10-28T10:52:23+00:00\",\"dateModified\":\"2025-10-28T11:35:02+00:00\",\"description\":\"Satirische Alltagsgeschichte \u00fcber vermeintliche Datensicherheit: Wenn der Erz\u00e4hler brav jede Phishing-Mail beantwortet und sich \u00fcber die \u201eSchlamperei\u201c der anderen wundert.\",\"breadcrumb\":{\"@id\":\"https:\/\/www.norbert.de\/index.php\/stories\/datenschlamperei\/#breadcrumb\"},\"inLanguage\":\"de\",\"potentialAction\":[{\"@type\":\"ReadAction\",\"target\":[\"https:\/\/www.norbert.de\/index.php\/stories\/datenschlamperei\/\"]}]},{\"@type\":\"BreadcrumbList\",\"@id\":\"https:\/\/www.norbert.de\/index.php\/stories\/datenschlamperei\/#breadcrumb\",\"itemListElement\":[{\"@type\":\"ListItem\",\"position\":1,\"name\":\"Startseite\",\"item\":\"https:\/\/www.norbert.de\/\"},{\"@type\":\"ListItem\",\"position\":2,\"name\":\"Geschichten aus dem echten Leben\",\"item\":\"https:\/\/www.norbert.de\/index.php\/stories\/\"},{\"@type\":\"ListItem\",\"position\":3,\"name\":\"Datenschlamperei\"}]},{\"@type\":\"WebSite\",\"@id\":\"https:\/\/www.norbert.de\/#website\",\"url\":\"https:\/\/www.norbert.de\/\",\"name\":\"Norbert's Heimat-Bl\u00e4tter\",\"description\":\"Das Relaunch meiner Homepages\",\"publisher\":{\"@id\":\"https:\/\/www.norbert.de\/#\/schema\/person\/3b432252d8fc5c17e6b449df5a355023\"},\"potentialAction\":[{\"@type\":\"SearchAction\",\"target\":{\"@type\":\"EntryPoint\",\"urlTemplate\":\"https:\/\/www.norbert.de\/?s={search_term_string}\"},\"query-input\":{\"@type\":\"PropertyValueSpecification\",\"valueRequired\":true,\"valueName\":\"search_term_string\"}}],\"inLanguage\":\"de\"},{\"@type\":[\"Person\",\"Organization\"],\"@id\":\"https:\/\/www.norbert.de\/#\/schema\/person\/3b432252d8fc5c17e6b449df5a355023\",\"name\":\"norbert\",\"image\":{\"@type\":\"ImageObject\",\"inLanguage\":\"de\",\"@id\":\"https:\/\/www.norbert.de\/#\/schema\/person\/image\/\",\"url\":\"https:\/\/www.norbert.de\/wp-content\/uploads\/2025\/10\/Selfie-scaled.jpg\",\"contentUrl\":\"https:\/\/www.norbert.de\/wp-content\/uploads\/2025\/10\/Selfie-scaled.jpg\",\"width\":2560,\"height\":2072,\"caption\":\"norbert\"},\"logo\":{\"@id\":\"https:\/\/www.norbert.de\/#\/schema\/person\/image\/\"},\"sameAs\":[\"https:\/\/www.norbert.de\",\"https:\/\/www.facebook.com\/norbert.schlia\",\"https:\/\/www.instagram.com\/norbertschlia\/\",\"https:\/\/www.linkedin.com\/in\/norbertschlia\/\",\"https:\/\/www.youtube.com\/nschlia\"]}]}<\/script>\n<!-- \/ Yoast SEO plugin. -->","yoast_head_json":{"title":"Keiner sichert seine Daten \u2013 Eine digitale Verwechslung","description":"Satirische Alltagsgeschichte \u00fcber vermeintliche Datensicherheit: Wenn der Erz\u00e4hler brav jede Phishing-Mail beantwortet und sich \u00fcber die \u201eSchlamperei\u201c der anderen wundert.","robots":{"index":"index","follow":"follow","max-snippet":"max-snippet:-1","max-image-preview":"max-image-preview:large","max-video-preview":"max-video-preview:-1"},"canonical":"https:\/\/www.norbert.de\/index.php\/stories\/datenschlamperei\/","og_locale":"de_DE","og_type":"article","og_title":"Keiner sichert seine Daten \u2013 Eine digitale Verwechslung","og_description":"Satirische Alltagsgeschichte \u00fcber vermeintliche Datensicherheit: Wenn der Erz\u00e4hler brav jede Phishing-Mail beantwortet und sich \u00fcber die \u201eSchlamperei\u201c der anderen wundert.","og_url":"https:\/\/www.norbert.de\/index.php\/stories\/datenschlamperei\/","og_site_name":"Norberts Heimat-Bl\u00e4tter","article_publisher":"https:\/\/www.facebook.com\/norbert.schlia","article_modified_time":"2025-10-28T11:35:02+00:00","twitter_card":"summary_large_image","twitter_misc":{"Gesch\u00e4tzte Lesezeit":"1\u00a0Minute"},"schema":{"@context":"https:\/\/schema.org","@graph":[{"@type":"WebPage","@id":"https:\/\/www.norbert.de\/index.php\/stories\/datenschlamperei\/","url":"https:\/\/www.norbert.de\/index.php\/stories\/datenschlamperei\/","name":"Keiner sichert seine Daten \u2013 Eine digitale Verwechslung","isPartOf":{"@id":"https:\/\/www.norbert.de\/#website"},"datePublished":"2025-10-28T10:52:23+00:00","dateModified":"2025-10-28T11:35:02+00:00","description":"Satirische Alltagsgeschichte \u00fcber vermeintliche Datensicherheit: Wenn der Erz\u00e4hler brav jede Phishing-Mail beantwortet und sich \u00fcber die \u201eSchlamperei\u201c der anderen wundert.","breadcrumb":{"@id":"https:\/\/www.norbert.de\/index.php\/stories\/datenschlamperei\/#breadcrumb"},"inLanguage":"de","potentialAction":[{"@type":"ReadAction","target":["https:\/\/www.norbert.de\/index.php\/stories\/datenschlamperei\/"]}]},{"@type":"BreadcrumbList","@id":"https:\/\/www.norbert.de\/index.php\/stories\/datenschlamperei\/#breadcrumb","itemListElement":[{"@type":"ListItem","position":1,"name":"Startseite","item":"https:\/\/www.norbert.de\/"},{"@type":"ListItem","position":2,"name":"Geschichten aus dem echten Leben","item":"https:\/\/www.norbert.de\/index.php\/stories\/"},{"@type":"ListItem","position":3,"name":"Datenschlamperei"}]},{"@type":"WebSite","@id":"https:\/\/www.norbert.de\/#website","url":"https:\/\/www.norbert.de\/","name":"Norbert's Heimat-Bl\u00e4tter","description":"Das Relaunch meiner Homepages","publisher":{"@id":"https:\/\/www.norbert.de\/#\/schema\/person\/3b432252d8fc5c17e6b449df5a355023"},"potentialAction":[{"@type":"SearchAction","target":{"@type":"EntryPoint","urlTemplate":"https:\/\/www.norbert.de\/?s={search_term_string}"},"query-input":{"@type":"PropertyValueSpecification","valueRequired":true,"valueName":"search_term_string"}}],"inLanguage":"de"},{"@type":["Person","Organization"],"@id":"https:\/\/www.norbert.de\/#\/schema\/person\/3b432252d8fc5c17e6b449df5a355023","name":"norbert","image":{"@type":"ImageObject","inLanguage":"de","@id":"https:\/\/www.norbert.de\/#\/schema\/person\/image\/","url":"https:\/\/www.norbert.de\/wp-content\/uploads\/2025\/10\/Selfie-scaled.jpg","contentUrl":"https:\/\/www.norbert.de\/wp-content\/uploads\/2025\/10\/Selfie-scaled.jpg","width":2560,"height":2072,"caption":"norbert"},"logo":{"@id":"https:\/\/www.norbert.de\/#\/schema\/person\/image\/"},"sameAs":["https:\/\/www.norbert.de","https:\/\/www.facebook.com\/norbert.schlia","https:\/\/www.instagram.com\/norbertschlia\/","https:\/\/www.linkedin.com\/in\/norbertschlia\/","https:\/\/www.youtube.com\/nschlia"]}]}},"_links":{"self":[{"href":"https:\/\/www.norbert.de\/index.php\/wp-json\/wp\/v2\/pages\/10015","targetHints":{"allow":["GET"]}}],"collection":[{"href":"https:\/\/www.norbert.de\/index.php\/wp-json\/wp\/v2\/pages"}],"about":[{"href":"https:\/\/www.norbert.de\/index.php\/wp-json\/wp\/v2\/types\/page"}],"author":[{"embeddable":true,"href":"https:\/\/www.norbert.de\/index.php\/wp-json\/wp\/v2\/users\/1"}],"replies":[{"embeddable":true,"href":"https:\/\/www.norbert.de\/index.php\/wp-json\/wp\/v2\/comments?post=10015"}],"version-history":[{"count":2,"href":"https:\/\/www.norbert.de\/index.php\/wp-json\/wp\/v2\/pages\/10015\/revisions"}],"predecessor-version":[{"id":10049,"href":"https:\/\/www.norbert.de\/index.php\/wp-json\/wp\/v2\/pages\/10015\/revisions\/10049"}],"up":[{"embeddable":true,"href":"https:\/\/www.norbert.de\/index.php\/wp-json\/wp\/v2\/pages\/35"}],"wp:attachment":[{"href":"https:\/\/www.norbert.de\/index.php\/wp-json\/wp\/v2\/media?parent=10015"}],"curies":[{"name":"wp","href":"https:\/\/api.w.org\/{rel}","templated":true}]}}